{"id":44642,"date":"2022-06-13T09:16:10","date_gmt":"2022-06-13T09:16:10","guid":{"rendered":"https:\/\/translinguoglobal.com\/werbeuebersetzungsdienste\/"},"modified":"2023-03-15T13:48:49","modified_gmt":"2023-03-15T12:48:49","slug":"werbeuebersetzungsdienste","status":"publish","type":"page","link":"https:\/\/translinguoglobal.com\/de\/werbeuebersetzungsdienste\/","title":{"rendered":"Werbe\u00fcbersetzungsdienste"},"content":{"rendered":"<p>Heutzutage spielt eine Form der Kommunikation wie die <a href=\"https:\/\/de.wikipedia.org\/wiki\/Werbung\" target=\"_blank\" rel=\"noopener\">Werbung<\/a> eine sehr wichtige Rolle in der Gesellschaft. Wie wir alle wissen besteht Werbung darin Informationen zu vermitteln, um die \u00d6ffentlichkeit zu \u00fcberzeugen. Eine ihrer Funktionen besteht darin den Verbrauch eines Produkts zu steigern oder das Image einer Marke zu verbessern. Dazu muss ein Produkt, eine Marke oder ein Unternehmen weltweit bekannt sein. Sie m\u00fcssen sich also an die Welt der \u00dcbersetzung wenden, um auf dem internationalen Markt Fu\u00df fassen zu k\u00f6nnen.<\/p>\n<h3 style=\"text-align: center;\"><strong>Worin bestehen diese Dienstleistungen?<\/strong><\/h3>\n<p>Die \u00dcbersetzung von Werbung geht weit \u00fcber eine einfache \u00dcbersetzung hinaus, da sie an den kulturellen Kontext der jeweiligen Sprache angepasst werden muss. Dar\u00fcber hinaus steht die Funktion des Ausgangstextes im Mittelpunkt. Dies bedeutet, dass die Botschaft oft ge\u00e4ndert werden muss, um das gleiche Gef\u00fchl wie der Zieltext zu vermitteln.<\/p>\n<p>Ein Werbe\u00fcbersetzer muss \u00fcber Erfahrung in der Lokalisierung von Werbeinhalten sowie \u00fcber Kenntnisse der jeweiligen Kultur und Sprache verf\u00fcgen. Es ist ratsam f\u00fcr diese Art von \u00dcbersetzung muttersprachliche \u00dcbersetzer einzusetzen. Das Wichtigste ist jedoch, dass der \u00dcbersetzer die Sprache und ihre Kultur genau kennt. Die \u00dcbersetzung von Werbetexten ist eine schwierige Aufgabe, da ihr Konsum von der Qualit\u00e4t der \u00dcbersetzung durch den Werbe\u00fcbersetzer abh\u00e4ngt.<\/p>\n<h3 style=\"text-align: center;\"><strong>Was \u00fcbersetzen Werbe\u00fcbersetzer?<\/strong><\/h3>\n<p>So wie es viele Arten von Werbung gibt, k\u00f6nnen \u00dcbersetzer verschiedene Arten von <strong>Werbe\u00fcbersetzungen <\/strong>durchf\u00fchren. Dies h\u00e4ngt von der Aufgabe die das Unternehmen oder die Firma stellt sowie von ihren Spezialisierungen ab.<\/p>\n<p>Zu den Leistungen die ein Werbe\u00fcbersetzer erbringen kann geh\u00f6ren: \u00dcbersetzung von Anzeigen, Brosch\u00fcren, Katalogen, Webseiten, Slogans und Werbespr\u00fcchen. Sie k\u00f6nnen auch Werbekampagnen, Pressemitteilungen, Plakate oder sogar Fernsehwerbung \u00fcbersetzen.<\/p>\n<p>Wie wir sehen k\u00f6nnen ist alles was oben erw\u00e4hnt wurde mit einem hohen Ma\u00df an Kreativit\u00e4t verbunden. Denn Werbe\u00fcbersetzer sind nicht nur auf Werbung spezialisiert, sie sind auch kreativ.<\/p>\n<h3 style=\"text-align: center;\"><strong>Beispiele f\u00fcr Werbe\u00fcbersetzungen<\/strong><\/h3>\n<p>Wie bereits erw\u00e4hnt, ist die \u00dcbersetzung von Werbung keine leichte Aufgabe und erfordert eine professionelle Ausbildung. Daher m\u00fcssen die Unternehmen professionelle, auf Werbung spezialisierte \u00dcbersetzer einsetzen, um bei der Zielgruppe die gleichen Gef\u00fchle zu wecken. Andererseits m\u00fcssen die \u00dcbersetzer kreativ genug sein, damit die Werbung das Publikum \u00fcberzeugen kann.<\/p>\n<p>Da die Hauptfunktion der Werbung darin besteht die Aufmerksamkeit des Publikums zu erregen, kann dieses Ziel durch die \u00dcbersetzung leicht erreicht werden. Dar\u00fcber hinaus wird Ihr Unternehmen oder Ihr Produkt durch die \u00dcbersetzung dieser Werbung internationalisiert, so dass es ein gr\u00f6\u00dferes Publikum erreicht wird. Dies steigert den Konsum des Beworbenen.<\/p>\n<p>Besuchen Sie unsere Profile auf <a title=\"Translinguo Global\" href=\"https:\/\/www.facebook.com\/translinguoglobal\" target=\"_blank\" rel=\"noopener\">Facebook<\/a>, <a title=\"Translinguo Global\" href=\"https:\/\/www.instagram.com\/translinguoglobal\/\" target=\"_blank\" rel=\"noopener\">Instagram<\/a> und <a title=\"Trasnslinguo Global\" href=\"https:\/\/es.linkedin.com\/company\/agencia-de-traduccion-translinguo-global\" target=\"_blank\" rel=\"noopener\">Linkedin.<\/a><\/p>\n","protected":false},"excerpt":{"rendered":"<p>Heutzutage spielt eine Form der Kommunikation wie die Werbung eine sehr wichtige Rolle in der Gesellschaft. Wie wir alle wissen besteht Werbung darin Informationen zu vermitteln, um die \u00d6ffentlichkeit zu \u00fcberzeugen. Eine ihrer Funktionen besteht darin den Verbrauch eines Produkts zu steigern oder das Image einer Marke zu verbessern. Dazu muss ein Produkt, eine Marke [&hellip;]<\/p>\n","protected":false},"author":3,"featured_media":38155,"parent":0,"menu_order":0,"comment_status":"closed","ping_status":"closed","template":"","meta":{"_crdt_document":"","inline_featured_image":false,"site-sidebar-layout":"default","site-content-layout":"default","ast-site-content-layout":"default","site-content-style":"default","site-sidebar-style":"default","ast-global-header-display":"","ast-banner-title-visibility":"","ast-main-header-display":"","ast-hfb-above-header-display":"","ast-hfb-below-header-display":"","ast-hfb-mobile-header-display":"","site-post-title":"","ast-breadcrumbs-content":"","ast-featured-img":"","footer-sml-layout":"","ast-disable-related-posts":"","theme-transparent-header-meta":"default","adv-header-id-meta":"","stick-header-meta":"","header-above-stick-meta":"","header-main-stick-meta":"","header-below-stick-meta":"","astra-migrate-meta-layouts":"default","ast-page-background-enabled":"default","ast-page-background-meta":{"desktop":{"background-color":"var(--ast-global-color-4)","background-image":"","background-repeat":"repeat","background-position":"center center","background-size":"auto","background-attachment":"scroll","background-type":"","background-media":"","overlay-type":"","overlay-color":"","overlay-opacity":"","overlay-gradient":""},"tablet":{"background-color":"","background-image":"","background-repeat":"repeat","background-position":"center center","background-size":"auto","background-attachment":"scroll","background-type":"","background-media":"","overlay-type":"","overlay-color":"","overlay-opacity":"","overlay-gradient":""},"mobile":{"background-color":"","background-image":"","background-repeat":"repeat","background-position":"center center","background-size":"auto","background-attachment":"scroll","background-type":"","background-media":"","overlay-type":"","overlay-color":"","overlay-opacity":"","overlay-gradient":""}},"ast-content-background-meta":{"desktop":{"background-color":"var(--ast-global-color-5)","background-image":"","background-repeat":"repeat","background-position":"center center","background-size":"auto","background-attachment":"scroll","background-type":"","background-media":"","overlay-type":"","overlay-color":"","overlay-opacity":"","overlay-gradient":""},"tablet":{"background-color":"var(--ast-global-color-5)","background-image":"","background-repeat":"repeat","background-position":"center center","background-size":"auto","background-attachment":"scroll","background-type":"","background-media":"","overlay-type":"","overlay-color":"","overlay-opacity":"","overlay-gradient":""},"mobile":{"background-color":"var(--ast-global-color-5)","background-image":"","background-repeat":"repeat","background-position":"center center","background-size":"auto","background-attachment":"scroll","background-type":"","background-media":"","overlay-type":"","overlay-color":"","overlay-opacity":"","overlay-gradient":""}},"footnotes":""},"class_list":["post-44642","page","type-page","status-publish","has-post-thumbnail","hentry"],"_links":{"self":[{"href":"https:\/\/translinguoglobal.com\/de\/wp-json\/wp\/v2\/pages\/44642","targetHints":{"allow":["GET"]}}],"collection":[{"href":"https:\/\/translinguoglobal.com\/de\/wp-json\/wp\/v2\/pages"}],"about":[{"href":"https:\/\/translinguoglobal.com\/de\/wp-json\/wp\/v2\/types\/page"}],"author":[{"embeddable":true,"href":"https:\/\/translinguoglobal.com\/de\/wp-json\/wp\/v2\/users\/3"}],"replies":[{"embeddable":true,"href":"https:\/\/translinguoglobal.com\/de\/wp-json\/wp\/v2\/comments?post=44642"}],"version-history":[{"count":0,"href":"https:\/\/translinguoglobal.com\/de\/wp-json\/wp\/v2\/pages\/44642\/revisions"}],"wp:featuredmedia":[{"embeddable":true,"href":"https:\/\/translinguoglobal.com\/de\/wp-json\/wp\/v2\/media\/38155"}],"wp:attachment":[{"href":"https:\/\/translinguoglobal.com\/de\/wp-json\/wp\/v2\/media?parent=44642"}],"curies":[{"name":"wp","href":"https:\/\/api.w.org\/{rel}","templated":true}]}}