{"id":44641,"date":"2022-06-13T09:15:56","date_gmt":"2022-06-13T09:15:56","guid":{"rendered":"https:\/\/translinguoglobal.com\/finanz-uebersetzungsdienste\/"},"modified":"2022-07-14T09:16:03","modified_gmt":"2022-07-14T09:16:03","slug":"finanz-uebersetzungsdienste","status":"publish","type":"page","link":"https:\/\/translinguoglobal.com\/de\/finanz-uebersetzungsdienste\/","title":{"rendered":"Finanz-\u00dcbersetzungsdienste"},"content":{"rendered":"<p>Um potenziellen Kunden ein wenig mehr Hintergrundwissen zu vermitteln, geben wir eine Definition von Finanz\u00fcbersetzung. Die Finanz\u00fcbersetzung ist eine Art von Fach\u00fcbersetzung, die im Bereich der Wirtschaft und Finanzen durchgef\u00fchrt wird. Zu diesem Bereich geh\u00f6ren Finanzm\u00e4rkte, Banken oder auch die B\u00f6rse.<\/p>\n<h3 style=\"text-align: center;\"><strong>Eigenschaften der Finanz\u00fcbersetzung<\/strong><\/h3>\n<p><strong>Finanzielle \u00dcbersetzungsdienstleistungen<\/strong> geh\u00f6ren zweifellos zu den schwierigsten. Die Hauptgr\u00fcnde daf\u00fcr sind die Besonderheiten die dieses Fachgebiet kennzeichnen und seine hohe Komplexit\u00e4t.<\/p>\n<p>Im Folgenden werden wir einige Eigenschaften der Finanz\u00fcbersetzung erl\u00e4utern, um den Lesern den Zusammenhang zu verdeutlichen.<\/p>\n<p>Zun\u00e4chst einmal m\u00fcssen wir die Komplexit\u00e4t der Finanzsprache in den zu \u00fcbersetzenden Texten ber\u00fccksichtigen. Ein Finanztext ist voll von spezifischer Terminologie. Um solche Begriffe zu erkennen und richtig \u00fcbersetzen zu k\u00f6nnen, muss man sich auf dem Gebiet auskennen. Diese Begriffe werden manchmal von einem <a href=\"https:\/\/de.wikipedia.org\/wiki\/Jargon\" target=\"_blank\" rel=\"noopener\">Jargon<\/a> begleitet, der f\u00fcr den Finanzbereich charakteristisch ist. Dies kann unbemerkt bleiben, da es sich in vielen Situationen als Alltagssprache tarnt.<\/p>\n<p>Andererseits m\u00fcssen wir externe Faktoren ber\u00fccksichtigen, z.\u00a0B. wer der Absender und Empf\u00e4nger des Textes ist. H\u00e4ufig handelt es sich bei den Absendern um Fachleute, die \u00fcber ein hohes Ma\u00df an Finanzwissen verf\u00fcgen. Bei den Empf\u00e4ngern hingegen kann es sich sowohl um Fachleute als auch um andere Personen handeln, die gerade erst in die Finanzwelt einsteigen.<\/p>\n<p>Ein guter <strong>Finanz\u00fcbersetzungsdienst<\/strong> wird Aspekte wie die oben genannten analysieren, um einen optimalen Dienst anbieten zu k\u00f6nnen. Auf diese Weise wird sichergestellt, dass die Erwartungen und Bed\u00fcrfnisse der Kunden erf\u00fcllt werden und zwar stets mit einem H\u00f6chstma\u00df an Professionalit\u00e4t.<\/p>\n<h3 style=\"text-align: center;\"><strong>Wann k\u00f6nnen wir eine Finanz\u00fcbersetzung ben\u00f6tigen?<\/strong><\/h3>\n<p>Wir haben bereits erw\u00e4hnt, dass die Finanz\u00fcbersetzung Bereiche wie das Bankwesen, die Finanzm\u00e4rkte und den Aktienmarkt umfasst. In welchen konkreten F\u00e4llen ist jedoch ein <strong>Finanz\u00fcbersetzungsdienst<\/strong> erforderlich? Einige der Szenarien, in denen wir eine Finanz\u00fcbersetzung ben\u00f6tigen, sind die folgenden:<\/p>\n<ul>\n<li>ein ausl\u00e4ndisches Unternehmen beauftragt unser Unternehmen mit der Durchf\u00fchrung einer Marktanalyse;<\/li>\n<li>eine nationale Zeitung bittet um die \u00dcbersetzung von Nachrichten aus einer ausl\u00e4ndischen Zeitung \u00fcber einen Finanzmarkt;<\/li>\n<li>um mit einem gro\u00dfen ausl\u00e4ndischen Unternehmen zu fusionieren, verlangen sie die \u00dcbersetzung unseres letzten Wirtschaftspr\u00fcfungsberichts;<\/li>\n<li>unser Gesch\u00e4ftsplan hat sich auf eine gro\u00dfe ausl\u00e4ndische Holdinggesellschaft ausgewirkt, und diese m\u00f6chte die Fassung in ihrer Sprache haben.<\/li>\n<\/ul>\n<h3 style=\"text-align: center;\"><strong>Warum ist es wichtig einen professionellen Dienst zu haben?<\/strong><\/h3>\n<p>&nbsp;<\/p>\n<p>Bei der Finanz\u00fcbersetzung, aber auch in jedem anderen Bereich der \u00dcbersetzung ist ein professioneller Dienst unerl\u00e4sslich. Die Beauftragung eines professionellen \u00dcbersetzers garantiert den Erfolg der \u00dcbersetzung und stellt sicher, dass die Professionalit\u00e4t zu jeder Zeit gegeben ist.<\/p>\n<p>Denken wir einmal im Kleinen dar\u00fcber nach: Wenn wir nicht wollen, dass uns ein Paar Schuhe wehtut, w\u00e4hlen wir gute, qualitativ hochwertige Schuhe. Das Gleiche gilt f\u00fcr die professionelle \u00dcbersetzung, denn sie sorgt daf\u00fcr, dass l\u00e4stige Schrammen und Wunden vermieden werden.<\/p>\n<p>Ein professioneller <strong>Finanz\u00fcbersetzungsdienst<\/strong> gibt dem Kunden die Gewissheit, dass er seine Arbeit in gute H\u00e4nde gelegt hat. Wir k\u00f6nnen nicht \u00fcbersehen, welche Auswirkungen viele dieser Texte auf die Kunden haben k\u00f6nnen. Die Zukunft unseres Unternehmens kann von der \u00dcbersetzung eines Pr\u00fcfberichts abh\u00e4ngen.<\/p>\n<p>Aus Gr\u00fcnden der Sicherheit, des Seelenfriedens und der Professionalit\u00e4t sollten immer professionelle \u00dcbersetzungsdienste in Anspruch genommen werden. Das ist es, was wir bei <a href=\"https:\/\/translinguoglobal.com\/de\/\">Translinguo<\/a> unseren Kunden versichern wollen: Professionalit\u00e4t ist immer vorhanden.<\/p>\n<p>Besuchen Sie unsere Profile auf <a href=\"https:\/\/www.facebook.com\/translinguoglobal\" target=\"_blank\" rel=\"noopener\">Facebook<\/a>, <a href=\"https:\/\/www.instagram.com\/translinguoglobal\/\" target=\"_blank\" rel=\"noopener\">Instagram<\/a> und <a href=\"https:\/\/www.linkedin.com\/company\/agencia-de-traduccion-translinguo-global\/?originalSubdomain=es\" target=\"_blank\" rel=\"noopener\">Linkedin<\/a>.<\/p>\n","protected":false},"excerpt":{"rendered":"<p>Zu den zahlreichen Dienstleistungen, die unser Unternehmen anbietet, geh\u00f6ren auch spezialisierte \u00dcbersetzungsdienste. Eine dieser Dienstleistungen ist die Finanz\u00fcbersetzung.<\/p>\n","protected":false},"author":3,"featured_media":43276,"parent":0,"menu_order":0,"comment_status":"closed","ping_status":"closed","template":"elementor_header_footer","meta":{"_crdt_document":"","inline_featured_image":false,"site-sidebar-layout":"no-sidebar","site-content-layout":"page-builder","ast-site-content-layout":"full-width-container","site-content-style":"default","site-sidebar-style":"default","ast-global-header-display":"","ast-banner-title-visibility":"","ast-main-header-display":"","ast-hfb-above-header-display":"","ast-hfb-below-header-display":"","ast-hfb-mobile-header-display":"","site-post-title":"disabled","ast-breadcrumbs-content":"","ast-featured-img":"disabled","footer-sml-layout":"","ast-disable-related-posts":"","theme-transparent-header-meta":"default","adv-header-id-meta":"","stick-header-meta":"","header-above-stick-meta":"","header-main-stick-meta":"","header-below-stick-meta":"","astra-migrate-meta-layouts":"default","ast-page-background-enabled":"default","ast-page-background-meta":{"desktop":{"background-color":"var(--ast-global-color-4)","background-image":"","background-repeat":"repeat","background-position":"center center","background-size":"auto","background-attachment":"scroll","background-type":"","background-media":"","overlay-type":"","overlay-color":"","overlay-opacity":"","overlay-gradient":""},"tablet":{"background-color":"","background-image":"","background-repeat":"repeat","background-position":"center center","background-size":"auto","background-attachment":"scroll","background-type":"","background-media":"","overlay-type":"","overlay-color":"","overlay-opacity":"","overlay-gradient":""},"mobile":{"background-color":"","background-image":"","background-repeat":"repeat","background-position":"center center","background-size":"auto","background-attachment":"scroll","background-type":"","background-media":"","overlay-type":"","overlay-color":"","overlay-opacity":"","overlay-gradient":""}},"ast-content-background-meta":{"desktop":{"background-color":"var(--ast-global-color-5)","background-image":"","background-repeat":"repeat","background-position":"center center","background-size":"auto","background-attachment":"scroll","background-type":"","background-media":"","overlay-type":"","overlay-color":"","overlay-opacity":"","overlay-gradient":""},"tablet":{"background-color":"var(--ast-global-color-5)","background-image":"","background-repeat":"repeat","background-position":"center center","background-size":"auto","background-attachment":"scroll","background-type":"","background-media":"","overlay-type":"","overlay-color":"","overlay-opacity":"","overlay-gradient":""},"mobile":{"background-color":"var(--ast-global-color-5)","background-image":"","background-repeat":"repeat","background-position":"center center","background-size":"auto","background-attachment":"scroll","background-type":"","background-media":"","overlay-type":"","overlay-color":"","overlay-opacity":"","overlay-gradient":""}},"footnotes":""},"class_list":["post-44641","page","type-page","status-publish","has-post-thumbnail","hentry"],"_links":{"self":[{"href":"https:\/\/translinguoglobal.com\/de\/wp-json\/wp\/v2\/pages\/44641","targetHints":{"allow":["GET"]}}],"collection":[{"href":"https:\/\/translinguoglobal.com\/de\/wp-json\/wp\/v2\/pages"}],"about":[{"href":"https:\/\/translinguoglobal.com\/de\/wp-json\/wp\/v2\/types\/page"}],"author":[{"embeddable":true,"href":"https:\/\/translinguoglobal.com\/de\/wp-json\/wp\/v2\/users\/3"}],"replies":[{"embeddable":true,"href":"https:\/\/translinguoglobal.com\/de\/wp-json\/wp\/v2\/comments?post=44641"}],"version-history":[{"count":0,"href":"https:\/\/translinguoglobal.com\/de\/wp-json\/wp\/v2\/pages\/44641\/revisions"}],"wp:featuredmedia":[{"embeddable":true,"href":"https:\/\/translinguoglobal.com\/de\/wp-json\/wp\/v2\/media\/43276"}],"wp:attachment":[{"href":"https:\/\/translinguoglobal.com\/de\/wp-json\/wp\/v2\/media?parent=44641"}],"curies":[{"name":"wp","href":"https:\/\/api.w.org\/{rel}","templated":true}]}}