{"id":44638,"date":"2022-06-13T09:15:21","date_gmt":"2022-06-13T09:15:21","guid":{"rendered":"https:\/\/translinguoglobal.com\/uebersetzungsdienste-fuer-mode-und-schoenheit\/"},"modified":"2022-07-14T08:51:47","modified_gmt":"2022-07-14T08:51:47","slug":"uebersetzungsdienste-fuer-mode-und-schoenheit","status":"publish","type":"page","link":"https:\/\/translinguoglobal.com\/de\/uebersetzungsdienste-fuer-mode-und-schoenheit\/","title":{"rendered":"\u00dcbersetzungsdienste f\u00fcr Mode und Sch\u00f6nheit"},"content":{"rendered":"<p>Aus diesem Grund ben\u00f6tigen Unternehmen \u00dcbersetzungsdienste, die auf Mode und Sch\u00f6nheit spezialisiert sind. In diesem Artikel werden wir \u00fcber \u00dcbersetzungsdienste f\u00fcr Mode und Sch\u00f6nheit sprechen: was sie sind, warum man sie nutzen sollte und welche Beispiele es gibt.<\/p>\n<h3 style=\"text-align: center;\"><strong>Worin bestehen diese Dienstleistungen?<\/strong><\/h3>\n<p>Obwohl die Modebranche ihre eigene &#8220;Universalsprache&#8221; hat, braucht sie eine \u00dcbersetzung um zu \u00fcberleben. F\u00fcr jedes Unternehmen ist es wichtig, Mode- und Sch\u00f6nheitsprodukte in verschiedenen Sprachen zu vermarkten. Auf diese Weise erreichen die Produkte mehr Menschen und das jeweilige Unternehmen gewinnt mehr Kunden. Solche \u00dcbersetzungen k\u00f6nnen nicht durchgef\u00fchrt werden, ohne den kulturellen Kontext der Kunden zu ber\u00fccksichtigen.<\/p>\n<p>Der Prozess den \u00dcbersetzer anwenden um eine gute \u00dcbersetzung zu erstellen, wird &#8220;Lokalisierung&#8221; genannt. Im Allgemeinen besteht die Lokalisierung in der Anpassung eines Produkts, wobei nicht nur das Zielpublikum, sondern auch bestimmte kulturelle Werte ber\u00fccksichtigt werden. Es sollte auch erw\u00e4hnt werden, dass f\u00fcr diese Art von \u00dcbersetzung professionelle \u00dcbersetzer eingesetzt werden sollten. Da nicht jeder das Konzept der Lokalisierung bei der \u00dcbersetzung kennt, ist professionelle Hilfe erforderlich.<\/p>\n<h3 style=\"text-align: center;\"><strong>Gr\u00fcnde f\u00fcr die Inanspruchnahme von \u00dcbersetzungsdiensten f\u00fcr Mode und Sch\u00f6nheit<\/strong><\/h3>\n<p>Wie bereits erw\u00e4hnt ist es wichtig, dass \u00dcbersetzungen in der Modebranche von einem Fachmann angefertigt werden. Daf\u00fcr gibt es mehrere Gr\u00fcnde. Erstens erfordert die \u00dcbersetzung von Mode eine gr\u00fcndliche Kenntnis sowohl der Sprache als auch der Kultur. Au\u00dferdem hei\u00dft es, dass es ausl\u00e4ndische Kunden gibt, die nichts auf einer schlecht \u00fcbersetzten Website kaufen w\u00fcrden. Ein Kunde wird sich wahrscheinlich nicht trauen ein Produkt zu kaufen, wenn es von einem <a href=\"https:\/\/de.wikipedia.org\/wiki\/Maschinelle_\u00dcbersetzung\" target=\"_blank\" rel=\"noopener\">automatischen \u00dcbersetzer<\/a> \u00fcbersetzt wurde.<\/p>\n<p>Zweitens spielt die Lokalisierung eine sehr wichtige Rolle bei der \u00dcbersetzung. Auf diese Weise wird der Inhalt des Produkts perfekt angepasst, da die Sprache und die Kultur ber\u00fccksichtigt werden. Es versteht sich von selbst, dass dieser Prozess nicht von einem automatischen \u00dcbersetzer durchgef\u00fchrt werden kann.<\/p>\n<h3 style=\"text-align: center;\"><strong>Beispiele f\u00fcr \u00dcbersetzungsdienste f\u00fcr die Mode und Sch\u00f6nheitsbranche<\/strong><\/h3>\n<p>Man sollte sich an Agenturen oder \u00dcbersetzer wenden die auf Mode\u00fcbersetzungen spezialisiert sind, da dies zu einer produktgetreuen \u00dcbersetzung f\u00fchrt. Um die \u00dcbersetzungsdienste f\u00fcr Mode und Sch\u00f6nheit bekannt zu machen, werden einige Beispiele genannt.<\/p>\n<p>Es gibt \u00dcbersetzungsagenturen wie <em>blarlo, Max Translations, Okodia, Berba<\/em> und andere, die Inhalte aus den Bereichen Sch\u00f6nheit und Mode \u00fcbersetzen. Bei der Auswahl von \u00dcbersetzungsdiensten dieser Art sind mehrere Faktoren zu ber\u00fccksichtigen.<\/p>\n<p>Der erste Faktor ist, dass die Agentur \u00fcber muttersprachliche und spezialisierte \u00dcbersetzer verf\u00fcgt. Dies wird es ihnen erleichtern das Produkt zu lokalisieren. Zweitens sollte die Agentur \u00fcber <a href=\"\/?page_id=43667\">SEO-Kenntnisse<\/a> verf\u00fcgen, damit Ihr Produkt in den Suchmaschinen auftaucht. Auf diese Weise wissen Sie, wie Sie den Inhalt des Produkts wirksam optimieren k\u00f6nnen.<\/p>\n<p>Auch wenn ein bestimmtes Modeunternehmen in einem Land ans\u00e4ssig ist, muss es sich an andere Kulturen anpassen. Der Grund daf\u00fcr ist, dass die Modeindustrie global ist und somit eine internationale Nachfrage besteht. Da die Mode- und Sch\u00f6nheitsbranche eine internationale Nachfrage hat, ist es wichtig \u00dcbersetzungen in die H\u00e4nde von Fachleuten zu legen.<\/p>\n<p>Besuchen Sie unsere Profile auf <a href=\"https:\/\/www.facebook.com\/translinguoglobal\" target=\"_blank\" rel=\"noopener\">Facebook<\/a>, <a href=\"https:\/\/www.instagram.com\/translinguoglobal\/\" target=\"_blank\" rel=\"noopener\">Instagram<\/a> und <a href=\"https:\/\/www.linkedin.com\/company\/agencia-de-traduccion-translinguo-global\/?originalSubdomain=es\" target=\"_blank\" rel=\"noopener\">Linkedin<\/a>.<\/p>\n","protected":false},"excerpt":{"rendered":"<p>Aus diesem Grund ben\u00f6tigen Unternehmen \u00dcbersetzungsdienste, die auf Mode und Sch\u00f6nheit spezialisiert sind. In diesem Artikel werden wir \u00fcber \u00dcbersetzungsdienste f\u00fcr Mode und Sch\u00f6nheit sprechen: was sie sind, warum man sie nutzen sollte und welche Beispiele es gibt. Worin bestehen diese Dienstleistungen? Obwohl die Modebranche ihre eigene &#8220;Universalsprache&#8221; hat, braucht sie eine \u00dcbersetzung um zu [&hellip;]<\/p>\n","protected":false},"author":3,"featured_media":57007,"parent":0,"menu_order":0,"comment_status":"closed","ping_status":"closed","template":"elementor_header_footer","meta":{"_crdt_document":"","inline_featured_image":false,"site-sidebar-layout":"no-sidebar","site-content-layout":"page-builder","ast-site-content-layout":"full-width-container","site-content-style":"default","site-sidebar-style":"default","ast-global-header-display":"","ast-banner-title-visibility":"","ast-main-header-display":"","ast-hfb-above-header-display":"","ast-hfb-below-header-display":"","ast-hfb-mobile-header-display":"","site-post-title":"disabled","ast-breadcrumbs-content":"","ast-featured-img":"disabled","footer-sml-layout":"","ast-disable-related-posts":"","theme-transparent-header-meta":"default","adv-header-id-meta":"","stick-header-meta":"","header-above-stick-meta":"","header-main-stick-meta":"","header-below-stick-meta":"","astra-migrate-meta-layouts":"default","ast-page-background-enabled":"default","ast-page-background-meta":{"desktop":{"background-color":"var(--ast-global-color-4)","background-image":"","background-repeat":"repeat","background-position":"center center","background-size":"auto","background-attachment":"scroll","background-type":"","background-media":"","overlay-type":"","overlay-color":"","overlay-opacity":"","overlay-gradient":""},"tablet":{"background-color":"","background-image":"","background-repeat":"repeat","background-position":"center center","background-size":"auto","background-attachment":"scroll","background-type":"","background-media":"","overlay-type":"","overlay-color":"","overlay-opacity":"","overlay-gradient":""},"mobile":{"background-color":"","background-image":"","background-repeat":"repeat","background-position":"center center","background-size":"auto","background-attachment":"scroll","background-type":"","background-media":"","overlay-type":"","overlay-color":"","overlay-opacity":"","overlay-gradient":""}},"ast-content-background-meta":{"desktop":{"background-color":"var(--ast-global-color-5)","background-image":"","background-repeat":"repeat","background-position":"center center","background-size":"auto","background-attachment":"scroll","background-type":"","background-media":"","overlay-type":"","overlay-color":"","overlay-opacity":"","overlay-gradient":""},"tablet":{"background-color":"var(--ast-global-color-5)","background-image":"","background-repeat":"repeat","background-position":"center center","background-size":"auto","background-attachment":"scroll","background-type":"","background-media":"","overlay-type":"","overlay-color":"","overlay-opacity":"","overlay-gradient":""},"mobile":{"background-color":"var(--ast-global-color-5)","background-image":"","background-repeat":"repeat","background-position":"center center","background-size":"auto","background-attachment":"scroll","background-type":"","background-media":"","overlay-type":"","overlay-color":"","overlay-opacity":"","overlay-gradient":""}},"footnotes":""},"class_list":["post-44638","page","type-page","status-publish","has-post-thumbnail","hentry"],"_links":{"self":[{"href":"https:\/\/translinguoglobal.com\/de\/wp-json\/wp\/v2\/pages\/44638","targetHints":{"allow":["GET"]}}],"collection":[{"href":"https:\/\/translinguoglobal.com\/de\/wp-json\/wp\/v2\/pages"}],"about":[{"href":"https:\/\/translinguoglobal.com\/de\/wp-json\/wp\/v2\/types\/page"}],"author":[{"embeddable":true,"href":"https:\/\/translinguoglobal.com\/de\/wp-json\/wp\/v2\/users\/3"}],"replies":[{"embeddable":true,"href":"https:\/\/translinguoglobal.com\/de\/wp-json\/wp\/v2\/comments?post=44638"}],"version-history":[{"count":0,"href":"https:\/\/translinguoglobal.com\/de\/wp-json\/wp\/v2\/pages\/44638\/revisions"}],"wp:featuredmedia":[{"embeddable":true,"href":"https:\/\/translinguoglobal.com\/de\/wp-json\/wp\/v2\/media\/57007"}],"wp:attachment":[{"href":"https:\/\/translinguoglobal.com\/de\/wp-json\/wp\/v2\/media?parent=44638"}],"curies":[{"name":"wp","href":"https:\/\/api.w.org\/{rel}","templated":true}]}}