{"id":44636,"date":"2022-06-13T09:14:58","date_gmt":"2022-06-13T09:14:58","guid":{"rendered":"https:\/\/translinguoglobal.com\/uebersetzung-aus-dem-niederlaendischen\/"},"modified":"2022-07-14T09:51:10","modified_gmt":"2022-07-14T09:51:10","slug":"uebersetzung-aus-dem-niederlaendischen","status":"publish","type":"page","link":"https:\/\/translinguoglobal.com\/de\/uebersetzung-aus-dem-niederlaendischen\/","title":{"rendered":"\u00dcbersetzungsagentur f\u00fcr Niederl\u00e4ndisch"},"content":{"rendered":"<h3 style=\"text-align: center;\"><strong>Die Bedeutung der \u00dcbersetzung aus dem Niederl\u00e4ndischen und einige Eigenschaften<\/strong><\/h3>\n<p>Zusammen mit anderen Sprachen wie Deutsch, Englisch und Schwedisch ist <a href=\"https:\/\/de.wikipedia.org\/wiki\/Niederl\u00e4ndische_Sprache\" target=\"_blank\" rel=\"noopener\">Niederl\u00e4ndisch<\/a> eine der 14 germanischen Sprachen. Nach Englisch und Deutsch ist <a href=\"https:\/\/de.wikipedia.org\/wiki\/Niederl\u00e4ndische_Sprache\" target=\"_blank\" rel=\"noopener\">Niederl\u00e4ndisch<\/a> mit 38 Millionen Sprechern die drittwichtigste germanische Sprache.<\/p>\n<p>Sie wird auch Fl\u00e4misch genannt und ist die Amtssprache der Niederlande und der Republik Surinam. Vom <a href=\"https:\/\/de.wikipedia.org\/wiki\/Niederl\u00e4ndische_Sprache\" target=\"_blank\" rel=\"noopener\">Niederl\u00e4ndischen<\/a> leiten sich Variet\u00e4ten wie Pennsylvaniadeutsch oder Limburgisch ab, die in Limburg und im Rheinland gesprochen werden.<\/p>\n<p>Einige der sprachlichen Merkmale sind das Vorhandensein von drei Geschlechtern (Maskulinum, Femininum und Neutrum), wie es im Deutschen der Fall ist. Ein weiteres Merkmal dieser Sprache ist das h\u00e4ufige Vorkommen von Konsonanten in den W\u00f6rtern, z.\u00a0B. <em>angstchreeuw<\/em>, was so viel wie &#8220;Angstschrei&#8221; bedeutet.<\/p>\n<p>Auch wenn es schwierig ist, sollte man nicht vergessen, dass <a href=\"https:\/\/de.wikipedia.org\/wiki\/Niederl\u00e4ndische_Sprache\" target=\"_blank\" rel=\"noopener\">Niederl\u00e4ndisch<\/a> aufgrund der Bedeutung der Niederlande in der europ\u00e4ischen Wirtschaft eine wichtige Sprache ist. Zum Leben sind die Niederlande au\u00dferdem das zehntbeste Land der Welt.<\/p>\n<p>Es geht nicht nur um Wirtschaft und Lebensqualit\u00e4t, denn die Niederlande sind auch eines der L\u00e4nder mit der niedrigsten Arbeitslosenquote.<\/p>\n<p>Wir schlie\u00dfen daraus, dass Niederl\u00e4ndisch eine Sprache ist die man lernen sollte, wenn man seine Lebensqualit\u00e4t verbessern und gl\u00fccklicher werden will.<\/p>\n<h3 style=\"text-align: center;\"><strong>Unterschiede und Gemeinsamkeiten zwischen Niederl\u00e4ndisch und Spanisch<\/strong><\/h3>\n<p>Der Hauptunterschied besteht also darin, dass das Spanische romanisch und das Niederl\u00e4ndische germanisch ist. Obwohl sie sich in ihrer Bezeichnung unterscheiden, haben beide die indoeurop\u00e4ische Sprachfamilie als gemeinsamen Ursprung.<\/p>\n<p>Zwar k\u00f6nnte man auf den ersten Blick meinen, dass <a href=\"https:\/\/de.wikipedia.org\/wiki\/Niederl\u00e4ndische_Sprache\" target=\"_blank\" rel=\"noopener\">Niederl\u00e4ndisch<\/a> und Spanisch nichts miteinander zu tun haben, aber das w\u00e4re falsch. Diese beiden Sprachen haben sowohl Phoneme als auch bestimmte grammatikalische Aspekte, die sie einander etwas n\u00e4her bringen, gemeinsam.<\/p>\n<p>Wir k\u00f6nnen diese \u00c4hnlichkeiten in W\u00f6rtern wie fisioterapeuta erkennen, was ins Niederl\u00e4ndische als <em>fysiotherapeut<\/em> \u00fcbersetzt wird.<\/p>\n<p>Was die Unterschiede anbelangt, so k\u00f6nnen wir als erstes die Aussprache der einen und der anderen Sprache hervorheben. Aus grammatikalischer Sicht ist auch der wesentlich einfachere Gebrauch von Reflexivpronomen im Niederl\u00e4ndischen erw\u00e4hnenswert.<\/p>\n<p>Erw\u00e4hnenswert ist auch, dass es im <a href=\"https:\/\/de.wikipedia.org\/wiki\/Niederl\u00e4ndische_Sprache\" target=\"_blank\" rel=\"noopener\">Niederl\u00e4ndischen<\/a> wie im Spanischen eine Reihe von Dialekten gibt. Am bekanntesten ist das Holl\u00e4ndische, das in Nord- und S\u00fcdholland gesprochen wird.<\/p>\n<p>Dies sind einige der Eigenschaften, die bei der \u00dcbersetzung aus dem <a href=\"https:\/\/de.wikipedia.org\/wiki\/Niederl\u00e4ndische_Sprache\" target=\"_blank\" rel=\"noopener\">Niederl\u00e4ndischen<\/a> ins Spanische oder umgekehrt immer ber\u00fccksichtigt werden sollten.<\/p>\n<h3 style=\"text-align: center;\"><strong>Der Markt f\u00fcr niederl\u00e4ndische Sprach\u00fcbersetzungen<\/strong><\/h3>\n<p>Trotz all dieser Eigenschaften, die das <a href=\"https:\/\/de.wikipedia.org\/wiki\/Niederl\u00e4ndische_Sprache\" target=\"_blank\" rel=\"noopener\">Niederl\u00e4ndische<\/a> zu einer grundlegenden Sprache machen, \u00e4ndert sich sein Schicksal auf dem \u00dcbersetzungsmarkt.<\/p>\n<p>Im Bereich der beglaubigten \u00dcbersetzungen verf\u00fcgt das spanische MAE nur \u00fcber einen beglaubigten \u00dcbersetzer f\u00fcr Fl\u00e4misch. Dieses Bild ist bemerkenswert, wenn man die hohe Zahl niederl\u00e4ndischer Muttersprachler in Spanien bedenkt.<\/p>\n<p>Was den spanischen Markt f\u00fcr Verlags\u00fcbersetzungen betrifft, so sind die Zahlen alles andere als ermutigend. Tats\u00e4chlich wurden im Jahr 2009 nur 56 B\u00fccher aus dem Niederl\u00e4ndischen ins Spanische \u00fcbersetzt.<\/p>\n<p>Diese Situation kann auf die Vorherrschaft von Sprachen wie Englisch oder Franz\u00f6sisch zur\u00fcckzuf\u00fchren sein, die auf unserem Markt erfolgreicher sind.<\/p>\n<p>Dennoch gibt es <strong>\u00dcbersetzungen ins Niederl\u00e4ndische<\/strong> von Werken wie denen des Heiligen Johannes vom Kreuz oder von P\u00e9rez Gald\u00f3s.<\/p>\n<p>Zusammenfassend l\u00e4sst sich sagen, dass die <strong>\u00dcbersetzung aus dem Niederl\u00e4ndischen<\/strong> aufgrund der Verbindung zwischen den Sprachen nicht die erfolgreichste ist. Diese Perspektive sollte jedoch nicht zum Nachteil des Niederl\u00e4ndischen und seines potenziellen Wachstums auf dem \u00dcbersetzungsmarkt sein. Vielmehr sollte der Gedanke im Vordergrund stehen, dass die unerm\u00fcdliche Arbeit des <strong>\u00dcbersetzens ins Niederl\u00e4ndische<\/strong> zum Wachstum dieser Sprache beitr\u00e4gt.<\/p>\n<p>Besuchen Sie unsere Profile auf <a title=\"Translinguo Global\" href=\"https:\/\/www.facebook.com\/translinguoglobal\" target=\"_blank\" rel=\"noopener\">Facebook<\/a>, <a title=\"Translinguo Global\" href=\"https:\/\/www.instagram.com\/translinguoglobal\/\" target=\"_blank\" rel=\"noopener\">Instagram<\/a> und <a title=\"Trasnslinguo Global\" href=\"https:\/\/es.linkedin.com\/company\/agencia-de-traduccion-translinguo-global\" target=\"_blank\" rel=\"noopener\">Linkedin.<\/a><\/p>\n","protected":false},"excerpt":{"rendered":"<p>Die Bedeutung der \u00dcbersetzung aus dem Niederl\u00e4ndischen und einige Eigenschaften Zusammen mit anderen Sprachen wie Deutsch, Englisch und Schwedisch ist Niederl\u00e4ndisch eine der 14 germanischen Sprachen. Nach Englisch und Deutsch ist Niederl\u00e4ndisch mit 38 Millionen Sprechern die drittwichtigste germanische Sprache. Sie wird auch Fl\u00e4misch genannt und ist die Amtssprache der Niederlande und der Republik Surinam. [&hellip;]<\/p>\n","protected":false},"author":3,"featured_media":44400,"parent":0,"menu_order":0,"comment_status":"closed","ping_status":"closed","template":"","meta":{"_crdt_document":"","inline_featured_image":false,"site-sidebar-layout":"no-sidebar","site-content-layout":"page-builder","ast-site-content-layout":"full-width-container","site-content-style":"default","site-sidebar-style":"default","ast-global-header-display":"","ast-banner-title-visibility":"","ast-main-header-display":"","ast-hfb-above-header-display":"","ast-hfb-below-header-display":"","ast-hfb-mobile-header-display":"","site-post-title":"disabled","ast-breadcrumbs-content":"","ast-featured-img":"disabled","footer-sml-layout":"","ast-disable-related-posts":"","theme-transparent-header-meta":"default","adv-header-id-meta":"","stick-header-meta":"","header-above-stick-meta":"","header-main-stick-meta":"","header-below-stick-meta":"","astra-migrate-meta-layouts":"default","ast-page-background-enabled":"default","ast-page-background-meta":{"desktop":{"background-color":"var(--ast-global-color-4)","background-image":"","background-repeat":"repeat","background-position":"center center","background-size":"auto","background-attachment":"scroll","background-type":"","background-media":"","overlay-type":"","overlay-color":"","overlay-opacity":"","overlay-gradient":""},"tablet":{"background-color":"","background-image":"","background-repeat":"repeat","background-position":"center center","background-size":"auto","background-attachment":"scroll","background-type":"","background-media":"","overlay-type":"","overlay-color":"","overlay-opacity":"","overlay-gradient":""},"mobile":{"background-color":"","background-image":"","background-repeat":"repeat","background-position":"center center","background-size":"auto","background-attachment":"scroll","background-type":"","background-media":"","overlay-type":"","overlay-color":"","overlay-opacity":"","overlay-gradient":""}},"ast-content-background-meta":{"desktop":{"background-color":"var(--ast-global-color-5)","background-image":"","background-repeat":"repeat","background-position":"center center","background-size":"auto","background-attachment":"scroll","background-type":"","background-media":"","overlay-type":"","overlay-color":"","overlay-opacity":"","overlay-gradient":""},"tablet":{"background-color":"var(--ast-global-color-5)","background-image":"","background-repeat":"repeat","background-position":"center center","background-size":"auto","background-attachment":"scroll","background-type":"","background-media":"","overlay-type":"","overlay-color":"","overlay-opacity":"","overlay-gradient":""},"mobile":{"background-color":"var(--ast-global-color-5)","background-image":"","background-repeat":"repeat","background-position":"center center","background-size":"auto","background-attachment":"scroll","background-type":"","background-media":"","overlay-type":"","overlay-color":"","overlay-opacity":"","overlay-gradient":""}},"footnotes":""},"class_list":["post-44636","page","type-page","status-publish","has-post-thumbnail","hentry"],"_links":{"self":[{"href":"https:\/\/translinguoglobal.com\/de\/wp-json\/wp\/v2\/pages\/44636","targetHints":{"allow":["GET"]}}],"collection":[{"href":"https:\/\/translinguoglobal.com\/de\/wp-json\/wp\/v2\/pages"}],"about":[{"href":"https:\/\/translinguoglobal.com\/de\/wp-json\/wp\/v2\/types\/page"}],"author":[{"embeddable":true,"href":"https:\/\/translinguoglobal.com\/de\/wp-json\/wp\/v2\/users\/3"}],"replies":[{"embeddable":true,"href":"https:\/\/translinguoglobal.com\/de\/wp-json\/wp\/v2\/comments?post=44636"}],"version-history":[{"count":0,"href":"https:\/\/translinguoglobal.com\/de\/wp-json\/wp\/v2\/pages\/44636\/revisions"}],"wp:featuredmedia":[{"embeddable":true,"href":"https:\/\/translinguoglobal.com\/de\/wp-json\/wp\/v2\/media\/44400"}],"wp:attachment":[{"href":"https:\/\/translinguoglobal.com\/de\/wp-json\/wp\/v2\/media?parent=44636"}],"curies":[{"name":"wp","href":"https:\/\/api.w.org\/{rel}","templated":true}]}}