{"id":44490,"date":"2022-05-27T07:44:28","date_gmt":"2022-05-27T07:44:28","guid":{"rendered":"https:\/\/translinguoglobal.com\/uebersetzungsagentur-fuer-russisch\/"},"modified":"2022-07-13T13:40:59","modified_gmt":"2022-07-13T13:40:59","slug":"uebersetzungsagentur-fuer-russisch","status":"publish","type":"page","link":"https:\/\/translinguoglobal.com\/de\/uebersetzungsagentur-fuer-russisch\/","title":{"rendered":"\u00dcbersetzungsagentur f\u00fcr Russisch"},"content":{"rendered":"<h3 style=\"text-align: center;\"><strong>Kenntnisse der russischen Sprache<\/strong><\/h3>\n<p><a href=\"https:\/\/de.wikipedia.org\/wiki\/Russische_Sprache\" target=\"_blank\" rel=\"noopener\">Russisch<\/a> ist eine indoeurop\u00e4ische Sprache aus dem ostslawischen Zweig. Sie ist Amtssprache in Russland und in L\u00e4ndern wie Belarus, Kirgisistan und Kasachstan. Es wird auch in der Ukraine und in Teilen von Estland, Lettland und Georgien gesprochen. Die Verbreitung der Sprache ist auf die ehemalige Union der Sozialistischen Sowjetrepubliken, die UdSSR, zur\u00fcckzuf\u00fchren, die aus 15 Republiken bestand.<\/p>\n<p>Mit 278 Millionen Sprechern ist sie die am vierth\u00e4ufigsten gesprochene Sprache der Welt. Au\u00dferdem ist <a href=\"https:\/\/de.wikipedia.org\/wiki\/Russische_Sprache\" target=\"_blank\" rel=\"noopener\">Russisch<\/a> neben Arabisch und Englisch eine der sechs Amtssprachen der UNO. Es ist erw\u00e4hnenswert, dass <a href=\"https:\/\/de.wikipedia.org\/wiki\/Russische_Sprache\" target=\"_blank\" rel=\"noopener\">Russisch<\/a> als die Sprache des Weltraums bekannt ist. Denn Russischkenntnisse sind eine der Voraussetzungen f\u00fcr den Eintritt in die NASA.<\/p>\n<p><a href=\"https:\/\/de.wikipedia.org\/wiki\/Russische_Sprache\" target=\"_blank\" rel=\"noopener\">Russisch<\/a> verwendet ein kyrillisches Alphabet, d. h. es kann in Gro\u00dfbuchstaben, Kleinbuchstaben oder kyrillischer Kursivschrift geschrieben werden. Das kyrillische Alphabet geht auf das 10. Jahrhundert zur\u00fcck und wurde von einem byzantinischen Missionar geschaffen. Es basiert auf dem griechischen Alphabet, enth\u00e4lt aber auch Elemente des glagolitischen Alphabets (des \u00e4ltesten slawischen Alphabets).<\/p>\n<h3 style=\"text-align: center;\"><strong>Eigenschaften der Sprache<\/strong><\/h3>\n<p>Die<a href=\"https:\/\/de.wikipedia.org\/wiki\/Russische_Sprache\" target=\"_blank\" rel=\"noopener\"> russische Sprache<\/a> besteht aus 5 Vokallauten und 37 Konsonantenlauten. Dar\u00fcber hinaus werden die W\u00f6rter so ausgesprochen, wie sie geschrieben werden. Seine Grammatik gilt als sehr komplex. Es werden drei Geschlechter verwendet: m\u00e4nnlich, weiblich und s\u00e4chlich. Daher gibt es im Russischen 6 Deklinationen f\u00fcr Substantive, Pronomen, demonstrative Adjektive und Ordnungszahlen. Tats\u00e4chlich werden sie in der Regel nach Geschlecht und Anzahl konjugiert. Es werden keine Artikel verwendet und die Reihenfolge der W\u00f6rter in einem Satz kann variieren.<\/p>\n<p>Besuchen Sie unsere Profile auf <a title=\"Translinguo Global\" href=\"https:\/\/www.facebook.com\/translinguoglobal\" target=\"_blank\" rel=\"noopener\">Facebook<\/a>, <a title=\"Translinguo Global\" href=\"https:\/\/www.instagram.com\/translinguoglobal\/\" target=\"_blank\" rel=\"noopener\">Instagram<\/a> und <a title=\"Trasnslinguo Global\" href=\"https:\/\/es.linkedin.com\/company\/agencia-de-traduccion-translinguo-global\" target=\"_blank\" rel=\"noopener\">Linkedin.<\/a><\/p>\n","protected":false},"excerpt":{"rendered":"<p>Kenntnisse der russischen Sprache Russisch ist eine indoeurop\u00e4ische Sprache aus dem ostslawischen Zweig. Sie ist Amtssprache in Russland und in L\u00e4ndern wie Belarus, Kirgisistan und Kasachstan. Es wird auch in der Ukraine und in Teilen von Estland, Lettland und Georgien gesprochen. Die Verbreitung der Sprache ist auf die ehemalige Union der Sozialistischen Sowjetrepubliken, die UdSSR, [&hellip;]<\/p>\n","protected":false},"author":3,"featured_media":41925,"parent":0,"menu_order":0,"comment_status":"closed","ping_status":"closed","template":"","meta":{"_crdt_document":"","inline_featured_image":false,"site-sidebar-layout":"no-sidebar","site-content-layout":"page-builder","ast-site-content-layout":"full-width-container","site-content-style":"default","site-sidebar-style":"default","ast-global-header-display":"","ast-banner-title-visibility":"","ast-main-header-display":"","ast-hfb-above-header-display":"","ast-hfb-below-header-display":"","ast-hfb-mobile-header-display":"","site-post-title":"disabled","ast-breadcrumbs-content":"","ast-featured-img":"disabled","footer-sml-layout":"","ast-disable-related-posts":"","theme-transparent-header-meta":"default","adv-header-id-meta":"","stick-header-meta":"","header-above-stick-meta":"","header-main-stick-meta":"","header-below-stick-meta":"","astra-migrate-meta-layouts":"default","ast-page-background-enabled":"default","ast-page-background-meta":{"desktop":{"background-color":"var(--ast-global-color-4)","background-image":"","background-repeat":"repeat","background-position":"center center","background-size":"auto","background-attachment":"scroll","background-type":"","background-media":"","overlay-type":"","overlay-color":"","overlay-opacity":"","overlay-gradient":""},"tablet":{"background-color":"","background-image":"","background-repeat":"repeat","background-position":"center center","background-size":"auto","background-attachment":"scroll","background-type":"","background-media":"","overlay-type":"","overlay-color":"","overlay-opacity":"","overlay-gradient":""},"mobile":{"background-color":"","background-image":"","background-repeat":"repeat","background-position":"center center","background-size":"auto","background-attachment":"scroll","background-type":"","background-media":"","overlay-type":"","overlay-color":"","overlay-opacity":"","overlay-gradient":""}},"ast-content-background-meta":{"desktop":{"background-color":"var(--ast-global-color-5)","background-image":"","background-repeat":"repeat","background-position":"center center","background-size":"auto","background-attachment":"scroll","background-type":"","background-media":"","overlay-type":"","overlay-color":"","overlay-opacity":"","overlay-gradient":""},"tablet":{"background-color":"var(--ast-global-color-5)","background-image":"","background-repeat":"repeat","background-position":"center center","background-size":"auto","background-attachment":"scroll","background-type":"","background-media":"","overlay-type":"","overlay-color":"","overlay-opacity":"","overlay-gradient":""},"mobile":{"background-color":"var(--ast-global-color-5)","background-image":"","background-repeat":"repeat","background-position":"center center","background-size":"auto","background-attachment":"scroll","background-type":"","background-media":"","overlay-type":"","overlay-color":"","overlay-opacity":"","overlay-gradient":""}},"footnotes":""},"class_list":["post-44490","page","type-page","status-publish","has-post-thumbnail","hentry"],"_links":{"self":[{"href":"https:\/\/translinguoglobal.com\/de\/wp-json\/wp\/v2\/pages\/44490","targetHints":{"allow":["GET"]}}],"collection":[{"href":"https:\/\/translinguoglobal.com\/de\/wp-json\/wp\/v2\/pages"}],"about":[{"href":"https:\/\/translinguoglobal.com\/de\/wp-json\/wp\/v2\/types\/page"}],"author":[{"embeddable":true,"href":"https:\/\/translinguoglobal.com\/de\/wp-json\/wp\/v2\/users\/3"}],"replies":[{"embeddable":true,"href":"https:\/\/translinguoglobal.com\/de\/wp-json\/wp\/v2\/comments?post=44490"}],"version-history":[{"count":0,"href":"https:\/\/translinguoglobal.com\/de\/wp-json\/wp\/v2\/pages\/44490\/revisions"}],"wp:featuredmedia":[{"embeddable":true,"href":"https:\/\/translinguoglobal.com\/de\/wp-json\/wp\/v2\/media\/41925"}],"wp:attachment":[{"href":"https:\/\/translinguoglobal.com\/de\/wp-json\/wp\/v2\/media?parent=44490"}],"curies":[{"name":"wp","href":"https:\/\/api.w.org\/{rel}","templated":true}]}}