{"id":44489,"date":"2022-05-27T07:44:27","date_gmt":"2022-05-27T07:44:27","guid":{"rendered":"https:\/\/translinguoglobal.com\/uebersetzung-aus-dem-galicischen\/"},"modified":"2022-07-13T13:02:14","modified_gmt":"2022-07-13T13:02:14","slug":"uebersetzung-aus-dem-galicischen","status":"publish","type":"page","link":"https:\/\/translinguoglobal.com\/de\/uebersetzung-aus-dem-galicischen\/","title":{"rendered":"\u00dcbersetzung aus dem Galicischen"},"content":{"rendered":"<p style=\"text-align: center;\"><strong>Die \u00dcbersetzung aus dem Galicischen und ihr Markt<\/strong><\/p>\n<p><a href=\"https:\/\/de.wikipedia.org\/wiki\/Galicische_Sprache\" target=\"_blank\" rel=\"noopener\">Galicisch<\/a> ist eine Sprache, die von rund 3 Millionen Menschen gesprochen wird, vor allem in und um Galicien. Derzeit gibt es in Spanien viele galicische \u00dcbersetzungsunternehmen die Sprachdienstleistungen anbieten, wie <a href=\"https:\/\/translinguoglobal.com\/de\/\">TRANSLINGUO GLOBAL<\/a>. Die Preise liegen bei 0,08 \u20ac pro Wort f\u00fcr nicht amtliche Dokumente und bei 0,12 \u20ac f\u00fcr <a href=\"\/?page_id=43661\">beglaubigte \u00dcbersetzungen<\/a>.<\/p>\n<p>Da es sich um eine spanische Amtssprache handelt, gibt es f\u00fcr <a href=\"https:\/\/de.wikipedia.org\/wiki\/Galicische_Sprache\" target=\"_blank\" rel=\"noopener\">Galicisch<\/a> vereidigte \u00dcbersetzer die vom Au\u00dfenministerium ernannt werden, so genannte \u201e<em>traductores xurados<\/em>\u201c. Sie k\u00fcmmern sich um Dokumente von \u00f6ffentlichen Einrichtungen, die eine galicische \u00dcbersetzung ben\u00f6tigen.<\/p>\n<p>In unserem \u00dcbersetzungsb\u00fcro f\u00fcr Galicisch verf\u00fcgen wir \u00fcber die besten Fachleute, die unter anderem auf die oben genannten Bereiche spezialisiert sind. <a href=\"\/?page_id=43661\">TRANSLINGUO<\/a> ist verpflichtet dem Originaltext treu zu bleiben, ohne ein Detail zu vergessen.<\/p>\n<p>&nbsp;<\/p>\n<p style=\"text-align: center;\"><strong>Der Einfluss des Galicischen auf das kastilische Spanisch<\/strong><\/p>\n<p>Das in Galicien gesprochene Spanisch weist mehrere Merkmale auf. So zum Beispiel die Einbeziehung von Galicismen, ein Problem, das bei der \u00dcbersetzung des Galicischen zu vermeiden ist. Dies sind einige der h\u00e4ufigsten St\u00f6rungen;<\/p>\n<ul>\n<li>Einschlie\u00dflich der Buchstaben -ct-, die im Spanischen vereinfacht sind;<\/li>\n<li><em>\u00c4nderung der Verwendung von b und v, wie in &#8220;m\u00f3bil&#8221; und &#8220;m\u00f3vil&#8221;;<\/em><\/li>\n<li><em>Der Artikel in Eigennamen, auf Galicisch &#8220;A Lua&#8221;, auf Spanisch &#8220;L\u00faa&#8221;;<\/em><\/li>\n<li><em>Keine Verwendung von Reflexivpronomen.<\/em><\/li>\n<\/ul>\n<p>&nbsp;<\/p>\n<p style=\"text-align: center;\"><strong>Die andere Nachbarsprache, Portugiesisch<\/strong><\/p>\n<p>Wir wissen, dass <a href=\"https:\/\/de.wikipedia.org\/wiki\/Galicische_Sprache\" target=\"_blank\" rel=\"noopener\">Galicisch<\/a> wie <a href=\"https:\/\/de.wikipedia.org\/wiki\/Spanische_Sprache\" target=\"_blank\" rel=\"noopener\">Spanisch<\/a> klingt, aber in Wirklichkeit ist es historisch gesehen viel n\u00e4her am <a href=\"https:\/\/de.wikipedia.org\/wiki\/Portugiesische_Sprache\" target=\"_blank\" rel=\"noopener\">Portugiesischen<\/a>. Bis zur Mitte des Mittelalters waren Galicisch und Portugiesisch ein und dieselbe Sprache, die als <a href=\"https:\/\/de.wikipedia.org\/wiki\/Galicisch-portugiesische_Sprache\" target=\"_blank\" rel=\"noopener\">galicisch-portugiesische Sprache<\/a>.<\/p>\n<p>Heutzutage verwenden Organisationen, die sich f\u00fcr &#8220;reintegrationistische&#8221; Regelungen einsetzen, wie die Academia Galega da L\u00edngua Portuguesa, eine dem Portugiesischen \u00e4hnliche Rechtschreibung.<\/p>\n<p>Aber das <a href=\"https:\/\/de.wikipedia.org\/wiki\/Galicische_Sprache\" target=\"_blank\" rel=\"noopener\">Galicische<\/a> ist von der Phonetik her eher spanisch als portugiesisch. So gibt es beispielsweise keine nasalen Vokale, keine stimmhaften Zischlaute wie \/z\/ und \/\u0292\/ und keine Unterscheidung zwischen den Phonemen \/v\/, \/b\/. In der Rechtschreibung werden die Laute \/\u028e\/ und \/\u0272\/ als &#8220;ll&#8221; und &#8220;\u00f1&#8221; geschrieben, nicht als &#8220;lh&#8221; und &#8220;nh&#8221;.<\/p>\n<p>Besuchen Sie unsere Profile auf <a title=\"Translinguo Global\" href=\"https:\/\/www.facebook.com\/translinguoglobal\" target=\"_blank\" rel=\"noopener\">Facebook<\/a>, <a title=\"Translinguo Global\" href=\"https:\/\/www.instagram.com\/translinguoglobal\/\" target=\"_blank\" rel=\"noopener\">Instagram<\/a> und <a title=\"Trasnslinguo Global\" href=\"https:\/\/es.linkedin.com\/company\/agencia-de-traduccion-translinguo-global\" target=\"_blank\" rel=\"noopener\">Linkedin.<\/a><\/p>\n","protected":false},"excerpt":{"rendered":"<p>Galicisch ist eine Sprache, die aus der Entwicklung des Vulg\u00e4rlateins im Nordwesten der Iberischen Halbinsel hervorgegangen ist. <\/p>\n","protected":false},"author":3,"featured_media":68743,"parent":0,"menu_order":0,"comment_status":"closed","ping_status":"closed","template":"","meta":{"_crdt_document":"","inline_featured_image":false,"site-sidebar-layout":"no-sidebar","site-content-layout":"page-builder","ast-site-content-layout":"full-width-container","site-content-style":"default","site-sidebar-style":"default","ast-global-header-display":"","ast-banner-title-visibility":"","ast-main-header-display":"","ast-hfb-above-header-display":"","ast-hfb-below-header-display":"","ast-hfb-mobile-header-display":"","site-post-title":"disabled","ast-breadcrumbs-content":"","ast-featured-img":"disabled","footer-sml-layout":"","ast-disable-related-posts":"","theme-transparent-header-meta":"default","adv-header-id-meta":"","stick-header-meta":"","header-above-stick-meta":"","header-main-stick-meta":"","header-below-stick-meta":"","astra-migrate-meta-layouts":"default","ast-page-background-enabled":"default","ast-page-background-meta":{"desktop":{"background-color":"var(--ast-global-color-4)","background-image":"","background-repeat":"repeat","background-position":"center center","background-size":"auto","background-attachment":"scroll","background-type":"","background-media":"","overlay-type":"","overlay-color":"","overlay-opacity":"","overlay-gradient":""},"tablet":{"background-color":"","background-image":"","background-repeat":"repeat","background-position":"center center","background-size":"auto","background-attachment":"scroll","background-type":"","background-media":"","overlay-type":"","overlay-color":"","overlay-opacity":"","overlay-gradient":""},"mobile":{"background-color":"","background-image":"","background-repeat":"repeat","background-position":"center center","background-size":"auto","background-attachment":"scroll","background-type":"","background-media":"","overlay-type":"","overlay-color":"","overlay-opacity":"","overlay-gradient":""}},"ast-content-background-meta":{"desktop":{"background-color":"var(--ast-global-color-5)","background-image":"","background-repeat":"repeat","background-position":"center center","background-size":"auto","background-attachment":"scroll","background-type":"","background-media":"","overlay-type":"","overlay-color":"","overlay-opacity":"","overlay-gradient":""},"tablet":{"background-color":"var(--ast-global-color-5)","background-image":"","background-repeat":"repeat","background-position":"center center","background-size":"auto","background-attachment":"scroll","background-type":"","background-media":"","overlay-type":"","overlay-color":"","overlay-opacity":"","overlay-gradient":""},"mobile":{"background-color":"var(--ast-global-color-5)","background-image":"","background-repeat":"repeat","background-position":"center center","background-size":"auto","background-attachment":"scroll","background-type":"","background-media":"","overlay-type":"","overlay-color":"","overlay-opacity":"","overlay-gradient":""}},"footnotes":""},"class_list":["post-44489","page","type-page","status-publish","has-post-thumbnail","hentry"],"_links":{"self":[{"href":"https:\/\/translinguoglobal.com\/de\/wp-json\/wp\/v2\/pages\/44489","targetHints":{"allow":["GET"]}}],"collection":[{"href":"https:\/\/translinguoglobal.com\/de\/wp-json\/wp\/v2\/pages"}],"about":[{"href":"https:\/\/translinguoglobal.com\/de\/wp-json\/wp\/v2\/types\/page"}],"author":[{"embeddable":true,"href":"https:\/\/translinguoglobal.com\/de\/wp-json\/wp\/v2\/users\/3"}],"replies":[{"embeddable":true,"href":"https:\/\/translinguoglobal.com\/de\/wp-json\/wp\/v2\/comments?post=44489"}],"version-history":[{"count":0,"href":"https:\/\/translinguoglobal.com\/de\/wp-json\/wp\/v2\/pages\/44489\/revisions"}],"wp:featuredmedia":[{"embeddable":true,"href":"https:\/\/translinguoglobal.com\/de\/wp-json\/wp\/v2\/media\/68743"}],"wp:attachment":[{"href":"https:\/\/translinguoglobal.com\/de\/wp-json\/wp\/v2\/media?parent=44489"}],"curies":[{"name":"wp","href":"https:\/\/api.w.org\/{rel}","templated":true}]}}