{"id":44485,"date":"2022-05-27T07:44:22","date_gmt":"2022-05-27T07:44:22","guid":{"rendered":"https:\/\/translinguoglobal.com\/preisnachlaesse\/"},"modified":"2022-07-11T11:05:49","modified_gmt":"2022-07-11T11:05:49","slug":"preisnachlaesse","status":"publish","type":"page","link":"https:\/\/translinguoglobal.com\/de\/preisnachlaesse\/","title":{"rendered":"Preisnachl\u00e4sse"},"content":{"rendered":"<h2><strong>Preisnachl\u00e4sse<\/strong><\/h2>\n<p>Wir wissen, dass ein professioneller \u00dcbersetzungsdienst kostspielig sein kann. Deshalb pr\u00fcfen wir bei <a href=\"https:\/\/translinguoglobal.com\/de\/\">Translinguo Global\u00ae<\/a> jedes Angebot unabh\u00e4ngig. Ehrlichkeit und Transparenz sind zwei unserer Markenzeichen.<\/p>\n<p>Wenn Ihr Projekt also komplex und dicht ist und Sie m\u00f6chten, dass wir mit Ihnen sprechen, dann nehmen Sie auf jeden Fall Kontakt mit uns auf. Nat\u00fcrlich h\u00e4ngen die Rabatte von der Frist, dem Umfang und den Merkmalen des Projekts ab. Nehmen Sie Kontakt mit uns auf und lassen Sie uns dar\u00fcber reden!<\/p>\n<h2><strong>Vereinbarungen und Sonderregelungen<\/strong><\/h2>\n<p>Heutzutage ben\u00f6tigen viele Unternehmen einen st\u00e4ndigen \u00dcbersetzungs- oder\u00a0<em>Marketing<\/em>dienst. Zu diesem Zweck bietet <a href=\"https:\/\/translinguoglobal.com\/de\/\"><strong>Translinguo Global\u00ae<\/strong><\/a>\u00a0die M\u00f6glichkeit Vereinbarungen oder spezielle Rabatte f\u00fcr wiederkehrende Bestellungen zu unterzeichnen.<\/p>\n<p><a href=\"https:\/\/translinguoglobal.com\/de\/\"><strong>Translinguo Global\u00ae<\/strong><\/a>\u00a0bietet seinen Stammkunden und denjenigen die es werden wollen, Rabatte und die M\u00f6glichkeit einen Vertrag mit entsprechend erm\u00e4\u00dfigten Tarifen und Sonderkonditionen zu unterzeichnen, der auf ihre Bed\u00fcrfnisse zugeschnitten ist.<\/p>\n<p>Nehmen Sie mit uns Kontakt auf und schildern Sie uns Ihre Situation, damit wir eine f\u00fcr beide Seiten vorteilhafte Vereinbarung treffen k\u00f6nnen.<\/p>\n<p>WIN-WIN ist unsere Richtlinie.<\/p>\n","protected":false},"excerpt":{"rendered":"<p>Preisnachl\u00e4sse Wir wissen, dass ein professioneller \u00dcbersetzungsdienst kostspielig sein kann. Deshalb pr\u00fcfen wir bei Translinguo Global\u00ae jedes Angebot unabh\u00e4ngig. Ehrlichkeit und Transparenz sind zwei unserer Markenzeichen. Wenn Ihr Projekt also komplex und dicht ist und Sie m\u00f6chten, dass wir mit Ihnen sprechen, dann nehmen Sie auf jeden Fall Kontakt mit uns auf. Nat\u00fcrlich h\u00e4ngen die [&hellip;]<\/p>\n","protected":false},"author":3,"featured_media":44419,"parent":0,"menu_order":0,"comment_status":"closed","ping_status":"closed","template":"","meta":{"_crdt_document":"","inline_featured_image":false,"site-sidebar-layout":"default","site-content-layout":"default","ast-site-content-layout":"default","site-content-style":"default","site-sidebar-style":"default","ast-global-header-display":"","ast-banner-title-visibility":"","ast-main-header-display":"","ast-hfb-above-header-display":"","ast-hfb-below-header-display":"","ast-hfb-mobile-header-display":"","site-post-title":"","ast-breadcrumbs-content":"","ast-featured-img":"","footer-sml-layout":"","ast-disable-related-posts":"","theme-transparent-header-meta":"default","adv-header-id-meta":"","stick-header-meta":"","header-above-stick-meta":"","header-main-stick-meta":"","header-below-stick-meta":"","astra-migrate-meta-layouts":"default","ast-page-background-enabled":"default","ast-page-background-meta":{"desktop":{"background-color":"var(--ast-global-color-4)","background-image":"","background-repeat":"repeat","background-position":"center center","background-size":"auto","background-attachment":"scroll","background-type":"","background-media":"","overlay-type":"","overlay-color":"","overlay-opacity":"","overlay-gradient":""},"tablet":{"background-color":"","background-image":"","background-repeat":"repeat","background-position":"center center","background-size":"auto","background-attachment":"scroll","background-type":"","background-media":"","overlay-type":"","overlay-color":"","overlay-opacity":"","overlay-gradient":""},"mobile":{"background-color":"","background-image":"","background-repeat":"repeat","background-position":"center center","background-size":"auto","background-attachment":"scroll","background-type":"","background-media":"","overlay-type":"","overlay-color":"","overlay-opacity":"","overlay-gradient":""}},"ast-content-background-meta":{"desktop":{"background-color":"var(--ast-global-color-5)","background-image":"","background-repeat":"repeat","background-position":"center center","background-size":"auto","background-attachment":"scroll","background-type":"","background-media":"","overlay-type":"","overlay-color":"","overlay-opacity":"","overlay-gradient":""},"tablet":{"background-color":"var(--ast-global-color-5)","background-image":"","background-repeat":"repeat","background-position":"center center","background-size":"auto","background-attachment":"scroll","background-type":"","background-media":"","overlay-type":"","overlay-color":"","overlay-opacity":"","overlay-gradient":""},"mobile":{"background-color":"var(--ast-global-color-5)","background-image":"","background-repeat":"repeat","background-position":"center center","background-size":"auto","background-attachment":"scroll","background-type":"","background-media":"","overlay-type":"","overlay-color":"","overlay-opacity":"","overlay-gradient":""}},"footnotes":""},"class_list":["post-44485","page","type-page","status-publish","has-post-thumbnail","hentry"],"_links":{"self":[{"href":"https:\/\/translinguoglobal.com\/de\/wp-json\/wp\/v2\/pages\/44485","targetHints":{"allow":["GET"]}}],"collection":[{"href":"https:\/\/translinguoglobal.com\/de\/wp-json\/wp\/v2\/pages"}],"about":[{"href":"https:\/\/translinguoglobal.com\/de\/wp-json\/wp\/v2\/types\/page"}],"author":[{"embeddable":true,"href":"https:\/\/translinguoglobal.com\/de\/wp-json\/wp\/v2\/users\/3"}],"replies":[{"embeddable":true,"href":"https:\/\/translinguoglobal.com\/de\/wp-json\/wp\/v2\/comments?post=44485"}],"version-history":[{"count":0,"href":"https:\/\/translinguoglobal.com\/de\/wp-json\/wp\/v2\/pages\/44485\/revisions"}],"wp:featuredmedia":[{"embeddable":true,"href":"https:\/\/translinguoglobal.com\/de\/wp-json\/wp\/v2\/media\/44419"}],"wp:attachment":[{"href":"https:\/\/translinguoglobal.com\/de\/wp-json\/wp\/v2\/media?parent=44485"}],"curies":[{"name":"wp","href":"https:\/\/api.w.org\/{rel}","templated":true}]}}