{"id":44482,"date":"2022-05-27T07:44:10","date_gmt":"2022-05-27T07:44:10","guid":{"rendered":"https:\/\/translinguoglobal.com\/datenschutzrichtlinie\/"},"modified":"2023-04-04T13:15:38","modified_gmt":"2023-04-04T11:15:38","slug":"datenschutzrichtlinie","status":"publish","type":"page","link":"https:\/\/translinguoglobal.com\/de\/datenschutzrichtlinie\/","title":{"rendered":"Integritetspolicy"},"content":{"rendered":"<p><strong>DATENSCHUTZRICHTLINIE<\/strong><\/p>\n<p>Wenn wir Informationen von Ihnen einholen m\u00fcssen, werden wir Sie immer bitten, diese freiwillig und ausdr\u00fccklich anzugeben. Die \u00fcber die Datenerfassungsformulare auf der Website oder auf anderem Wege erhobenen Daten werden in die Verarbeitungssysteme von <strong>TRANSLINGUO CREATIVE GROUP S.L.<\/strong> aufgenommen.<\/p>\n<p>Diese Einrichtung wird die Daten vertraulich und ausschlie\u00dflich zum Zweck der Erbringung der angeforderten Dienstleistungen verarbeiten, mit allen rechtlichen und sicherheitstechnischen Garantien, die durch die Verordnung (EU) 2016\/679 des Europ\u00e4ischen Parlaments und des Rates vom 27. April 2016 zum Schutz nat\u00fcrlicher Personen bei der Verarbeitung personenbezogener Daten und zum freien Datenverkehr und das Gesetz 34\/2002 vom 11. Juli \u00fcber die Dienste der Informationsgesellschaft und den elektronischen Handel vorgeschrieben sind.<\/p>\n<p><strong>Wer ist der Verantwortliche f\u00fcr die Verarbeitung Ihrer Daten?<\/strong><\/p>\n<ul>\n<li>Verantwortlich ist <strong>TRANSLINGUO CREATIVE GROUP S.L.<\/strong>;<\/li>\n<li>Steuer-Identifikationsnummer:\u00a0<strong>B88509062<\/strong><\/li>\n<li>Anschrift:\u00a0<strong>Calle de Jacometrezo, 15-17, 28013, 5. Stock, T\u00fcr G, Madrid<\/strong><\/li>\n<li>E-Mail: <strong>info@translinguoglobal.com<\/strong><\/li>\n<li>Handelsregister: T 39680 , F 99, S 8, H M 705077, I\/A 1 (25.10.19)<\/li>\n<\/ul>\n<p><strong>Zu welchen Zwecken verarbeiten wir Ihre personenbezogenen Daten?<\/strong><\/p>\n<p>Bei <strong>TRANSLINGUO CREATIVE GROUP S.L. <\/strong>behandeln wir die uns von den Interessenten zur Verf\u00fcgung gestellten Informationen auf loyale, rechtm\u00e4\u00dfige und transparente Weise und halten dabei die Verordnung (EU) 2016\/679 des Europ\u00e4ischen Parlaments und des Rates vom 27. April und das Gesetz 3\/2018 vom 5. Dezember \u00fcber den Datenschutz und die Garantie der digitalen Rechte ein.<\/p>\n<p><strong><u>Wenn Sie KUNDE oder NUTZER sind<\/u><\/strong><\/p>\n<p>Wenn Sie Kunde oder Nutzer sind, verarbeiten wir die folgenden Kategorien von personenbezogenen Daten:<\/p>\n<ul>\n<li>Angaben zur Identifizierung (Vorname, Nachname, Personalausweisnummer&#8230;);<\/li>\n<li>Kontaktdaten (E-Mail, Whatsapp&#8230;);<\/li>\n<li>Bankdaten (Kontonummer, Bankkarte&#8230;);<\/li>\n<li>Sonstige Daten (von der betroffenen Person in offenen Formularen oder Mitteilungen zur Verf\u00fcgung gestellt).<\/li>\n<\/ul>\n<p>Wir verarbeiten Ihre Daten, um:<\/p>\n<ul>\n<li>die gew\u00fcnschten Dienstleistungen, Informationen und\/oder Produkte zu verwalten;<\/li>\n<li>Mitteilungen von Interesse zu versenden (wenn die betroffene Person ihre Einwilligung gegeben hat);<\/li>\n<li>die f\u00fcr den f\u00fcr die Datenverarbeitung Verantwortlichen geltenden rechtlichen Verpflichtungen zu erf\u00fcllen.<\/li>\n<\/ul>\n<p><strong><u>Wenn Sie ANGESTELLTER oder STELLENBEWERBER sind<\/u><\/strong><\/p>\n<p>Wenn Sie Arbeitnehmer oder Bewerber sind, werden wir die folgenden Kategorien personenbezogener Daten verarbeiten:<\/p>\n<ul>\n<li>Angaben zur Identifizierung (Vorname, Nachname, Personalausweisnummer&#8230;);<\/li>\n<li>Die im Lebenslauf enthaltenen Informationen (Studium, Berufserfahrung, Hobbys usw.);<\/li>\n<li>Kontaktdaten (E-Mail, Whatsapp&#8230;);<\/li>\n<li>Bankverbindung (Kontonummer, Kontoinhaber, SEPA-Lastschriftmandat);<\/li>\n<li>Bild;<\/li>\n<li>Sonstige Daten (von der betroffenen Person in offenen Formularen oder Mitteilungen zur Verf\u00fcgung gestellt).<\/li>\n<\/ul>\n<p>Wir verarbeiten Ihre Daten, zur:<\/p>\n<ul>\n<li>Verwaltung der Rechte und Pflichten im Zusammenhang mit dem Vertragsverh\u00e4ltnis;<\/li>\n<li>Auswahl der Kandidaten;<\/li>\n<li>Verwendung, Vervielf\u00e4ltigung oder Ver\u00f6ffentlichung des Bildes, des Namens und der Stimme (wenn die betreffende Person die entsprechende Genehmigung erteilt hat);<\/li>\n<li>Einhaltung der rechtlichen Verpflichtungen der Unternehmen.<\/li>\n<\/ul>\n<p><strong><u>Wenn Sie DIENSTLEISTER unseres Unternehmens sind<\/u><\/strong><\/p>\n<p>Wenn Sie ein Dienstleister sind, werden wir die folgenden Kategorien personenbezogener Daten verarbeiten:<\/p>\n<ul>\n<li>Angaben zur Identifizierung (Vorname, Nachname, Personalausweisnummer&#8230;);<\/li>\n<li>Kontaktdaten (E-Mail, Whatsapp&#8230;);<\/li>\n<li>Bankdaten (Kontonummer, Abrechnung&#8230;);<\/li>\n<li>Sonstige Daten (von der betroffenen Person in offenen Formularen oder Mitteilungen zur Verf\u00fcgung gestellt).<\/li>\n<\/ul>\n<p>Wir verarbeiten Ihre Daten, zur:<\/p>\n<ul>\n<li>Verwaltung, Buchhaltung und Steuerverwaltung;<\/li>\n<li>\u00dcberwachung und Kontrolle der Gesch\u00e4ftsbeziehung;<\/li>\n<li>Einhaltung der rechtlichen Verpflichtungen der Unternehmen.<\/li>\n<\/ul>\n<p><strong>\u00a0Bin ich verpflichtet, personenbezogene Daten anzugeben?<\/strong><\/p>\n<p><strong>TRANSLINGUO CREATIVE GROUP S.L. <\/strong>fordert nur die Daten an, die f\u00fcr die Erf\u00fcllung des Zwecks, f\u00fcr den sie erhoben wurden, unbedingt erforderlich sind, so dass die angeforderte Dienstleistung nicht erbracht werden kann, wenn sie nicht bereitgestellt werden.<\/p>\n<p><strong>\u00a0Wie lange werden wir Ihre Daten aufbewahren?<\/strong><\/p>\n<p>Die pers\u00f6nlichen Daten, die w\u00e4hrend der Beziehung zwischen dem Interessenten und <strong>TRANSLINGUO CREATIVE GROUP S.L.<\/strong> zur Verf\u00fcgung gestellt und erhalten werden, werden f\u00fcr einen Zeitraum von maximal f\u00fcnf Jahren ab der letzten Interessensbest\u00e4tigung aufbewahrt oder solange wir durch eine gesetzliche Bestimmung dazu verpflichtet sind; in diesem Fall werden sie ordnungsgem\u00e4\u00df gesperrt, aufbewahrt und gel\u00f6scht, wenn sie nicht mehr erforderlich sind.<\/p>\n<p><strong>Wodurch wird die Verarbeitung Ihrer Daten legitimiert?<\/strong><\/p>\n<p>Gem\u00e4\u00df Artikel 6.1 der Verordnung (EU) 2016\/679 vom 27. April teilen wir Ihnen mit, dass die Rechtm\u00e4\u00dfigkeit der Verarbeitung Ihrer Daten wie folgt ist:<\/p>\n<ol>\n<li><em>die betroffene Person hat ihre Einwilligung zur Verarbeitung ihrer personenbezogenen Daten f\u00fcr einen oder mehrere bestimmte Zwecke gegeben und\/oder<\/em><\/li>\n<li>die Verarbeitung ist f\u00fcr die Erf\u00fcllung eines Vertrags, dessen Vertragspartei die betroffene Person ist, erforderlich und\/oder<\/li>\n<li><em>die Verarbeitung ist zur Erf\u00fcllung einer rechtlichen Verpflichtung erforderlich, der der f\u00fcr die Verarbeitung verantwortlichen Person unterliegt und\/oder<\/em><\/li>\n<li><em>die Verarbeitung ist zur Wahrung der berechtigten Interessen des f\u00fcr die Verarbeitung Verantwortlichen oder eines Dritten erforderlich, sofern nicht die Interessen oder Grundrechte und Grundfreiheiten der betroffenen Person, die den Schutz personenbezogener Daten erfordern, \u00fcberwiegen, insbesondere wenn es sich bei der betroffenen Person um ein Kind handelt.<\/em><\/li>\n<\/ol>\n<p><strong>\u00a0An welche Empf\u00e4nger werden Ihre Daten weitergegeben?<\/strong><\/p>\n<p>Die von <strong>TRANSLINGUO CREATIVE GROUP S.L.<\/strong> verarbeiteten Daten k\u00f6nnen an Dritte weitergegeben werden, wenn wir dazu gesetzlich verpflichtet sind.<\/p>\n<p><strong>TRANSLINGUO CREATIVE GROUP S.L.<\/strong> hat auch Dienstleister, f\u00fcr die es notwendig ist, Daten in verschiedenen Gesch\u00e4ftsbereichen (Verwaltung, Buchhaltung, Steuern, Marketing, Arbeit&#8230;) zu \u00fcbermitteln. Die Beziehung zu diesen Unternehmen wird gem\u00e4\u00df Artikel 28 der Verordnung (EU) 2016\/679 des Europ\u00e4ischen Parlaments und des Rates vom 27. April 2016 (GDPR) geregelt. Die Daten, auf die wir von diesen Unternehmen zugreifen, werden nur f\u00fcr den erforderlichen Gesch\u00e4ftszweck verwendet und nicht f\u00fcr weitere Zwecke aufbewahrt.<\/p>\n<p><strong>\u00a0Welche Rechte haben Sie, wenn Sie uns Ihre Daten zur Verf\u00fcgung stellen?<\/strong><\/p>\n<p>Jeder Betroffene hat das Recht eine Best\u00e4tigung dar\u00fcber zu erhalten, ob <strong>TRANSLINGUO CREATIVE GROUP S.L.<\/strong> seine pers\u00f6nlichen Daten verarbeitet oder nicht.<\/p>\n<p>Die Betroffenen haben das Recht, auf ihre personenbezogenen Daten zuzugreifen sowie die Berichtigung unrichtiger Daten oder gegebenenfalls deren L\u00f6schung zu verlangen, wenn die Daten unter anderem f\u00fcr die Zwecke, f\u00fcr die sie erhoben wurden, nicht mehr erforderlich sind.<\/p>\n<p>Unter bestimmten Umst\u00e4nden k\u00f6nnen betroffene Personen verlangen, dass wir die Verarbeitung ihrer Daten einschr\u00e4nken; in diesem Fall werden wir die Daten nur zum Zweck der Geltendmachung oder Abwehr von Anspr\u00fcchen aufbewahren.\u00a0 Die Nutzer k\u00f6nnen auch der Verarbeitung ihrer Daten widersprechen.\u00a0<strong>TRANSLINGUO CREATIVE GROUP S.L. <\/strong>wird die Verarbeitung der Daten einstellen, es sei denn, es liegen zwingende berechtigte Gr\u00fcnde vor, dies nicht zu tun, oder es geht um die Geltendmachung oder Verteidigung von Anspr\u00fcchen.<\/p>\n<p>Der Nutzer kann jederzeit und kostenlos eine Mitteilung an <strong>TRANSLINGUO CREATIVE GROUP S.L.<\/strong> unter der Anschrift der verantwortlichen Person oder per E-Mail an <a href=\"mailto:privacy@translinguo.es\">privacy@translinguo.es<\/a> senden, unter Beif\u00fcgung einer Fotokopie seines Ausweises, falls dies zur Identifizierung erforderlich ist, um:<\/p>\n<ul>\n<li>die erteilten Zustimmungen zu widerrufen;<\/li>\n<li>eine Best\u00e4tigung dar\u00fcber zu erhalten, ob personenbezogene Daten des Nutzers verarbeitet werden oder nicht;<\/li>\n<li>auf Ihre pers\u00f6nlichen Daten zuzugreifen;<\/li>\n<li>ungenaue oder unvollst\u00e4ndige Daten zu berichtigen;<\/li>\n<li>die L\u00f6schung Ihrer Daten zu verlangen, wenn die Daten unter anderem f\u00fcr die Zwecke, f\u00fcr die sie erhoben wurden, nicht mehr erforderlich sind;<\/li>\n<li>die Einschr\u00e4nkung der Datenverarbeitung zu erwirken, wenn eine der in den Datenschutzbestimmungen vorgesehenen Bedingungen erf\u00fcllt ist;<\/li>\n<li>die \u00dcbertragbarkeit Ihrer Daten zu beantragen;<\/li>\n<li>sich an den DSB von <strong>TRANSLINGUO CREATIVE GROUP S.L.<\/strong> zu wenden;<\/li>\n<li>eine Beschwerde bei der Aufsichtsbeh\u00f6rde (<a href=\"http:\/\/www.aepd\/\" target=\"_blank\" rel=\"noopener\">aepd<\/a>) einzureichen, wenn Sie der Ansicht sind, dass Ihre Rechte nach den geltenden Datenschutzbestimmungen verletzt wurden.<\/li>\n<\/ul>\n<p><strong>TRANSLINGUO CREATIVE GROUP S.L. <\/strong>wendet die entsprechenden Sicherheitsniveaus an, die von den oben genannten Vorschriften zum Schutz personenbezogener Daten und anderen geltenden Vorschriften gefordert werden. Diese Sicherheitsniveaus sind gem\u00e4\u00df Artikel 28 der Verordnung (EU) 2016\/679 (GDPR) f\u00fcr diejenigen Stellen verbindlich, die aufgrund eines Vertragsverh\u00e4ltnisses und\/oder der Erbringung einer Dienstleistung auf unsere Daten zugreifen.<\/p>\n<p>Es wird jedoch keine Haftung f\u00fcr Sch\u00e4den \u00fcbernommen, die durch Ver\u00e4nderungen entstehen, die Dritte an den Computersystemen, elektronischen Dokumenten oder Dateien des Nutzers vornehmen.<\/p>\n<p>Im Rahmen der Bereitstellung von Diensten auf der Webseite k\u00f6nnen <em>Cookies <\/em>verwendet werden. <em>Cookies<\/em> sind physische Dateien mit pers\u00f6nlichen Informationen, die auf dem Endger\u00e4t des Nutzers gespeichert werden. Der Nutzer hat die M\u00f6glichkeit, seinen Browser so zu konfigurieren, dass er die Erstellung von <em>Cookie<\/em>-Dateien verhindert oder ihn darauf hinweist. Pr\u00fcfen Sie unsere <em>Cookie<\/em>-Richtlinie \u00fcber den Link, den Sie auf dieser Webseite finden.<\/p>\n<p>Wenn Sie unsere Website \u00fcber Links zu Websites verlassen, die nicht zu unserem Unternehmen, <strong>TRANSLINGUO CREATIVE GROUP S.L.<\/strong>, geh\u00f6ren, ist <strong>TRANSLINGUO CREATIVE GROUP S.L.<\/strong> nicht f\u00fcr die Datenschutzrichtlinien dieser Websites oder die <em>Cookies<\/em>, die sie auf Ihrem Computer speichern, verantwortlich.<\/p>\n<p>Unsere Richtlinie in Bezug auf E-Mails lautet, dass wir nur Mitteilungen versenden, die Sie angefordert haben.<\/p>\n<p>Wenn Sie es vorziehen, diese Nachrichten nicht per E-Mail zu erhalten, bieten wir Ihnen die M\u00f6glichkeit, von Ihrem Recht Gebrauch zu machen und auf den Erhalt dieser Nachrichten zu verzichten, gem\u00e4\u00df den Bestimmungen von Titel III, Artikel 22 des Gesetzes 34\/2002 \u00fcber Dienstleistungen f\u00fcr die Informationsgesellschaft und den elektronischen Handel.<\/p>\n<p>&nbsp;<\/p>\n","protected":false},"excerpt":{"rendered":"<p>DATENSCHUTZRICHTLINIE Wenn wir Informationen von Ihnen einholen m\u00fcssen, werden wir Sie immer bitten, diese freiwillig und ausdr\u00fccklich anzugeben. Die \u00fcber die Datenerfassungsformulare auf der Website oder auf anderem Wege erhobenen Daten werden in die Verarbeitungssysteme von TRANSLINGUO CREATIVE GROUP S.L. aufgenommen. Diese Einrichtung wird die Daten vertraulich und ausschlie\u00dflich zum Zweck der Erbringung der angeforderten [&hellip;]<\/p>\n","protected":false},"author":3,"featured_media":0,"parent":0,"menu_order":0,"comment_status":"closed","ping_status":"closed","template":"","meta":{"_crdt_document":"","inline_featured_image":false,"site-sidebar-layout":"default","site-content-layout":"default","ast-site-content-layout":"default","site-content-style":"default","site-sidebar-style":"default","ast-global-header-display":"","ast-banner-title-visibility":"","ast-main-header-display":"","ast-hfb-above-header-display":"","ast-hfb-below-header-display":"","ast-hfb-mobile-header-display":"","site-post-title":"","ast-breadcrumbs-content":"","ast-featured-img":"","footer-sml-layout":"","ast-disable-related-posts":"","theme-transparent-header-meta":"default","adv-header-id-meta":"","stick-header-meta":"","header-above-stick-meta":"","header-main-stick-meta":"","header-below-stick-meta":"","astra-migrate-meta-layouts":"default","ast-page-background-enabled":"default","ast-page-background-meta":{"desktop":{"background-color":"var(--ast-global-color-4)","background-image":"","background-repeat":"repeat","background-position":"center center","background-size":"auto","background-attachment":"scroll","background-type":"","background-media":"","overlay-type":"","overlay-color":"","overlay-opacity":"","overlay-gradient":""},"tablet":{"background-color":"","background-image":"","background-repeat":"repeat","background-position":"center center","background-size":"auto","background-attachment":"scroll","background-type":"","background-media":"","overlay-type":"","overlay-color":"","overlay-opacity":"","overlay-gradient":""},"mobile":{"background-color":"","background-image":"","background-repeat":"repeat","background-position":"center center","background-size":"auto","background-attachment":"scroll","background-type":"","background-media":"","overlay-type":"","overlay-color":"","overlay-opacity":"","overlay-gradient":""}},"ast-content-background-meta":{"desktop":{"background-color":"var(--ast-global-color-5)","background-image":"","background-repeat":"repeat","background-position":"center center","background-size":"auto","background-attachment":"scroll","background-type":"","background-media":"","overlay-type":"","overlay-color":"","overlay-opacity":"","overlay-gradient":""},"tablet":{"background-color":"var(--ast-global-color-5)","background-image":"","background-repeat":"repeat","background-position":"center center","background-size":"auto","background-attachment":"scroll","background-type":"","background-media":"","overlay-type":"","overlay-color":"","overlay-opacity":"","overlay-gradient":""},"mobile":{"background-color":"var(--ast-global-color-5)","background-image":"","background-repeat":"repeat","background-position":"center center","background-size":"auto","background-attachment":"scroll","background-type":"","background-media":"","overlay-type":"","overlay-color":"","overlay-opacity":"","overlay-gradient":""}},"footnotes":""},"class_list":["post-44482","page","type-page","status-publish","hentry"],"_links":{"self":[{"href":"https:\/\/translinguoglobal.com\/de\/wp-json\/wp\/v2\/pages\/44482","targetHints":{"allow":["GET"]}}],"collection":[{"href":"https:\/\/translinguoglobal.com\/de\/wp-json\/wp\/v2\/pages"}],"about":[{"href":"https:\/\/translinguoglobal.com\/de\/wp-json\/wp\/v2\/types\/page"}],"author":[{"embeddable":true,"href":"https:\/\/translinguoglobal.com\/de\/wp-json\/wp\/v2\/users\/3"}],"replies":[{"embeddable":true,"href":"https:\/\/translinguoglobal.com\/de\/wp-json\/wp\/v2\/comments?post=44482"}],"version-history":[{"count":0,"href":"https:\/\/translinguoglobal.com\/de\/wp-json\/wp\/v2\/pages\/44482\/revisions"}],"wp:attachment":[{"href":"https:\/\/translinguoglobal.com\/de\/wp-json\/wp\/v2\/media?parent=44482"}],"curies":[{"name":"wp","href":"https:\/\/api.w.org\/{rel}","templated":true}]}}