{"id":44481,"date":"2022-05-27T07:44:10","date_gmt":"2022-05-27T07:44:10","guid":{"rendered":"https:\/\/translinguoglobal.com\/uebersetzungsagentur-fuer-japanisch\/"},"modified":"2022-07-15T09:34:54","modified_gmt":"2022-07-15T09:34:54","slug":"uebersetzungsagentur-fuer-japanisch","status":"publish","type":"page","link":"https:\/\/translinguoglobal.com\/de\/uebersetzungsagentur-fuer-japanisch\/","title":{"rendered":"\u00dcbersetzungsagentur f\u00fcr Japanisch"},"content":{"rendered":"<h3 style=\"text-align: center;\"><strong>Japanischkenntnisse<\/strong><\/h3>\n<p><a href=\"https:\/\/de.wikipedia.org\/wiki\/Japanische_Sprache\" target=\"_blank\" rel=\"noopener\">Japanisch<\/a> hat nichts mit <a href=\"https:\/\/de.wikipedia.org\/wiki\/Chinesische_Sprachen\" target=\"_blank\" rel=\"noopener\">Chinesisch<\/a> zu tun, da sie nicht zur selben Sprachfamilie geh\u00f6ren. Es wird nur mit der altaischen Sprachfamilie wie <a href=\"https:\/\/de.wikipedia.org\/wiki\/T\u00fcrkische_Sprache\" target=\"_blank\" rel=\"noopener\">T\u00fcrkisch<\/a>, <a href=\"https:\/\/de.wikipedia.org\/wiki\/Mongolische_Sprache\" target=\"_blank\" rel=\"noopener\">Mongolisch<\/a> oder <a href=\"https:\/\/de.wikipedia.org\/wiki\/Koreanische_Sprache\" target=\"_blank\" rel=\"noopener\">Koreanisch<\/a> in Verbindung gebracht. Es gibt n\u00e4mlich keine direkte Herkunftssprache als solche. Es gilt daher als eine der einzigartigsten Sprachen der Welt. Die <a href=\"https:\/\/de.wikipedia.org\/wiki\/Japanische_Sprache\" target=\"_blank\" rel=\"noopener\">japanische Sprache<\/a> wird von etwa 150 Millionen Menschen gesprochen. Ein kurioser Fakt \u00fcber <a href=\"https:\/\/de.wikipedia.org\/wiki\/Japanische_Sprache\" target=\"_blank\" rel=\"noopener\">Japanisch<\/a> ist, dass es die am schnellsten gesprochene Sprache ist. Gleichzeitig liefert es die geringste Menge an Informationen pro Sekunde.<\/p>\n<p>Man nimmt an, dass diese Sprache 40.000 v. Chr. entstanden ist. Sie wurde wie andere Sprachen auch, m\u00fcndlich weitergegeben als die japanisch sprechenden V\u00f6lker auf dem japanischen Archipel lebten. Ab dem 4. Jahrhundert n. Chr. waren es jedoch chinesische buddhistische M\u00f6nche, die die japanische Schrift entwickelten.<\/p>\n<h3 style=\"text-align: center;\"><strong>Probleme, die das \u00dcbersetzen von Japanisch erschweren<\/strong><\/h3>\n<p>Die<a href=\"https:\/\/de.wikipedia.org\/wiki\/Japanische_Sprache\" target=\"_blank\" rel=\"noopener\"> japanische Sprache<\/a> weist viele verschiedene Schwierigkeiten auf, d.h. sie ist sehr komplex. Einerseits hat die japanische Sprache keine Artikel. Die Japaner unterscheiden zum Beispiel nicht zwischen &#8220;ein&#8221; und &#8220;einige&#8221;. Im Gegensatz zu den meisten Sprachen muss man im Japanischen mehrere W\u00f6rter lernen, wenn man sich f\u00f6rmlich ausdr\u00fccken will.<\/p>\n<p><a href=\"https:\/\/de.wikipedia.org\/wiki\/Japanische_Sprache\" target=\"_blank\" rel=\"noopener\">Japanisch<\/a> ist eine agglutinierende Sprache (wie Ungarisch). Das hei\u00dft, es bildet grammatikalische S\u00e4tze, indem es mehrere Elemente, die ein feste Lage haben, zu einem einzigen Wort zusammenf\u00fcgt. Im Gegensatz zum Englischen gibt es im Japanischen kein Alphabet als solches. Es besteht aus zwei Silbenschriften und Tausenden von Idiogrammen (chinesischen Buchstaben). Das Studium der japanischen Sprache erfordert viel Hingabe und Geduld.<\/p>\n<h3 style=\"text-align: center;\"><strong>Von \u00dcbersetzungsagenturen angebotene Dienstleistungen<\/strong><\/h3>\n<p>Die Inanspruchnahme von Japanisch-\u00dcbersetzungsdiensten kann das internationale Wachstum Ihres Unternehmens garantieren. Spanien wird zum Beispiel von mehr als 200.000 japanischen Touristen besucht. Daher sind spanische Unternehmen die mit dem Tourismus zu tun haben recht erfolgreich. Deshalb kann es f\u00fcr Sie von Vorteil sein die Inhalte Ihres Unternehmens ins Japanische zu \u00fcbersetzen.<\/p>\n<p>Beim \u00dcbersetzen geht es darum einen fl\u00fcssigen und koh\u00e4renten Text zu erstellen, der effektiv und genau ist. Auf diese Weise wird die Botschaft dem Kunden \u00fcberzeugend vermittelt. Dazu ist jedoch die Hilfe von jemandem erforderlich der die Sprache und ihre Kultur kennt. Aus diesem Grund sind f\u00fcr die \u00dcbersetzung ins Japanische Muttersprachler und Fachleute erforderlich, die sich auf diese Sprache spezialisiert haben. Ziel der \u00dcbersetzung ist es, das Wesentliche der Botschaft unter Ber\u00fccksichtigung der Kultur der jeweiligen Sprache zu vermitteln.<\/p>\n<p>Alle Arten von Texten k\u00f6nnen ins <a href=\"https:\/\/de.wikipedia.org\/wiki\/Japanische_Sprache\" target=\"_blank\" rel=\"noopener\">Japanische<\/a> \u00fcbersetzt werden, einschlie\u00dflich der Untertitelung von Videos. \u00dcbersetzungsagenturen bieten in der Regel folgende Dienstleistungen an: \u00dcbersetzung von Websites, Apps, Brosch\u00fcren, Katalogen, Anzeigen und vielem mehr.<\/p>\n<p>Besuchen Sie unsere Profile auf <a title=\"Translinguo Global\" href=\"https:\/\/www.facebook.com\/translinguoglobal\" target=\"_blank\" rel=\"noopener\">Facebook<\/a>, <a title=\"Translinguo Global\" href=\"https:\/\/www.instagram.com\/translinguoglobal\/\" target=\"_blank\" rel=\"noopener\">Instagram<\/a> und <a title=\"Trasnslinguo Global\" href=\"https:\/\/es.linkedin.com\/company\/agencia-de-traduccion-translinguo-global\" target=\"_blank\" rel=\"noopener\">Linkedin.<\/a><\/p>\n","protected":false},"excerpt":{"rendered":"<p>Japanischkenntnisse Japanisch hat nichts mit Chinesisch zu tun, da sie nicht zur selben Sprachfamilie geh\u00f6ren. Es wird nur mit der altaischen Sprachfamilie wie T\u00fcrkisch, Mongolisch oder Koreanisch in Verbindung gebracht. Es gibt n\u00e4mlich keine direkte Herkunftssprache als solche. Es gilt daher als eine der einzigartigsten Sprachen der Welt. Die japanische Sprache wird von etwa 150 [&hellip;]<\/p>\n","protected":false},"author":3,"featured_media":41795,"parent":0,"menu_order":0,"comment_status":"closed","ping_status":"closed","template":"","meta":{"_crdt_document":"","inline_featured_image":false,"site-sidebar-layout":"no-sidebar","site-content-layout":"page-builder","ast-site-content-layout":"full-width-container","site-content-style":"default","site-sidebar-style":"default","ast-global-header-display":"","ast-banner-title-visibility":"","ast-main-header-display":"","ast-hfb-above-header-display":"","ast-hfb-below-header-display":"","ast-hfb-mobile-header-display":"","site-post-title":"disabled","ast-breadcrumbs-content":"","ast-featured-img":"disabled","footer-sml-layout":"","ast-disable-related-posts":"","theme-transparent-header-meta":"default","adv-header-id-meta":"","stick-header-meta":"","header-above-stick-meta":"","header-main-stick-meta":"","header-below-stick-meta":"","astra-migrate-meta-layouts":"default","ast-page-background-enabled":"default","ast-page-background-meta":{"desktop":{"background-color":"var(--ast-global-color-4)","background-image":"","background-repeat":"repeat","background-position":"center center","background-size":"auto","background-attachment":"scroll","background-type":"","background-media":"","overlay-type":"","overlay-color":"","overlay-opacity":"","overlay-gradient":""},"tablet":{"background-color":"","background-image":"","background-repeat":"repeat","background-position":"center center","background-size":"auto","background-attachment":"scroll","background-type":"","background-media":"","overlay-type":"","overlay-color":"","overlay-opacity":"","overlay-gradient":""},"mobile":{"background-color":"","background-image":"","background-repeat":"repeat","background-position":"center center","background-size":"auto","background-attachment":"scroll","background-type":"","background-media":"","overlay-type":"","overlay-color":"","overlay-opacity":"","overlay-gradient":""}},"ast-content-background-meta":{"desktop":{"background-color":"var(--ast-global-color-5)","background-image":"","background-repeat":"repeat","background-position":"center center","background-size":"auto","background-attachment":"scroll","background-type":"","background-media":"","overlay-type":"","overlay-color":"","overlay-opacity":"","overlay-gradient":""},"tablet":{"background-color":"var(--ast-global-color-5)","background-image":"","background-repeat":"repeat","background-position":"center center","background-size":"auto","background-attachment":"scroll","background-type":"","background-media":"","overlay-type":"","overlay-color":"","overlay-opacity":"","overlay-gradient":""},"mobile":{"background-color":"var(--ast-global-color-5)","background-image":"","background-repeat":"repeat","background-position":"center center","background-size":"auto","background-attachment":"scroll","background-type":"","background-media":"","overlay-type":"","overlay-color":"","overlay-opacity":"","overlay-gradient":""}},"footnotes":""},"class_list":["post-44481","page","type-page","status-publish","has-post-thumbnail","hentry"],"_links":{"self":[{"href":"https:\/\/translinguoglobal.com\/de\/wp-json\/wp\/v2\/pages\/44481","targetHints":{"allow":["GET"]}}],"collection":[{"href":"https:\/\/translinguoglobal.com\/de\/wp-json\/wp\/v2\/pages"}],"about":[{"href":"https:\/\/translinguoglobal.com\/de\/wp-json\/wp\/v2\/types\/page"}],"author":[{"embeddable":true,"href":"https:\/\/translinguoglobal.com\/de\/wp-json\/wp\/v2\/users\/3"}],"replies":[{"embeddable":true,"href":"https:\/\/translinguoglobal.com\/de\/wp-json\/wp\/v2\/comments?post=44481"}],"version-history":[{"count":0,"href":"https:\/\/translinguoglobal.com\/de\/wp-json\/wp\/v2\/pages\/44481\/revisions"}],"wp:featuredmedia":[{"embeddable":true,"href":"https:\/\/translinguoglobal.com\/de\/wp-json\/wp\/v2\/media\/41795"}],"wp:attachment":[{"href":"https:\/\/translinguoglobal.com\/de\/wp-json\/wp\/v2\/media?parent=44481"}],"curies":[{"name":"wp","href":"https:\/\/api.w.org\/{rel}","templated":true}]}}