{"id":44478,"date":"2022-05-27T07:44:09","date_gmt":"2022-05-27T07:44:09","guid":{"rendered":"https:\/\/translinguoglobal.com\/tarife-fuer-uebersetzungen\/"},"modified":"2022-07-11T10:50:39","modified_gmt":"2022-07-11T10:50:39","slug":"tarife-fuer-uebersetzungen","status":"publish","type":"page","link":"https:\/\/translinguoglobal.com\/de\/tarife-fuer-uebersetzungen\/","title":{"rendered":"Tarife f\u00fcr \u00dcbersetzungen"},"content":{"rendered":"\t\t<div data-elementor-type=\"wp-page\" data-elementor-id=\"44478\" class=\"elementor elementor-44478 elementor-34043\" data-elementor-post-type=\"page\">\n\t\t\t\t\t\t<section data-particle_enable=\"false\" data-particle-mobile-disabled=\"false\" class=\"elementor-section elementor-top-section elementor-element elementor-element-1454fd65 elementor-section-boxed elementor-section-height-default elementor-section-height-default\" data-id=\"1454fd65\" data-element_type=\"section\" data-e-type=\"section\">\n\t\t\t\t\t\t<div class=\"elementor-container elementor-column-gap-default\">\n\t\t\t\t\t<div class=\"elementor-column elementor-col-100 elementor-top-column elementor-element elementor-element-762491db\" data-id=\"762491db\" data-element_type=\"column\" data-e-type=\"column\">\n\t\t\t<div class=\"elementor-widget-wrap elementor-element-populated\">\n\t\t\t\t\t\t<div class=\"elementor-element elementor-element-5cae6272 elementor-widget elementor-widget-text-editor\" data-id=\"5cae6272\" data-element_type=\"widget\" data-e-type=\"widget\" data-widget_type=\"text-editor.default\">\n\t\t\t\t\t\t\t\t\t<h2>Tarife f\u00fcr \u00dcbersetzungen<\/h2><p>In unserer Agentur ist es von entscheidender Bedeutung klare und transparente Informationen zu jeder unserer Dienstleistungen anzubieten. Deshalb haben wir wettbewerbsf\u00e4hige \u00dcbersetzungspreise.<\/p><p>Unser Preissystem basiert auf einem Satz pro Originalwort. Dies ist in der \u00dcbersetzungsbranche \u00fcblich. In anderen F\u00e4llen bevorzugen unsere Kunden einen konstanten und exklusiven \u00dcbersetzungsdienst. Daher k\u00f6nnen wir die M\u00f6glichkeit pr\u00fcfen Vereinbarungen und Partnerschaftsvertr\u00e4ge mit einer festen monatlichen Zahlung zu schlie\u00dfen. Es ist die kosteng\u00fcnstigste und wettbewerbsf\u00e4higste Option f\u00fcr Unternehmen mit einem hohen \u00dcbersetzungsvolumen.<\/p><p>F\u00fcr weitere Informationen zu unseren \u00dcbersetzungstarifen und Kooperationsvertr\u00e4gen wenden Sie sich bitte an<a href=\"mailto:info@translinguoglobal.com\">\u00a0info@translinguoglobal.com<\/a>\u00a0oder rufen Sie uns an unter\u00a0+34 656 35 27 41.<\/p><p>Sie k\u00f6nnen unsere Profile auch auf <a href=\"https:\/\/www.facebook.com\/translinguoglobal\" target=\"_blank\" rel=\"noopener noreferrer\"><u>Facebook<\/u><\/a>,\u00a0<a href=\"https:\/\/www.instagram.com\/translinguoglobal\/\" target=\"_blank\" rel=\"noopener noreferrer\"><u>Instagram<\/u><\/a>\u00a0und\u00a0<a href=\"https:\/\/es.linkedin.com\/company\/agencia-de-traduccion-translinguo-global\" target=\"_blank\" rel=\"noopener noreferrer\"><u>Linkedin besuchen.<\/u><\/a><br \/>Wenn Sie an einer dieser Dienstleistungen interessiert sind, klicken Sie auf die Kombination die Sie interessiert.<\/p>\t\t\t\t\t\t\t\t<\/div>\n\t\t\t\t\t<\/div>\n\t\t<\/div>\n\t\t\t\t\t<\/div>\n\t\t<\/section>\n\t\t\t\t<section data-particle_enable=\"false\" data-particle-mobile-disabled=\"false\" class=\"elementor-section elementor-top-section elementor-element elementor-element-ecdcbc6 elementor-section-boxed elementor-section-height-default elementor-section-height-default\" data-id=\"ecdcbc6\" data-element_type=\"section\" data-e-type=\"section\">\n\t\t\t\t\t\t<div class=\"elementor-container elementor-column-gap-default\">\n\t\t\t\t\t<div class=\"elementor-column elementor-col-100 elementor-top-column elementor-element elementor-element-118cede\" data-id=\"118cede\" data-element_type=\"column\" data-e-type=\"column\">\n\t\t\t<div class=\"elementor-widget-wrap elementor-element-populated\">\n\t\t\t\t\t\t<div class=\"elementor-element elementor-element-6e3d03d elementor-tabs-view-horizontal elementor-widget elementor-widget-tabs\" data-id=\"6e3d03d\" data-element_type=\"widget\" data-e-type=\"widget\" data-widget_type=\"tabs.default\">\n\t\t\t\t\t\t\t<div class=\"elementor-tabs\">\n\t\t\t<div class=\"elementor-tabs-wrapper\" role=\"tablist\" >\n\t\t\t\t\t\t\t\t\t<div id=\"elementor-tab-title-1151\" class=\"elementor-tab-title elementor-tab-desktop-title\" aria-selected=\"true\" data-tab=\"1\" role=\"tab\" tabindex=\"0\" aria-controls=\"elementor-tab-content-1151\" aria-expanded=\"false\">Vom Spanischen in andere Sprachen<\/div>\n\t\t\t\t\t\t\t\t\t<div id=\"elementor-tab-title-1152\" class=\"elementor-tab-title elementor-tab-desktop-title\" aria-selected=\"false\" data-tab=\"2\" role=\"tab\" tabindex=\"-1\" aria-controls=\"elementor-tab-content-1152\" aria-expanded=\"false\">Aus einer Fremdsprache ins Spanische<\/div>\n\t\t\t\t\t\t\t\t\t<div id=\"elementor-tab-title-1153\" class=\"elementor-tab-title elementor-tab-desktop-title\" aria-selected=\"false\" data-tab=\"3\" role=\"tab\" tabindex=\"-1\" aria-controls=\"elementor-tab-content-1153\" aria-expanded=\"false\">Sprachkombinationen<\/div>\n\t\t\t\t\t\t\t<\/div>\n\t\t\t<div class=\"elementor-tabs-content-wrapper\" role=\"tablist\" aria-orientation=\"vertical\">\n\t\t\t\t\t\t\t\t\t<div class=\"elementor-tab-title elementor-tab-mobile-title\" aria-selected=\"true\" data-tab=\"1\" role=\"tab\" tabindex=\"0\" aria-controls=\"elementor-tab-content-1151\" aria-expanded=\"false\">Vom Spanischen in andere Sprachen<\/div>\n\t\t\t\t\t<div id=\"elementor-tab-content-1151\" class=\"elementor-tab-content elementor-clearfix\" data-tab=\"1\" role=\"tabpanel\" aria-labelledby=\"elementor-tab-title-1151\" tabindex=\"0\" hidden=\"false\"><p>Die hier angegebenen Preise sind nur Richtwerte. Alle Preisangebote sind vorbehaltlich einer vorherigen Bewertung des zu \u00fcbersetzenden Materials. Dies sind Preise f\u00fcr Texte mit Schwierigkeitsgrad und Standardkonditionen.<\/p><table width=\"100%\"><thead><tr><th>Sprachkombinationen<\/th><th>Grundpreis pro Wort<\/th><\/tr><\/thead><tbody><tr><td>\u00dcbersetzung aus dem Spanischen ins Englische<\/td><td style=\"text-align: center;\">0,05\u20ac<\/td><\/tr><tr><td>\u00dcbersetzung aus dem Spanischen ins Franz\u00f6sische<\/td><td style=\"text-align: center;\">0,06\u20ac<\/td><\/tr><tr><td>\u00dcbersetzung aus dem Spanischen ins Portugiesische<\/td><td style=\"text-align: center;\">0,06\u20ac<\/td><\/tr><tr><td>\u00dcbersetzung aus dem Spanischen ins Italienische<\/td><td style=\"text-align: center;\">0,07\u20ac<\/td><\/tr><tr><td>\u00dcbersetzung aus dem Spanischen ins Deutsche<\/td><td style=\"text-align: center;\">0,07\u20ac<\/td><\/tr><tr><td>\u00dcbersetzung aus dem Spanischen ins Galicische<\/td><td style=\"text-align: center;\">0,06\u20ac<\/td><\/tr><tr><td>\u00dcbersetzung aus dem Spanischen ins Chinesische<\/td><td style=\"text-align: center;\">0,12\u20ac<\/td><\/tr><tr><td>\u00dcbersetzung aus dem Spanischen ins Japanische<\/td><td style=\"text-align: center;\">0,14\u20ac<\/td><\/tr><tr><td>\u00dcbersetzung aus dem Spanischen ins Arabische<\/td><td style=\"text-align: center;\">0,10\u20ac<\/td><\/tr><tr><td>\u00dcbersetzung aus dem Spanischen ins Polnische<\/td><td style=\"text-align: center;\">0,08\u20ac<\/td><\/tr><tr><td>\u00dcbersetzung aus dem Spanischen ins Russische<\/td><td style=\"text-align: center;\">0,08\u20ac<\/td><\/tr><tr><td>\u00dcbersetzung aus dem Spanischen ins Schwedische<\/td><td style=\"text-align: center;\">0,14\u20ac<\/td><\/tr><tr><td>\u00dcbersetzung aus dem Spanischen ins D\u00e4nisch<\/td><td style=\"text-align: center;\">0,12\u20ac<\/td><\/tr><tr><td>\u00dcbersetzung aus dem Spanischen ins Norwegische<\/td><td style=\"text-align: center;\">0,12\u20ac<\/td><\/tr><tr><td>\u00dcbersetzung aus dem Spanischen ins Rum\u00e4nische<\/td><td style=\"text-align: center;\">0,08\u20ac<\/td><\/tr><tr><td>\u00dcbersetzung aus dem Spanischen ins Niederl\u00e4ndische\/Holl\u00e4ndische<\/td><td style=\"text-align: center;\">0,12\u20ac<\/td><\/tr><tr><td>\u00dcbersetzung aus dem Spanischen ins Fl\u00e4mische<\/td><td style=\"text-align: center;\">0,12\u20ac<\/td><\/tr><tr><td>\u00dcbersetzung aus dem Spanischen ins Katalanische<\/td><td style=\"text-align: center;\">0,07\u20ac<\/td><\/tr><tr><td>\u00dcbersetzung aus dem Spanischen ins Finnische<\/td><td style=\"text-align: center;\">0,13\u20ac<\/td><\/tr><tr><td>\u00a0<\/td><td style=\"text-align: center;\"><button><a style=\"color: #ffffff;\" href=\"https:\/\/translinguoglobal.com\/de\/preisangebot\/\">Preisangebot anfordern<\/a><\/button><\/td><\/tr><\/tbody><\/table><\/div>\n\t\t\t\t\t\t\t\t\t<div class=\"elementor-tab-title elementor-tab-mobile-title\" aria-selected=\"false\" data-tab=\"2\" role=\"tab\" tabindex=\"-1\" aria-controls=\"elementor-tab-content-1152\" aria-expanded=\"false\">Aus einer Fremdsprache ins Spanische<\/div>\n\t\t\t\t\t<div id=\"elementor-tab-content-1152\" class=\"elementor-tab-content elementor-clearfix\" data-tab=\"2\" role=\"tabpanel\" aria-labelledby=\"elementor-tab-title-1152\" tabindex=\"0\" hidden=\"hidden\">Die hier angegebenen Preise sind nur Richtwerte. Alle Preisangebote sind vorbehaltlich einer vorherigen Bewertung des zu \u00fcbersetzenden Materials. Dies sind Preise f\u00fcr Texte mit Schwierigkeitsgrad und Standardkonditionen.\n<table width=\"100%\">\n<thead>\n<tr>\n<th>Sprachkombinationen<\/th>\n<th>Grundpreis pro Wort<\/th>\n<\/tr>\n<\/thead>\n<tbody>\n<tr>\n<td>\u00dcbersetzung aus dem Englischen ins Spanische<\/td>\n<td style=\"text-align: center;\">0,05\u20ac<\/td>\n<\/tr>\n<tr>\n<td>\u00dcbersetzung aus dem Franz\u00f6sischen ins Spanische<\/td>\n<td style=\"text-align: center;\">0,06\u20ac<\/td>\n<\/tr>\n<tr>\n<td>\u00dcbersetzung aus dem Katalanischen ins Spanische<\/td>\n<td style=\"text-align: center;\">0,06\u20ac<\/td>\n<\/tr>\n<tr>\n<td>\u00dcbersetzung aus dem Italienischen ins Spanische<\/td>\n<td style=\"text-align: center;\">0,07\u20ac<\/td>\n<\/tr>\n<tr>\n<td>\u00dcbersetzung aus dem Galicischen ins Spanische<\/td>\n<td style=\"text-align: center;\">0,06\u20ac<\/td>\n<\/tr>\n<tr>\n<td>\u00dcbersetzung aus dem Portugiesischen ins Spanische<\/td>\n<td style=\"text-align: center;\">0,06\u20ac<\/td>\n<\/tr>\n<tr>\n<td>\u00dcbersetzung aus dem Deutschen ins Spanische<\/td>\n<td style=\"text-align: center;\">0,08\u20ac<\/td>\n<\/tr>\n<tr>\n<td>\u00dcbersetzung aus dem Arabischen ins Spanische<\/td>\n<td style=\"text-align: center;\">0,12\u20ac<\/td>\n<\/tr>\n<tr>\n<td>\u00dcbersetzung aus dem Polnischen ins Spanische<\/td>\n<td style=\"text-align: center;\">0,10\u20ac<\/td>\n<\/tr>\n<tr>\n<td>\u00dcbersetzung aus dem Russischen ins Spanische<\/td>\n<td style=\"text-align: center;\">0,10\u20ac<\/td>\n<\/tr>\n<tr>\n<td>\u00dcbersetzung aus dem Schwedischen ins Spanische<\/td>\n<td style=\"text-align: center;\">0,12\u20ac<\/td>\n<\/tr>\n<tr>\n<td>\u00dcbersetzung aus dem D\u00e4nischen ins Spanische<\/td>\n<td style=\"text-align: center;\">0,12\u20ac<\/td>\n<\/tr>\n<tr>\n<td>\u00dcbersetzung aus dem Norwegischen ins Spanische<\/td>\n<td style=\"text-align: center;\">0,15\u20ac<\/td>\n<\/tr>\n<tr>\n<td>\u00dcbersetzung aus dem Rum\u00e4nischen ins Spanische<\/td>\n<td style=\"text-align: center;\">0,09\u20ac<\/td>\n<\/tr>\n<tr>\n<td>\u00dcbersetzung aus dem Niederl\u00e4ndischen\/Holl\u00e4ndischen ins Spanische<\/td>\n<td style=\"text-align: center;\">0,12\u20ac<\/td>\n<\/tr>\n<tr>\n<td>\u00dcbersetzung aus dem Spanischen ins Niederl\u00e4ndische\/Holl\u00e4ndische<\/td>\n<td style=\"text-align: center;\">0,12\u20ac<\/td>\n<\/tr>\n<tr>\n<td>\u00dcbersetzung aus dem Fl\u00e4mischen ins Spanische<\/td>\n<td style=\"text-align: center;\">0,12\u20ac<\/td>\n<\/tr>\n<tr>\n<td>\u00dcbersetzung aus dem Chinesischen ins Spanische<\/td>\n<td style=\"text-align: center;\">0,11\u20ac<\/td>\n<\/tr>\n<tr>\n<td>\u00dcbersetzung aus dem Japanischen ins Spanische<\/td>\n<td style=\"text-align: center;\">0,16\u20ac<\/td>\n<\/tr>\n<tr>\n<td>\u00dcbersetzung aus dem Finnischen ins Spanische<\/td>\n<td style=\"text-align: center;\">0,12\u20ac<\/td>\n<\/tr>\n<tr>\n<td><\/td>\n<td style=\"text-align: center;\"><button><a style=\"color: #ffffff;\" href=\"https:\/\/translinguoglobal.com\/de\/preisangebot\/\">Jetzt Preisangebot anfordern!<\/a><\/button><\/td>\n<\/tr>\n<\/tbody>\n<\/table><\/div>\n\t\t\t\t\t\t\t\t\t<div class=\"elementor-tab-title elementor-tab-mobile-title\" aria-selected=\"false\" data-tab=\"3\" role=\"tab\" tabindex=\"-1\" aria-controls=\"elementor-tab-content-1153\" aria-expanded=\"false\">Sprachkombinationen<\/div>\n\t\t\t\t\t<div id=\"elementor-tab-content-1153\" class=\"elementor-tab-content elementor-clearfix\" data-tab=\"3\" role=\"tabpanel\" aria-labelledby=\"elementor-tab-title-1153\" tabindex=\"0\" hidden=\"hidden\">Die hier angegebenen Preise sind nur Richtwerte. Alle Preisangebote sind vorbehaltlich einer vorherigen Bewertung des zu \u00fcbersetzenden Materials. Dies sind Preise f\u00fcr Texte mit Schwierigkeitsgrad und Standardkonditionen.\n<table width=\"100%\">\n<thead>\n<tr>\n<th>Sprachkombinationen<\/th>\n<th>Grundpreis pro Wort<\/th>\n<\/tr>\n<\/thead>\n<tbody>\n<tr>\n<td>\u00dcbersetzung aus dem Englischen ins Franz\u00f6sische<\/td>\n<td style=\"text-align: center;\">0,07\u20ac<\/td>\n<\/tr>\n<tr>\n<td>\u00dcbersetzung aus dem Englischen ins Portugiesische<\/td>\n<td style=\"text-align: center;\">0,06\u20ac<\/td>\n<\/tr>\n<tr>\n<td>\u00dcbersetzung aus dem Franz\u00f6sischen ins Portugiesische<\/td>\n<td style=\"text-align: center;\">0,07\u20ac<\/td>\n<\/tr>\n<tr>\n<td>\u00dcbersetzung aus dem Englischen ins Italienische<\/td>\n<td style=\"text-align: center;\">0,07\u20ac<\/td>\n<\/tr>\n<tr>\n<td>\u00dcbersetzung aus dem Englischen ins Chinesisch<\/td>\n<td style=\"text-align: center;\">0,13\u20ac<\/td>\n<\/tr>\n<tr>\n<td>\u00dcbersetzung aus dem Englischen ins Japanische<\/td>\n<td style=\"text-align: center;\">0,14\u20ac<\/td>\n<\/tr>\n<tr>\n<td>\u00dcbersetzung aus dem Englischen ins Polnische<\/td>\n<td style=\"text-align: center;\">0,08\u20ac<\/td>\n<\/tr>\n<tr>\n<td>\u00dcbersetzung aus dem Englischen ins Russische<\/td>\n<td style=\"text-align: center;\">0,09\u20ac<\/td>\n<\/tr>\n<tr>\n<td>\u00dcbersetzung aus dem Englischen ins Schwedische<\/td>\n<td style=\"text-align: center;\">0,14\u20ac<\/td>\n<\/tr>\n<tr>\n<td>\u00dcbersetzung aus dem Englischen ins D\u00e4nische<\/td>\n<td style=\"text-align: center;\">0,14\u20ac<\/td>\n<\/tr>\n<tr>\n<td>\u00dcbersetzung aus dem Englischen ins Norwegische<\/td>\n<td style=\"text-align: center;\">0,14\u20ac<\/td>\n<\/tr>\n<tr>\n<td>\u00dcbersetzung aus dem Englischen ins Rum\u00e4nische<\/td>\n<td style=\"text-align: center;\">0,09\u20ac<\/td>\n<\/tr>\n<tr>\n<td>\u00dcbersetzung aus dem Englischen ins Niederl\u00e4ndische\/Holl\u00e4ndische<\/td>\n<td style=\"text-align: center;\">0,12\u20ac<\/td>\n<\/tr>\n<tr>\n<td>\u00dcbersetzung aus dem Englischen ins Fl\u00e4mische<\/td>\n<td style=\"text-align: center;\">0,16\u20ac<\/td>\n<\/tr>\n<tr>\n<td>\u00dcbersetzung aus dem Polnischen ins Englische<\/td>\n<td style=\"text-align: center;\">0,13\u20ac<\/td>\n<\/tr>\n<tr>\n<td>\u00dcbersetzung aus dem Russischen ins Englische<\/td>\n<td style=\"text-align: center;\">0,14\u20ac<\/td>\n<\/tr>\n<tr>\n<td>\u00dcbersetzung aus dem Schwedischen ins Englische<\/td>\n<td style=\"text-align: center;\">0,15\u20ac<\/td>\n<\/tr>\n<tr>\n<td>\u00dcbersetzung aus dem D\u00e4nischen ins Englische<\/td>\n<td style=\"text-align: center;\">0,15\u20ac<\/td>\n<\/tr>\n<tr>\n<td>\u00dcbersetzung aus dem Norwegischen ins Englische<\/td>\n<td style=\"text-align: center;\">0,15\u20ac<\/td>\n<\/tr>\n<tr>\n<td><\/td>\n<td style=\"text-align: center;\"><button><a style=\"color: #ffffff;\" href=\"https:\/\/translinguoglobal.com\/de\/preisangebot\/\">Jetzt Preisangebot anfordern!<\/a><\/button><\/td>\n<\/tr>\n<\/tbody>\n<\/table><\/div>\n\t\t\t\t\t\t\t<\/div>\n\t\t<\/div>\n\t\t\t\t\t\t<\/div>\n\t\t\t\t\t<\/div>\n\t\t<\/div>\n\t\t\t\t\t<\/div>\n\t\t<\/section>\n\t\t\t\t<\/div>\n\t\t","protected":false},"excerpt":{"rendered":"<p>Tarife f\u00fcr \u00dcbersetzungen In unserer Agentur ist es von entscheidender Bedeutung klare und transparente Informationen zu jeder unserer Dienstleistungen anzubieten. Deshalb haben wir wettbewerbsf\u00e4hige \u00dcbersetzungspreise. Unser Preissystem basiert auf einem Satz pro Originalwort. Dies ist in der \u00dcbersetzungsbranche \u00fcblich. In anderen F\u00e4llen bevorzugen unsere Kunden einen konstanten und exklusiven \u00dcbersetzungsdienst. Daher k\u00f6nnen wir die M\u00f6glichkeit [&hellip;]<\/p>\n","protected":false},"author":3,"featured_media":44426,"parent":0,"menu_order":0,"comment_status":"closed","ping_status":"closed","template":"","meta":{"_crdt_document":"","inline_featured_image":false,"site-sidebar-layout":"default","site-content-layout":"default","ast-site-content-layout":"default","site-content-style":"default","site-sidebar-style":"default","ast-global-header-display":"","ast-banner-title-visibility":"","ast-main-header-display":"","ast-hfb-above-header-display":"","ast-hfb-below-header-display":"","ast-hfb-mobile-header-display":"","site-post-title":"","ast-breadcrumbs-content":"","ast-featured-img":"","footer-sml-layout":"","ast-disable-related-posts":"","theme-transparent-header-meta":"default","adv-header-id-meta":"","stick-header-meta":"","header-above-stick-meta":"","header-main-stick-meta":"","header-below-stick-meta":"","astra-migrate-meta-layouts":"default","ast-page-background-enabled":"default","ast-page-background-meta":{"desktop":{"background-color":"var(--ast-global-color-4)","background-image":"","background-repeat":"repeat","background-position":"center center","background-size":"auto","background-attachment":"scroll","background-type":"","background-media":"","overlay-type":"","overlay-color":"","overlay-opacity":"","overlay-gradient":""},"tablet":{"background-color":"","background-image":"","background-repeat":"repeat","background-position":"center center","background-size":"auto","background-attachment":"scroll","background-type":"","background-media":"","overlay-type":"","overlay-color":"","overlay-opacity":"","overlay-gradient":""},"mobile":{"background-color":"","background-image":"","background-repeat":"repeat","background-position":"center center","background-size":"auto","background-attachment":"scroll","background-type":"","background-media":"","overlay-type":"","overlay-color":"","overlay-opacity":"","overlay-gradient":""}},"ast-content-background-meta":{"desktop":{"background-color":"var(--ast-global-color-5)","background-image":"","background-repeat":"repeat","background-position":"center center","background-size":"auto","background-attachment":"scroll","background-type":"","background-media":"","overlay-type":"","overlay-color":"","overlay-opacity":"","overlay-gradient":""},"tablet":{"background-color":"var(--ast-global-color-5)","background-image":"","background-repeat":"repeat","background-position":"center center","background-size":"auto","background-attachment":"scroll","background-type":"","background-media":"","overlay-type":"","overlay-color":"","overlay-opacity":"","overlay-gradient":""},"mobile":{"background-color":"var(--ast-global-color-5)","background-image":"","background-repeat":"repeat","background-position":"center center","background-size":"auto","background-attachment":"scroll","background-type":"","background-media":"","overlay-type":"","overlay-color":"","overlay-opacity":"","overlay-gradient":""}},"footnotes":""},"class_list":["post-44478","page","type-page","status-publish","has-post-thumbnail","hentry"],"_links":{"self":[{"href":"https:\/\/translinguoglobal.com\/de\/wp-json\/wp\/v2\/pages\/44478","targetHints":{"allow":["GET"]}}],"collection":[{"href":"https:\/\/translinguoglobal.com\/de\/wp-json\/wp\/v2\/pages"}],"about":[{"href":"https:\/\/translinguoglobal.com\/de\/wp-json\/wp\/v2\/types\/page"}],"author":[{"embeddable":true,"href":"https:\/\/translinguoglobal.com\/de\/wp-json\/wp\/v2\/users\/3"}],"replies":[{"embeddable":true,"href":"https:\/\/translinguoglobal.com\/de\/wp-json\/wp\/v2\/comments?post=44478"}],"version-history":[{"count":0,"href":"https:\/\/translinguoglobal.com\/de\/wp-json\/wp\/v2\/pages\/44478\/revisions"}],"wp:featuredmedia":[{"embeddable":true,"href":"https:\/\/translinguoglobal.com\/de\/wp-json\/wp\/v2\/media\/44426"}],"wp:attachment":[{"href":"https:\/\/translinguoglobal.com\/de\/wp-json\/wp\/v2\/media?parent=44478"}],"curies":[{"name":"wp","href":"https:\/\/api.w.org\/{rel}","templated":true}]}}