{"id":44474,"date":"2022-05-27T07:44:07","date_gmt":"2022-05-27T07:44:07","guid":{"rendered":"https:\/\/translinguoglobal.com\/rechtlicher-hinweis\/"},"modified":"2022-07-14T07:20:33","modified_gmt":"2022-07-14T07:20:33","slug":"rechtlicher-hinweis","status":"publish","type":"page","link":"https:\/\/translinguoglobal.com\/de\/rechtlicher-hinweis\/","title":{"rendered":"RECHTLICHER HINWEIS"},"content":{"rendered":"<p><strong>RECHTLICHER HINWEIS<\/strong><\/p>\n<ol>\n<li><strong>ZWECK UND ANNAHME<\/strong><\/li>\n<\/ol>\n<p>Dieser rechtliche Hinweis regelt die Nutzung der Webseite (im Folgenden, <strong>DIE WEBSEITE<\/strong>), die Eigentum der <strong>TRANSLINGUO CREATIVE GROUP S.L. <\/strong>ist (im Folgenden <strong>DER EIGENT\u00dcMER DER WEBSEITE<\/strong> ).<\/p>\n<p>Das Surfen auf der Webseite <strong>DES EIGENT\u00dcMERS DER WEBSEITE <\/strong>macht Sie zum Benutzer derselben und impliziert die vollst\u00e4ndige und vorbehaltlose Annahme aller in den vorliegenden rechtlichen Hinweisen enthaltenen Bestimmungen, die \u00c4nderungen unterliegen k\u00f6nnen.<\/p>\n<p>Der Nutzer verpflichtet sich, die Webseite in \u00dcbereinstimmung mit den Gesetzen, Treu und Glauben, der \u00f6ffentlichen Ordnung, dem Verkehrsgebrauch und diesem rechtlichen Hinweis zu nutzen. Der Nutzer haftet gegen\u00fcber <strong>DEM EIGENT\u00dcMER DER WEBSEITE<\/strong> oder gegen\u00fcber Dritten f\u00fcr alle Sch\u00e4den, die durch die Verletzung dieser Verpflichtung als Konsequenz entstehen.<\/p>\n<ol>\n<li><strong>IDENTIKFIKATION UND KOMMUNIKATION<\/strong><\/li>\n<\/ol>\n<p><strong>\u00a0 DER EIGENT\u00dcMER DER WEBSEITE <\/strong>informiert Sie in \u00dcbereinstimmung mit dem Gesetz 34\/2002 vom 11. Juli \u00fcber die Dienste der Informationsgesellschaft und den elektronischen Handel \u00fcber Folgendes:<\/p>\n<ul>\n<li>Verantwortlich ist <strong>TRANSLINGUO CREATIVE GROUP S.L.<\/strong>;<\/li>\n<li>Steuer-Identifikationsnummer:\u00a0<strong>B88509062;<\/strong><\/li>\n<li>Anschrift:<strong>\u00a0Calle de Jacometrezo, 15-17, 28013, 5. Stock, T\u00fcr G, Madrid<\/strong><\/li>\n<li>Eingetragen im Handelsregister:\u00a0<strong>T 39680 , F 99, S 8, H M 705077, I\/A 1 (25.10.19)<\/strong><\/li>\n<\/ul>\n<p>Um mit uns in Kontakt zu treten, stehen Ihnen verschiedene M\u00f6glichkeiten zur Verf\u00fcgung, die im Folgenden angef\u00fchrt sind:<\/p>\n<ul>\n<li>E-mail:\u00a0<strong>info@translinguoglobal.com<\/strong>;<\/li>\n<li>Telefon:\u00a0<strong>656352741<\/strong>;<\/li>\n<\/ul>\n<p>Alle Mitteilungen und Kommunikationen zwischen den Nutzern und DEM WEBSEITEN-BESITZER gelten f\u00fcr alle Zwecke als wirksam, wenn sie per Post oder auf einem anderen der oben genannten Wege erfolgen.<\/p>\n<ol>\n<li><strong>ZUGANGS- UND NUTZUNGSBEDINGUNGEN<\/strong><\/li>\n<\/ol>\n<p>Die Webseite und ihre Dienste sind kostenlos und frei zug\u00e4nglich, jedoch macht <strong>DER EIGENT\u00dcMER DER WEBSEITE<\/strong> die Nutzung einiger der auf seiner Webseite angebotenen Dienste von der vorherigen Ausf\u00fcllung des entsprechenden Formulars abh\u00e4ngig.<\/p>\n<p>Der Nutzer garantiert die Echtheit und Aktualit\u00e4t aller <strong>DEM EIGENT\u00dcMER DER WEBSEITE<\/strong> zur Verf\u00fcgung gestellten Daten und tr\u00e4gt die alleinige Verantwortung f\u00fcr alle falschen oder ungenauen Angaben.<\/p>\n<p>Der Nutzer verpflichtet sich ausdr\u00fccklich, die Inhalte und Dienste <strong>DES EIGENT\u00dcMERS DER WEBSEITE<\/strong> in angemessener Weise zu nutzen und sie nicht u.a. f\u00fcr Folgendes zu verwenden:<\/p>\n<ol>\n<li>Verbreitung von kriminellen, gewaltt\u00e4tigen, pornografischen, rassistischen, fremdenfeindlichen, beleidigenden, Verharmlosung von Terrorismus oder allgemein von Inhalten, die gegen das Gesetz oder die \u00f6ffentliche Ordnung versto\u00dfen.<\/li>\n<li>Computerviren in das Netz einzuschleusen oder Handlungen vorzunehmen, die geeignet sind, elektronische Dokumente, Daten oder physische und logische Systeme <strong>DES EIGENT\u00dcMERS DER WEBSEITE<\/strong> oder Dritter zu ver\u00e4ndern, zu besch\u00e4digen, zu unterbrechen oder Fehler oder Sch\u00e4den zu verursachen; sowie den Zugang anderer Nutzer zur Webseite und ihren Diensten durch den massiven Verbrauch von Computerressourcen zu erschweren, \u00fcber die <strong>DER EIGENT\u00dcMER DER WEBSEITE<\/strong> seine Dienste bereitstellt.<\/li>\n<li>Der Versuch, auf die E-Mail-Konten anderer Nutzer oder auf gesperrte Bereiche der Computersysteme des <strong>DES EIGENT\u00dcMERS DER WEBSEITE<\/strong> oder Dritter zuzugreifen und gegebenenfalls Informationen daraus zu entnehmen.<\/li>\n<li>Die Rechte des geistigen oder gewerblichen Eigentums zu verletzen, sowie die Vertraulichkeit der Informationen <strong>DES EIGENT\u00dcMERS DER WEBSEITE<\/strong> oder Dritter zu verletzen.<\/li>\n<li>Sich als ein anderer Nutzer, eine Beh\u00f6rde oder ein Dritter auszugeben.<\/li>\n<li>Die Inhalte zu vervielf\u00e4ltigen, zu kopieren, zu verbreiten, zur Verf\u00fcgung zu stellen oder in sonstiger Weise \u00f6ffentlich wiederzugeben, zu transformieren oder zu ver\u00e4ndern, es sei denn, der Inhaber der entsprechenden Rechte hat dies genehmigt oder es ist gesetzlich erlaubt.<\/li>\n<li>Daten f\u00fcr Werbezwecke einzuholen und Werbung jeglicher Art und Mitteilungen f\u00fcr den Verkauf oder andere kommerzielle Zwecke ohne vorherige Anfrage oder Zustimmung zu versenden.<\/li>\n<\/ol>\n<p>Alle Inhalte der Webseite, wie Texte, Fotografien, Grafiken, Bilder, Icons, Technologie, Software sowie deren grafische Gestaltung und Quellcodes, stellen ein Werk dar, das Eigentum <strong>DES EIGENT\u00dcMERS DER WEBSEITE<\/strong> ist, und keines der Nutzungsrechte daran kann so verstanden werden, dass es auf den Benutzer \u00fcbertragen wird, au\u00dfer dem, was f\u00fcr die korrekte Nutzung der Webseite unbedingt erforderlich ist.<\/p>\n<p>Kurz gefasst, die Nutzer, die auf diese Webseite zugreifen, k\u00f6nnen sich die Inhalte ansehen und gegebenenfalls genehmigte Privatkopien anfertigen, vorausgesetzt, dass die kopierten Elemente anschlie\u00dfend nicht an Dritte weitergegeben werden, nicht auf Servern installiert werden, die mit Netzen verbunden sind, und nicht Gegenstand irgendeiner Art von Verwertung sind. Ebenso sind alle Marken, Handelsnamen oder Unterscheidungsmerkmale jeglicher Art, die auf der Webseite erscheinen, Eigentum <strong>DES EIGENT\u00dcMERS DER WEBSEITE<\/strong>, ohne dass die Nutzung oder der Zugang zu ihnen dem Nutzer irgendein Recht an ihnen verleiht.<\/p>\n<p>Die Verbreitung, Ver\u00e4nderung, \u00dcbertragung oder \u00f6ffentliche Wiedergabe der Inhalte sowie jede andere Handlung, die nicht ausdr\u00fccklich vom Inhaber der Nutzungsrechte genehmigt wurde, ist verboten.<\/p>\n<p>Die Erstellung eines Hyperlinks impliziert in keinem Fall das Bestehen einer Beziehung zwischen <strong>DEM EIGENT\u00dcMER DER WEBSEITE<\/strong> und dem Eigent\u00fcmer der Webseite, auf der er erstellt ist, noch die Annahme und Genehmigung durch <strong>DEN EIGENT\u00dcMER DER WEBSEITE<\/strong> von dessen Inhalten oder Dienstleistungen. Wer einen Hyperlink erstellen will, muss zuvor die schriftliche Genehmigung <strong>DES EIGENT\u00dcMERS DER WEBSEITE<\/strong> einholen.\u00a0In jedem Fall wird der Hyperlink nur den Zugang zur <em>Homepage<\/em> oder zur Startseite unserer Webseite erm\u00f6glichen und darf auch keine falschen, ungenauen oder nicht korrekte Aussagen oder Angaben \u00fcber <strong>DEN EIGENT\u00dcMER DER WEBSEITE<\/strong> machen oder gesetzeswidrige Inhalte enthalten, die gegen die guten Sitten und die \u00f6ffentliche Ordnung versto\u00dfen.\u00a0<strong>DER EIGENT\u00dcMER DER WEBSEITE<\/strong> ist nicht verantwortlich f\u00fcr die Nutzung der auf dieser Webseite zur Verf\u00fcgung gestellten Materialien durch die einzelnen Nutzer und f\u00fcr die auf der Grundlage dieser Materialien durchgef\u00fchrten Aktionen.<\/p>\n<ol>\n<li><strong>AUSSCHLUSS VON GEW\u00c4HRLEISTUNG UND HAFTUNG<\/strong><\/li>\n<\/ol>\n<p>Der Inhalt dieser Webseite ist allgemeiner Natur und dient nur zu Informationszwecken. Der Zugang zu allen Inhalten wird nicht in vollem Umfang garantiert, ebenso wenig wie deren Vollst\u00e4ndigkeit, Richtigkeit, G\u00fcltigkeit oder Aktualit\u00e4t, noch deren Eignung oder N\u00fctzlichkeit f\u00fcr einen bestimmten Zweck.<\/p>\n<p><strong>DER EIGENT\u00dcMER DER WEBSEITE <\/strong>schlie\u00dft, soweit gesetzlich zul\u00e4ssig, jegliche Haftung f\u00fcr Sch\u00e4den jeglicher Art aus, die sich aus folgenden Gr\u00fcnden ergibt:<\/p>\n<ol>\n<li>Die Unm\u00f6glichkeit des Zugriffs auf die Webseite oder der Mangel an Wahrhaftigkeit, Genauigkeit, Vollst\u00e4ndigkeit und\/oder Aktualit\u00e4t des Inhalts sowie das Vorhandensein von Unzul\u00e4nglichkeiten und M\u00e4ngeln jeglicher Art in den \u00fcbermittelten, verbreiteten, gespeicherten und denjenigen zur Verf\u00fcgung gestellten Inhalten, die \u00fcber die Webseite oder die angebotenen Dienstleistungen zugegriffen haben.<\/li>\n<li>Das Vorhandensein von Viren oder anderen Elementen in den Inhalten, die Ver\u00e4nderungen in Computersystemen, elektronischen Dokumenten oder Benutzerdaten verursachen k\u00f6nnen.<\/li>\n<li>Verst\u00f6\u00dfe gegen das Gesetz, Treu und Glauben, die \u00f6ffentliche Ordnung, den Verkehr und den vorliegenden rechtlichen Hinweis infolge einer falschen Nutzung der Webseite. Insbesondere und beispielhaft \u00fcbernimmt <strong>DER EIGENT\u00dcMER DER WEBSEITE<\/strong> keine Verantwortung f\u00fcr die Handlungen Dritter, die die Rechte des geistigen und gewerblichen Eigentums, die Gesch\u00e4ftsgeheimnisse, das Recht auf Ehre, die pers\u00f6nliche und famili\u00e4re Privatsph\u00e4re und das Selbstbild sowie die Vorschriften \u00fcber unlauteren Wettbewerb und illegale Werbung verletzen.<\/li>\n<\/ol>\n<p>Ebenso lehnt <strong>DER EIGENT\u00dcMER DER WEBSEITE<\/strong> jede Verantwortung f\u00fcr Informationen ab, die au\u00dferhalb dieser Webseite liegen und nicht direkt von unserem <em>Webmaster <\/em>verwaltet werden. Die Funktion der Links, die auf dieser Webseite erscheinen, besteht ausschlie\u00dflich darin, den Nutzer \u00fcber die Existenz anderer Quellen zu informieren, die die auf dieser Webseite angebotenen Inhalte erweitern k\u00f6nnen.\u00a0<strong>DER EIGENT\u00dcMER DER WEBSEITE <\/strong>\u00fcbernimmt keine Garantie oder Verantwortung f\u00fcr das Funktionieren oder die Zug\u00e4nglichkeit der verlinkten Seiten; er schl\u00e4gt den Besuch dieser Seiten nicht vor, l\u00e4dt nicht dazu ein sie zu besuchen oder empfiehlt den Besuch dieser Seiten nicht und ist nicht f\u00fcr die erzielten Ergebnisse verantwortlich.\u00a0<strong>DER EIGENT\u00dcMER DER WEBSEITE <\/strong>\u00fcbernimmt keine Verantwortung f\u00fcr die Erstellung von Hyperlinks durch Dritte.<\/p>\n<ol>\n<li><strong>DATENSCHUTZRICHTLINIE<\/strong><\/li>\n<\/ol>\n<p>Sie k\u00f6nnen unsere Datenschutzrichtlinie unter dem folgenden <u>Link<\/u> einsehen.<\/p>\n<ol>\n<li><strong>VERFAHREN IM FALLE RECHTSWIDRIGER HANDLUNGEN<\/strong><\/li>\n<\/ol>\n<p>F\u00fcr den Fall, dass ein Nutzer oder ein Dritter der Ansicht ist, dass es Fakten oder Umst\u00e4nde gibt, die den rechtswidrigen Charakter der Nutzung eines Inhalts und\/oder der Durchf\u00fchrung einer T\u00e4tigkeit auf den in der Webseite enthaltenen oder \u00fcber die Webseite zug\u00e4nglichen Seiten erkennen lassen, muss er <strong>DEM EIGENT\u00dcMER DER WEBSEITE<\/strong> eine Mitteilung schicken, in der er sich ordnungsgem\u00e4\u00df identifiziert, die angeblichen Verst\u00f6\u00dfe angibt und ausdr\u00fccklich und auf eigene Verantwortung erkl\u00e4rt, dass die in der Mitteilung gemachten Angaben korrekt sind.<\/p>\n<p>Die Beteiligten unterwerfen sich ausdr\u00fccklich der Gerichtsbarkeit und der Zust\u00e4ndigkeit der Gerichte, die dem Wohnsitz des Nutzers oder dem Ort der Erf\u00fcllung der vertraglichen Verpflichtung entsprechen, f\u00fcr alle Fragen oder Differenzen, die sich aus der Auslegung, Erf\u00fcllung und Ausf\u00fchrung dieses Vertrags ergeben k\u00f6nnen.<\/p>\n<ol>\n<li><strong>VER\u00d6FFENTLICHUNGEN<\/strong><\/li>\n<\/ol>\n<p>Die \u00fcber die Webseite zur Verf\u00fcgung gestellten Verwaltungsinformationen ersetzen nicht die rechtliche Ver\u00f6ffentlichung von Gesetzen, Verordnungen, Pl\u00e4nen, allgemeinen Bestimmungen und Akten, die f\u00f6rmlich in den Amtsbl\u00e4ttern der \u00f6ffentlichen Verwaltungen ver\u00f6ffentlicht werden m\u00fcssen, da diese die einzigen Mittel sind, die ihre Authentizit\u00e4t und ihren Inhalt bescheinigen. Die auf dieser Webseite verf\u00fcgbaren Informationen sind als Leitfaden zu verstehen, der keine Rechtsg\u00fcltigkeit besitzt.<\/p>\n<p>&nbsp;<\/p>\n","protected":false},"excerpt":{"rendered":"<p>RECHTLICHER HINWEIS ZWECK UND ANNAHME Dieser rechtliche Hinweis regelt die Nutzung der Webseite (im Folgenden, DIE WEBSEITE), die Eigentum der TRANSLINGUO CREATIVE GROUP S.L. ist (im Folgenden DER EIGENT\u00dcMER DER WEBSEITE ). Das Surfen auf der Webseite DES EIGENT\u00dcMERS DER WEBSEITE macht Sie zum Benutzer derselben und impliziert die vollst\u00e4ndige und vorbehaltlose Annahme aller in [&hellip;]<\/p>\n","protected":false},"author":3,"featured_media":0,"parent":0,"menu_order":0,"comment_status":"closed","ping_status":"closed","template":"","meta":{"_crdt_document":"","inline_featured_image":false,"site-sidebar-layout":"default","site-content-layout":"default","ast-site-content-layout":"default","site-content-style":"default","site-sidebar-style":"default","ast-global-header-display":"","ast-banner-title-visibility":"","ast-main-header-display":"","ast-hfb-above-header-display":"","ast-hfb-below-header-display":"","ast-hfb-mobile-header-display":"","site-post-title":"","ast-breadcrumbs-content":"","ast-featured-img":"","footer-sml-layout":"","ast-disable-related-posts":"","theme-transparent-header-meta":"default","adv-header-id-meta":"","stick-header-meta":"","header-above-stick-meta":"","header-main-stick-meta":"","header-below-stick-meta":"","astra-migrate-meta-layouts":"default","ast-page-background-enabled":"default","ast-page-background-meta":{"desktop":{"background-color":"var(--ast-global-color-4)","background-image":"","background-repeat":"repeat","background-position":"center center","background-size":"auto","background-attachment":"scroll","background-type":"","background-media":"","overlay-type":"","overlay-color":"","overlay-opacity":"","overlay-gradient":""},"tablet":{"background-color":"","background-image":"","background-repeat":"repeat","background-position":"center center","background-size":"auto","background-attachment":"scroll","background-type":"","background-media":"","overlay-type":"","overlay-color":"","overlay-opacity":"","overlay-gradient":""},"mobile":{"background-color":"","background-image":"","background-repeat":"repeat","background-position":"center center","background-size":"auto","background-attachment":"scroll","background-type":"","background-media":"","overlay-type":"","overlay-color":"","overlay-opacity":"","overlay-gradient":""}},"ast-content-background-meta":{"desktop":{"background-color":"var(--ast-global-color-5)","background-image":"","background-repeat":"repeat","background-position":"center center","background-size":"auto","background-attachment":"scroll","background-type":"","background-media":"","overlay-type":"","overlay-color":"","overlay-opacity":"","overlay-gradient":""},"tablet":{"background-color":"var(--ast-global-color-5)","background-image":"","background-repeat":"repeat","background-position":"center center","background-size":"auto","background-attachment":"scroll","background-type":"","background-media":"","overlay-type":"","overlay-color":"","overlay-opacity":"","overlay-gradient":""},"mobile":{"background-color":"var(--ast-global-color-5)","background-image":"","background-repeat":"repeat","background-position":"center center","background-size":"auto","background-attachment":"scroll","background-type":"","background-media":"","overlay-type":"","overlay-color":"","overlay-opacity":"","overlay-gradient":""}},"footnotes":""},"class_list":["post-44474","page","type-page","status-publish","hentry"],"_links":{"self":[{"href":"https:\/\/translinguoglobal.com\/de\/wp-json\/wp\/v2\/pages\/44474","targetHints":{"allow":["GET"]}}],"collection":[{"href":"https:\/\/translinguoglobal.com\/de\/wp-json\/wp\/v2\/pages"}],"about":[{"href":"https:\/\/translinguoglobal.com\/de\/wp-json\/wp\/v2\/types\/page"}],"author":[{"embeddable":true,"href":"https:\/\/translinguoglobal.com\/de\/wp-json\/wp\/v2\/users\/3"}],"replies":[{"embeddable":true,"href":"https:\/\/translinguoglobal.com\/de\/wp-json\/wp\/v2\/comments?post=44474"}],"version-history":[{"count":0,"href":"https:\/\/translinguoglobal.com\/de\/wp-json\/wp\/v2\/pages\/44474\/revisions"}],"wp:attachment":[{"href":"https:\/\/translinguoglobal.com\/de\/wp-json\/wp\/v2\/media?parent=44474"}],"curies":[{"name":"wp","href":"https:\/\/api.w.org\/{rel}","templated":true}]}}