{"id":43667,"date":"2022-05-06T16:44:27","date_gmt":"2022-05-06T16:44:27","guid":{"rendered":"https:\/\/translinguoglobal.com\/suchmaschinen-ausrichtung-seo-sem\/"},"modified":"2022-07-22T08:26:02","modified_gmt":"2022-07-22T08:26:02","slug":"suchmaschinen-ausrichtung-seo-sem","status":"publish","type":"page","link":"https:\/\/translinguoglobal.com\/de\/suchmaschinen-ausrichtung-seo-sem\/","title":{"rendered":"Suchmaschinen-Ausrichtung SEO, SEM"},"content":{"rendered":"<p>Suchmaschinen-Ausrichtung. Der Schl\u00fcssel zur <strong>mehrsprachigen SEO<\/strong>\u00a0liegt darin, dass sie Ihre Website sowohl f\u00fcr Benutzer als auch f\u00fcr Suchmaschinen n\u00fctzlicher macht. Wir von <a href=\"https:\/\/translinguoglobal.com\"><strong>Translinguo Global\u00ae<\/strong><\/a> helfen Ihnen dabei, dass die Suchmaschine den Inhalt Ihrer Website besser verstehen. Wenn Sie Ihr Unternehmen internationalisieren wollen, nutzen Sie unseren mehrsprachigen SEO-Service.<\/p>\n<p>Wir verbessern die Optimierung Ihrer Unternehmenswebsite und verpflichten uns die Besucher Ihrer Website in echte Kunden umzuwandeln. Wir k\u00fcmmern uns um die Verbesserung Ihres Rufes!<\/p>\n<p>&nbsp;<\/p>\n<table style=\"width: 100%; border-collapse: collapse; border-style: hidden;\" border=\"0\">\n<tbody>\n<tr>\n<td style=\"width: 33.3333%;\"><img decoding=\"async\" class=\"size-medium wp-image-39233 aligncenter\" src=\"https:\/\/translinguoglobal.com\/wp-content\/uploads\/2022\/04\/ortografia-300x300-1-300x300.png\" alt=\"\" width=\"80\" height=\"80\" srcset=\"https:\/\/translinguoglobal.com\/wp-content\/uploads\/2022\/04\/ortografia-300x300-1.png 300w, https:\/\/translinguoglobal.com\/wp-content\/uploads\/2022\/04\/ortografia-300x300-1-150x150.png 150w\" sizes=\"(max-width: 80px) 100vw, 80px\" \/><\/p>\n<p style=\"text-align: center;\">Erstellung, Planung, Verfassen von Inhalten und Struktur des Webportals oder Blogs.<\/p>\n<\/td>\n<td style=\"width: 33.3333%;\"><img decoding=\"async\" class=\"size-full wp-image-39719 aligncenter\" src=\"https:\/\/translinguoglobal.com\/wp-content\/uploads\/2022\/04\/computer-1.png\" alt=\"\" width=\"80\" height=\"80\" srcset=\"https:\/\/translinguoglobal.com\/wp-content\/uploads\/2022\/04\/computer-1.png 250w, https:\/\/translinguoglobal.com\/wp-content\/uploads\/2022\/04\/computer-1-150x150.png 150w\" sizes=\"(max-width: 80px) 100vw, 80px\" \/><\/p>\n<p style=\"text-align: center;\">Instandhaltung der Website oder des Blogs.<\/p>\n<\/td>\n<td style=\"width: 33.3333%;\"><img decoding=\"async\" class=\"size-full wp-image-39726 aligncenter\" src=\"https:\/\/translinguoglobal.com\/wp-content\/uploads\/2022\/04\/seo.png\" alt=\"\" width=\"80\" height=\"80\" srcset=\"https:\/\/translinguoglobal.com\/wp-content\/uploads\/2022\/04\/seo.png 250w, https:\/\/translinguoglobal.com\/wp-content\/uploads\/2022\/04\/seo-150x150.png 150w\" sizes=\"(max-width: 80px) 100vw, 80px\" \/><\/p>\n<p style=\"text-align: center;\">Optimierung von Suchmaschinenoptimierung (SEO), -marketing (SEM) und mehrsprachiger Suchmaschinenoptimierung.<\/p>\n<\/td>\n<\/tr>\n<tr>\n<td style=\"width: 33.3333%;\"><img loading=\"lazy\" decoding=\"async\" class=\"size-full wp-image-39733 aligncenter\" src=\"https:\/\/translinguoglobal.com\/wp-content\/uploads\/2022\/04\/analitycs.png\" alt=\"\" width=\"80\" height=\"80\" srcset=\"https:\/\/translinguoglobal.com\/wp-content\/uploads\/2022\/04\/analitycs.png 250w, https:\/\/translinguoglobal.com\/wp-content\/uploads\/2022\/04\/analitycs-150x150.png 150w\" sizes=\"(max-width: 80px) 100vw, 80px\" \/><\/p>\n<p style=\"text-align: center;\">Krisenmanagement des <em>Online-<\/em>Rufes.<\/p>\n<\/td>\n<td style=\"width: 33.3333%;\"><img loading=\"lazy\" decoding=\"async\" class=\"size-full wp-image-39740 aligncenter\" src=\"https:\/\/translinguoglobal.com\/wp-content\/uploads\/2022\/04\/ok.png\" alt=\"\u00dcberwachung des Inhaltes.\" width=\"80\" height=\"80\" srcset=\"https:\/\/translinguoglobal.com\/wp-content\/uploads\/2022\/04\/ok.png 250w, https:\/\/translinguoglobal.com\/wp-content\/uploads\/2022\/04\/ok-150x150.png 150w\" sizes=\"(max-width: 80px) 100vw, 80px\" \/><\/p>\n<p style=\"text-align: center;\">\u00dcberwachung des Mailing-Inhaltes.<\/p>\n<p>&nbsp;<\/td>\n<td style=\"width: 33.3333%;\"><img loading=\"lazy\" decoding=\"async\" class=\"size-full wp-image-39747 aligncenter\" src=\"https:\/\/translinguoglobal.com\/wp-content\/uploads\/2022\/04\/email.png\" alt=\"\" width=\"80\" height=\"80\" srcset=\"https:\/\/translinguoglobal.com\/wp-content\/uploads\/2022\/04\/email.png 250w, https:\/\/translinguoglobal.com\/wp-content\/uploads\/2022\/04\/email-150x150.png 150w\" sizes=\"(max-width: 80px) 100vw, 80px\" \/><\/p>\n<p style=\"text-align: center;\">Newsletter.<\/p>\n<\/td>\n<\/tr>\n<\/tbody>\n<\/table>\n<p>SEO ist der beste Weg f\u00fcr Ihre Besucher Sie \u00fcber Suchanfragen zu finden, die f\u00fcr Ihre Webseite relevant sind. Diese Nutzer sind auf der Suche nach dem was Sie ihnen anbieten, und werden daher am besten \u00fcber eine Suchmaschine erreicht.<\/p>\n<h3>Strukturierung, Schl\u00fcssel und Ausf\u00fchrung zur F\u00f6rderung der mehrsprachigen SEO<\/h3>\n<p>Internationale SEO<br \/>\nBei <a href=\"https:\/\/translinguoglobal.com\">Translinguo Global\u00ae<\/a> haben wir einen neuen SEO-Transkreationsdienst entwickelt. <a href=\"\/?p=3520\">Transkreation<\/a> ist der Schl\u00fcsselfaktor f\u00fcr mehrsprachiges Suchmaschinen<em>marketing<\/em>. Die Zusammenf\u00fchrung verschiedener <em>M\u00e4rkte<\/em> und Sprachen in einem einzigen Projekt ist der beste Weg f\u00fcr Unternehmen und Einzelpersonen, die Zeit und Kosten sparen wollen. Au\u00dferdem liefert es von der ersten Ver\u00f6ffentlichung der Inhalte an qualitativ hochwertige Ergebnisse.<\/p>\n<blockquote>\n<p class=\"p1\"><span class=\"s1\" style=\"color: #000000;\">Versuchen Sie es mit mehrsprachiger SEO und betreten Sie die internationale B\u00fchne.<\/span><\/p>\n<\/blockquote>\n<h3>Inhaltserstellung<\/h3>\n<p>Bei <a href=\"https:\/\/translinguoglobal.com\">Translinguo Global\u00ae<\/a> arbeiten wir mit kreativen Werbetextern zusammen, die \u00fcber umfassende Kenntnisse in verschiedenen Gebieten verf\u00fcgen. Dar\u00fcber hinaus koordinieren wir alle SEO-, SEM- und SMM-Strategien Ihres Unternehmens mit dem Content Management, sodass die Unternehmenskriterien stets eingehalten werden:<\/p>\n<p>&nbsp;<\/p>\n<p>&nbsp;<\/p>\n<table style=\"width: 100%; border-collapse: collapse; border-style: hidden;\" border=\"0\">\n<tbody>\n<tr>\n<td style=\"width: 25%;\"><img loading=\"lazy\" decoding=\"async\" class=\"size-full wp-image-39843 aligncenter\" src=\"https:\/\/translinguoglobal.com\/wp-content\/uploads\/2022\/04\/iux-1-1.png\" alt=\"\" width=\"80\" height=\"80\" srcset=\"https:\/\/translinguoglobal.com\/wp-content\/uploads\/2022\/04\/iux-1-1.png 250w, https:\/\/translinguoglobal.com\/wp-content\/uploads\/2022\/04\/iux-1-1-150x150.png 150w\" sizes=\"(max-width: 80px) 100vw, 80px\" \/><\/p>\n<p style=\"text-align: center;\">Benutzerfreundlichkeit<\/p>\n<\/td>\n<td style=\"width: 25%;\"><img loading=\"lazy\" decoding=\"async\" class=\"size-full wp-image-39767 aligncenter\" src=\"https:\/\/translinguoglobal.com\/wp-content\/uploads\/2022\/04\/seguridad.png\" alt=\"Zug\u00e4nglichkeit.\" width=\"80\" height=\"80\" srcset=\"https:\/\/translinguoglobal.com\/wp-content\/uploads\/2022\/04\/seguridad.png 250w, https:\/\/translinguoglobal.com\/wp-content\/uploads\/2022\/04\/seguridad-150x150.png 150w\" sizes=\"(max-width: 80px) 100vw, 80px\" \/><\/p>\n<p style=\"text-align: center;\">Zug\u00e4nglichkeit<\/p>\n<\/td>\n<td style=\"width: 25%;\"><img loading=\"lazy\" decoding=\"async\" class=\"size-full wp-image-39775 aligncenter\" src=\"https:\/\/translinguoglobal.com\/wp-content\/uploads\/2022\/04\/identidad-corportiva.png\" alt=\"\" width=\"80\" height=\"80\" srcset=\"https:\/\/translinguoglobal.com\/wp-content\/uploads\/2022\/04\/identidad-corportiva.png 250w, https:\/\/translinguoglobal.com\/wp-content\/uploads\/2022\/04\/identidad-corportiva-150x150.png 150w\" sizes=\"(max-width: 80px) 100vw, 80px\" \/><\/p>\n<p style=\"text-align: center;\">Unternehmensidentit\u00e4t<\/p>\n<\/td>\n<td style=\"width: 25%;\"><img loading=\"lazy\" decoding=\"async\" class=\"size-full wp-image-39785 aligncenter\" src=\"https:\/\/translinguoglobal.com\/wp-content\/uploads\/2022\/04\/rates.png\" alt=\"Qualit\u00e4t.\" width=\"80\" height=\"80\" srcset=\"https:\/\/translinguoglobal.com\/wp-content\/uploads\/2022\/04\/rates.png 250w, https:\/\/translinguoglobal.com\/wp-content\/uploads\/2022\/04\/rates-150x150.png 150w\" sizes=\"(max-width: 80px) 100vw, 80px\" \/><\/p>\n<p style=\"text-align: center;\">Qualit\u00e4t<\/p>\n<\/td>\n<\/tr>\n<\/tbody>\n<\/table>\n<p>Unser Expertenteam wei\u00df, dass ein guter Content Manager kreativ und ein Experte f\u00fcr das Thema mit dem er sich befasst, sein muss. Er muss wissen, was f\u00fcr das Anliegen des jeweiligen Kunden am besten ist. Daher sind unsere Fachleute fach\u00fcbergreifend und verf\u00fcgen \u00fcber umfassende Kenntnisse in den Bereichen Marketing, Technologie und Linguistik.<\/p>\n<p>Besuchen Sie unsere Profile auf <a href=\"https:\/\/www.facebook.com\/translinguoglobal\" target=\"_blank\" rel=\"noopener\">Facebook<\/a>, <a href=\"https:\/\/www.instagram.com\/translinguoglobal\/\" target=\"_blank\" rel=\"noopener\">Instagram<\/a> und <a href=\"https:\/\/www.linkedin.com\/company\/agencia-de-traduccion-translinguo-global\/?originalSubdomain=es\" target=\"_blank\" rel=\"noopener\">Linkedin<\/a>.<\/p>\n","protected":false},"excerpt":{"rendered":"<p>Suchmaschinen-Ausrichtung. Der Schl\u00fcssel zur mehrsprachigen SEO\u00a0liegt darin, dass sie Ihre Website sowohl f\u00fcr Benutzer als auch f\u00fcr Suchmaschinen n\u00fctzlicher macht. Wir von Translinguo Global\u00ae helfen Ihnen dabei, dass die Suchmaschine den Inhalt Ihrer Website besser verstehen. Wenn Sie Ihr Unternehmen internationalisieren wollen, nutzen Sie unseren mehrsprachigen SEO-Service. Wir verbessern die Optimierung Ihrer Unternehmenswebsite und verpflichten [&hellip;]<\/p>\n","protected":false},"author":3,"featured_media":39156,"parent":0,"menu_order":0,"comment_status":"closed","ping_status":"closed","template":"","meta":{"_crdt_document":"","inline_featured_image":false,"site-sidebar-layout":"default","site-content-layout":"default","ast-site-content-layout":"default","site-content-style":"default","site-sidebar-style":"default","ast-global-header-display":"","ast-banner-title-visibility":"","ast-main-header-display":"","ast-hfb-above-header-display":"","ast-hfb-below-header-display":"","ast-hfb-mobile-header-display":"","site-post-title":"","ast-breadcrumbs-content":"","ast-featured-img":"","footer-sml-layout":"","ast-disable-related-posts":"","theme-transparent-header-meta":"default","adv-header-id-meta":"","stick-header-meta":"","header-above-stick-meta":"","header-main-stick-meta":"","header-below-stick-meta":"","astra-migrate-meta-layouts":"default","ast-page-background-enabled":"default","ast-page-background-meta":{"desktop":{"background-color":"var(--ast-global-color-4)","background-image":"","background-repeat":"repeat","background-position":"center center","background-size":"auto","background-attachment":"scroll","background-type":"","background-media":"","overlay-type":"","overlay-color":"","overlay-opacity":"","overlay-gradient":""},"tablet":{"background-color":"","background-image":"","background-repeat":"repeat","background-position":"center center","background-size":"auto","background-attachment":"scroll","background-type":"","background-media":"","overlay-type":"","overlay-color":"","overlay-opacity":"","overlay-gradient":""},"mobile":{"background-color":"","background-image":"","background-repeat":"repeat","background-position":"center center","background-size":"auto","background-attachment":"scroll","background-type":"","background-media":"","overlay-type":"","overlay-color":"","overlay-opacity":"","overlay-gradient":""}},"ast-content-background-meta":{"desktop":{"background-color":"var(--ast-global-color-5)","background-image":"","background-repeat":"repeat","background-position":"center center","background-size":"auto","background-attachment":"scroll","background-type":"","background-media":"","overlay-type":"","overlay-color":"","overlay-opacity":"","overlay-gradient":""},"tablet":{"background-color":"var(--ast-global-color-5)","background-image":"","background-repeat":"repeat","background-position":"center center","background-size":"auto","background-attachment":"scroll","background-type":"","background-media":"","overlay-type":"","overlay-color":"","overlay-opacity":"","overlay-gradient":""},"mobile":{"background-color":"var(--ast-global-color-5)","background-image":"","background-repeat":"repeat","background-position":"center center","background-size":"auto","background-attachment":"scroll","background-type":"","background-media":"","overlay-type":"","overlay-color":"","overlay-opacity":"","overlay-gradient":""}},"footnotes":""},"class_list":["post-43667","page","type-page","status-publish","has-post-thumbnail","hentry"],"_links":{"self":[{"href":"https:\/\/translinguoglobal.com\/de\/wp-json\/wp\/v2\/pages\/43667","targetHints":{"allow":["GET"]}}],"collection":[{"href":"https:\/\/translinguoglobal.com\/de\/wp-json\/wp\/v2\/pages"}],"about":[{"href":"https:\/\/translinguoglobal.com\/de\/wp-json\/wp\/v2\/types\/page"}],"author":[{"embeddable":true,"href":"https:\/\/translinguoglobal.com\/de\/wp-json\/wp\/v2\/users\/3"}],"replies":[{"embeddable":true,"href":"https:\/\/translinguoglobal.com\/de\/wp-json\/wp\/v2\/comments?post=43667"}],"version-history":[{"count":0,"href":"https:\/\/translinguoglobal.com\/de\/wp-json\/wp\/v2\/pages\/43667\/revisions"}],"wp:featuredmedia":[{"embeddable":true,"href":"https:\/\/translinguoglobal.com\/de\/wp-json\/wp\/v2\/media\/39156"}],"wp:attachment":[{"href":"https:\/\/translinguoglobal.com\/de\/wp-json\/wp\/v2\/media?parent=43667"}],"curies":[{"name":"wp","href":"https:\/\/api.w.org\/{rel}","templated":true}]}}