{"id":43666,"date":"2022-05-06T16:44:12","date_gmt":"2022-05-06T16:44:12","guid":{"rendered":"https:\/\/translinguoglobal.com\/gestaltung-und-erstellung-von-webseiten\/"},"modified":"2022-07-15T07:43:19","modified_gmt":"2022-07-15T07:43:19","slug":"gestaltung-und-erstellung-von-webseiten","status":"publish","type":"page","link":"https:\/\/translinguoglobal.com\/de\/gestaltung-und-erstellung-von-webseiten\/","title":{"rendered":"Gestaltung und Erstellung von Websites"},"content":{"rendered":"<blockquote><p>\u201eWenn dein Unternehmen nicht im Internet vertreten ist, existiert dein Unternehmen nicht.\u201c<br \/>\nBILL GATES<\/p><\/blockquote>\n<h3>Wir setzen auf eine Vielzahl von Kompetenzen:<\/h3>\n<p>&nbsp;<\/p>\n<table style=\"width: 100%; border-collapse: collapse; border-style: hidden;\" border=\"0\">\n<tbody>\n<tr>\n<td style=\"width: 25%;\"><img decoding=\"async\" class=\"size-full wp-image-39463 alignleft\" src=\"https:\/\/translinguoglobal.com\/wp-content\/uploads\/2022\/04\/check-300x261-1.png\" alt=\"\" width=\"20\" height=\"20\"> Zug\u00e4nglichkeit.<\/td>\n<td style=\"width: 25%;\"><img decoding=\"async\" class=\"size-full wp-image-39463 alignleft\" src=\"https:\/\/translinguoglobal.com\/wp-content\/uploads\/2022\/04\/check-300x261-1.png\" alt=\"\" width=\"20\" height=\"20\"> Visuelle Identit\u00e4t.<\/td>\n<td style=\"width: 25%;\"><img decoding=\"async\" class=\"size-full wp-image-39463 alignleft\" src=\"https:\/\/translinguoglobal.com\/wp-content\/uploads\/2022\/04\/check-300x261-1.png\" alt=\"\" width=\"20\" height=\"20\"> Vermarktung.<\/td>\n<td style=\"width: 25%;\"><img decoding=\"async\" class=\"size-full wp-image-39463 alignleft\" src=\"https:\/\/translinguoglobal.com\/wp-content\/uploads\/2022\/04\/check-300x261-1.png\" alt=\"\" width=\"20\" height=\"20\"><em>Webmarketing.\u00a0<\/em><\/td>\n<\/tr>\n<tr>\n<td style=\"width: 25%;\"><img decoding=\"async\" class=\"size-full wp-image-39463 alignleft\" src=\"https:\/\/translinguoglobal.com\/wp-content\/uploads\/2022\/04\/check-300x261-1.png\" alt=\"\" width=\"20\" height=\"20\"> Programmierung.<\/td>\n<td style=\"width: 25%;\"><img decoding=\"async\" class=\"size-full wp-image-39463 alignleft\" src=\"https:\/\/translinguoglobal.com\/wp-content\/uploads\/2022\/04\/check-300x261-1.png\" alt=\"\" width=\"20\" height=\"20\"> Ergonomie.<\/td>\n<td style=\"width: 25%;\"><img decoding=\"async\" class=\"size-full wp-image-39463 alignleft\" src=\"https:\/\/translinguoglobal.com\/wp-content\/uploads\/2022\/04\/check-300x261-1.png\" alt=\"\" width=\"20\" height=\"20\"> Interaktion.<\/td>\n<td style=\"width: 25%;\"><img decoding=\"async\" class=\"size-full wp-image-39463 alignleft\" src=\"https:\/\/translinguoglobal.com\/wp-content\/uploads\/2022\/04\/check-300x261-1.png\" alt=\"\" width=\"20\" height=\"20\"> Visualisierung.<\/td>\n<\/tr>\n<\/tbody>\n<\/table>\n<h3>Gestaltung und Erstellung von Websites<\/h3>\n<p>Im Laufe der Zeit entscheiden sich immer mehr Unternehmen, sowohl neue als auch traditionelle, daf\u00fcr ihren Kundenkreis durch die Erstellung einer eigenen Website zu erweitern. Heutzutage ist eine Pr\u00e4senz im Internet unerl\u00e4sslich um als <em>Online-<\/em>Unternehmen zu bestehen. Die Erstellung von Websites ist von entscheidender Bedeutung, um der \u00d6ffentlichkeit die Dienstleistungen und Produkte zu pr\u00e4sentieren, die Sie anbieten m\u00f6chten. Wir von <a href=\"https:\/\/translinguoglobal.com\/de\/\">Translinguo Global\u00ae<\/a> wissen jedoch, dass nicht alles f\u00fcr Ihr Unternehmen funktioniert.<\/p>\n<h3>Vorteile der Erstellung deiner Webseite:<\/h3>\n<p>&nbsp;<\/p>\n<table style=\"width: 100%; border-collapse: collapse; border-style: hidden;\" border=\"0\">\n<tbody>\n<tr>\n<td style=\"width: 25%;\"><img decoding=\"async\" class=\"size-full wp-image-39668 aligncenter\" src=\"https:\/\/translinguoglobal.com\/wp-content\/uploads\/2022\/04\/pagina-web.png\" alt=\"\" width=\"70\" height=\"70\" srcset=\"https:\/\/translinguoglobal.com\/wp-content\/uploads\/2022\/04\/pagina-web.png 250w, https:\/\/translinguoglobal.com\/wp-content\/uploads\/2022\/04\/pagina-web-150x150.png 150w\" sizes=\"(max-width: 70px) 100vw, 70px\" \/><\/p>\n<p style=\"text-align: center;\">Eine <strong>Website<\/strong> zieht potenzielle Kunden an.<\/p>\n<\/td>\n<td style=\"width: 25%;\"><img decoding=\"async\" class=\"size-full wp-image-39675 aligncenter\" src=\"https:\/\/translinguoglobal.com\/wp-content\/uploads\/2022\/04\/24-horas.png\" alt=\"\" width=\"70\" height=\"70\" srcset=\"https:\/\/translinguoglobal.com\/wp-content\/uploads\/2022\/04\/24-horas.png 250w, https:\/\/translinguoglobal.com\/wp-content\/uploads\/2022\/04\/24-horas-150x150.png 150w\" sizes=\"(max-width: 70px) 100vw, 70px\" \/><\/p>\n<p style=\"text-align: center;\">Ihr Unternehmen ist 24 Stunden am Tag, 365 Tage im Jahr ge\u00f6ffnet.<\/p>\n<\/td>\n<td style=\"width: 25%;\"><img loading=\"lazy\" decoding=\"async\" class=\"size-full wp-image-39685 aligncenter\" src=\"https:\/\/translinguoglobal.com\/wp-content\/uploads\/2022\/04\/ahorro.png\" alt=\"\" width=\"70\" height=\"70\" srcset=\"https:\/\/translinguoglobal.com\/wp-content\/uploads\/2022\/04\/ahorro.png 250w, https:\/\/translinguoglobal.com\/wp-content\/uploads\/2022\/04\/ahorro-150x150.png 150w\" sizes=\"(max-width: 70px) 100vw, 70px\" \/><\/p>\n<p style=\"text-align: center;\">Kosteneinsparungen bei Infrastruktur und Mobiliar.<\/p>\n<\/td>\n<td style=\"width: 25%;\"><img loading=\"lazy\" decoding=\"async\" class=\"alignnone size-full wp-image-39692 aligncenter\" src=\"https:\/\/translinguoglobal.com\/wp-content\/uploads\/2022\/04\/internacionalizacion.png\" alt=\"\" width=\"70\" height=\"70\" srcset=\"https:\/\/translinguoglobal.com\/wp-content\/uploads\/2022\/04\/internacionalizacion.png 250w, https:\/\/translinguoglobal.com\/wp-content\/uploads\/2022\/04\/internacionalizacion-150x150.png 150w\" sizes=\"(max-width: 70px) 100vw, 70px\" \/><\/p>\n<p style=\"text-align: center;\">Globale Reichweite Ihres Produkts oder Ihrer Dienstleistung.<\/p>\n<\/td>\n<\/tr>\n<\/tbody>\n<\/table>\n<h3>Gestaltung und Erstellung von Websites<\/h3>\n<p>Ihre Website ist das Bild, das Ihr Publikum im Internet von Ihnen hat. Genau aus diesem Grund muss sie unkompliziert und wirkungsvoll sein. Wir von <a href=\"https:\/\/translinguoglobal.com\/de\/\"><strong>Translinguo Global\u00ae<\/strong><\/a> bieten Ihnen eine Gestaltung und Erstellung Ihrer\u00a0<strong>Website<\/strong> an, die vollst\u00e4ndig auf Ihre Bed\u00fcrfnisse zugeschnitten ist und sich an die Besonderheiten Ihres Unternehmens anpasst.<\/p>\n<h3>Gestaltung und Erstellung von Websites f\u00fcr den elektronischen Handel<\/h3>\n<h3><\/h3>\n<p>Viele Dienstleistungsunternehmen verf\u00fcgen \u00fcber Artikel, die in einem 24-Stunden-Shop verkauft werden k\u00f6nnen, mit einer organisierten und sicheren Verwaltung f\u00fcr Sie und Ihre Kunden.<\/p>\n<h3>Blog<\/h3>\n<p>Es gibt eine weit verbreitete Option fortlaufend Material aller Art zu ver\u00f6ffentlichen. Hierf\u00fcr nutzen Blogger Plattformen und ihre eigene Website um regelm\u00e4\u00dfig Inhalte zu ver\u00f6ffentlichen, was ihnen letztendlich eine gr\u00f6\u00dfere Sichtbarkeit und Autorit\u00e4t verleiht.<\/p>\n<h3>\u00dcbersetzung von Websites<\/h3>\n<p>Unser Fokus liegt auf der <strong> \u00dcbersetzung von Websites<\/strong>. Wir von <a href=\"https:\/\/translinguoglobal.com\/de\/\">Translinguo Global\u00ae<\/a> bieten Ihnen eine breite Palette von Dienstleistungen an, die auf alle Arten von <em>E-Commerce<\/em>, Blogs, Websites, Portfolios usw. spezialisiert ist. Wir haben ein breites Spektrum von Fachleuten, die sich auf verschiedene Gebiete spezialisiert haben. Und das zus\u00e4tzlich zu den \u00dcbersetzungen, die f\u00fcr jedes Land das Sie erreichen m\u00f6chten angepasst sind. Und als ob das noch nicht genug w\u00e4re, beraten wir Sie, damit Ihr\u00a0<strong>Webinhalt <\/strong> vollst\u00e4ndig, von hoher Qualit\u00e4t und mit einer starken und optimalen <a href=\"\/?page_id=43667\">Suchmaschinenoptimierung (SEO)<\/a> in Google ist.<\/p>\n<p>Besuchen Sie unsere Profile auf <a href=\"https:\/\/www.facebook.com\/translinguoglobal\" target=\"_blank\" rel=\"noopener\">Facebook<\/a>, <a href=\"https:\/\/www.instagram.com\/translinguoglobal\/\" target=\"_blank\" rel=\"noopener\">Instagram<\/a> und <a href=\"https:\/\/www.linkedin.com\/company\/agencia-de-traduccion-translinguo-global\/?originalSubdomain=es\" target=\"_blank\" rel=\"noopener\">Linkedin<\/a>.<\/p>\n","protected":false},"excerpt":{"rendered":"<p>\u201eWenn dein Unternehmen nicht im Internet vertreten ist, existiert dein Unternehmen nicht.\u201c BILL GATES Wir setzen auf eine Vielzahl von Kompetenzen: &nbsp; Zug\u00e4nglichkeit. Visuelle Identit\u00e4t. Vermarktung. Webmarketing.\u00a0 Programmierung. Ergonomie. Interaktion. Visualisierung. Gestaltung und Erstellung von Websites Im Laufe der Zeit entscheiden sich immer mehr Unternehmen, sowohl neue als auch traditionelle, daf\u00fcr ihren Kundenkreis durch die [&hellip;]<\/p>\n","protected":false},"author":3,"featured_media":59906,"parent":0,"menu_order":0,"comment_status":"closed","ping_status":"closed","template":"","meta":{"_crdt_document":"","inline_featured_image":false,"site-sidebar-layout":"no-sidebar","site-content-layout":"page-builder","ast-site-content-layout":"full-width-container","site-content-style":"default","site-sidebar-style":"default","ast-global-header-display":"","ast-banner-title-visibility":"","ast-main-header-display":"","ast-hfb-above-header-display":"","ast-hfb-below-header-display":"","ast-hfb-mobile-header-display":"","site-post-title":"disabled","ast-breadcrumbs-content":"","ast-featured-img":"disabled","footer-sml-layout":"","ast-disable-related-posts":"","theme-transparent-header-meta":"default","adv-header-id-meta":"","stick-header-meta":"","header-above-stick-meta":"","header-main-stick-meta":"","header-below-stick-meta":"","astra-migrate-meta-layouts":"default","ast-page-background-enabled":"default","ast-page-background-meta":{"desktop":{"background-color":"var(--ast-global-color-4)","background-image":"","background-repeat":"repeat","background-position":"center center","background-size":"auto","background-attachment":"scroll","background-type":"","background-media":"","overlay-type":"","overlay-color":"","overlay-opacity":"","overlay-gradient":""},"tablet":{"background-color":"","background-image":"","background-repeat":"repeat","background-position":"center center","background-size":"auto","background-attachment":"scroll","background-type":"","background-media":"","overlay-type":"","overlay-color":"","overlay-opacity":"","overlay-gradient":""},"mobile":{"background-color":"","background-image":"","background-repeat":"repeat","background-position":"center center","background-size":"auto","background-attachment":"scroll","background-type":"","background-media":"","overlay-type":"","overlay-color":"","overlay-opacity":"","overlay-gradient":""}},"ast-content-background-meta":{"desktop":{"background-color":"var(--ast-global-color-5)","background-image":"","background-repeat":"repeat","background-position":"center center","background-size":"auto","background-attachment":"scroll","background-type":"","background-media":"","overlay-type":"","overlay-color":"","overlay-opacity":"","overlay-gradient":""},"tablet":{"background-color":"var(--ast-global-color-5)","background-image":"","background-repeat":"repeat","background-position":"center center","background-size":"auto","background-attachment":"scroll","background-type":"","background-media":"","overlay-type":"","overlay-color":"","overlay-opacity":"","overlay-gradient":""},"mobile":{"background-color":"var(--ast-global-color-5)","background-image":"","background-repeat":"repeat","background-position":"center center","background-size":"auto","background-attachment":"scroll","background-type":"","background-media":"","overlay-type":"","overlay-color":"","overlay-opacity":"","overlay-gradient":""}},"footnotes":""},"class_list":["post-43666","page","type-page","status-publish","has-post-thumbnail","hentry"],"_links":{"self":[{"href":"https:\/\/translinguoglobal.com\/de\/wp-json\/wp\/v2\/pages\/43666","targetHints":{"allow":["GET"]}}],"collection":[{"href":"https:\/\/translinguoglobal.com\/de\/wp-json\/wp\/v2\/pages"}],"about":[{"href":"https:\/\/translinguoglobal.com\/de\/wp-json\/wp\/v2\/types\/page"}],"author":[{"embeddable":true,"href":"https:\/\/translinguoglobal.com\/de\/wp-json\/wp\/v2\/users\/3"}],"replies":[{"embeddable":true,"href":"https:\/\/translinguoglobal.com\/de\/wp-json\/wp\/v2\/comments?post=43666"}],"version-history":[{"count":0,"href":"https:\/\/translinguoglobal.com\/de\/wp-json\/wp\/v2\/pages\/43666\/revisions"}],"wp:featuredmedia":[{"embeddable":true,"href":"https:\/\/translinguoglobal.com\/de\/wp-json\/wp\/v2\/media\/59906"}],"wp:attachment":[{"href":"https:\/\/translinguoglobal.com\/de\/wp-json\/wp\/v2\/media?parent=43666"}],"curies":[{"name":"wp","href":"https:\/\/api.w.org\/{rel}","templated":true}]}}