{"id":43606,"date":"2022-05-05T15:41:39","date_gmt":"2022-05-05T15:41:39","guid":{"rendered":"https:\/\/translinguoglobal.com\/textgestaltung\/"},"modified":"2024-05-14T21:16:00","modified_gmt":"2024-05-14T19:16:00","slug":"textgestaltung","status":"publish","type":"page","link":"https:\/\/translinguoglobal.com\/de\/textgestaltung\/","title":{"rendered":"Textgestaltung"},"content":{"rendered":"<p>Dieser Dienst besteht darin schriftliche, visuelle und in einigen F\u00e4llen auch <a href=\"https:\/\/translinguoglobal.com\/de\/audiovisuelle-uebersetzungsdienste\/\">audiovisuelle<\/a> (multimediale) Inhalte in gedruckten und elektronischen Medien wie B\u00fcchern, Zeitungen und Zeitschriften an einem einzigen Ort zu organisieren.<br \/>\nDie technische Textgestaltung besteht darin den Text mit einer bestimmten Sch\u00e4rfe, die Grafikdesign, Editorial Design und Textredaktion miteinander verbindet, zu platzieren. Zweifellos eine perfekte Erg\u00e4nzung zu Ihrem \u00dcbersetzungsprojekt.<\/p>\n<h4>Textgestaltungs-Dienstleistung<\/h4>\n<p>Bei <a href=\"https:\/\/translinguoglobal.com\/de\/\"><strong>Translinguo Global\u00ae<\/strong><\/a> verwenden wir Programme wie InDesign, QuarkXpress oder Illustrator. Deshalb k\u00f6nnen wir Ihnen ein spektakul\u00e4res Ergebnis garantieren. Dar\u00fcber hinaus verf\u00fcgen wir \u00fcber Experten, die mit den neuesten Gestaltungstechniken und Markttrends, sowie mit mehrsprachigen Texten vertraut sind. Dies bedeutet optimale Qualit\u00e4t und Konsistenz f\u00fcr Ihre Textlayout-Projekte.<\/p>\n<p>Wir bieten Ihnen auch eine Textgestaltungs-Dienstleistung mit \u00dcbersetzung in alle Sprachen und Alphabete, da wir \u00fcber muttersprachliche Experten verf\u00fcgen.<\/p>\n<p>Wir k\u00f6nnen Ihr Angebot nach Ihren spezifischen Bed\u00fcrfnissen gestalten, sei es eine erg\u00e4nzende \u00dcbersetzungsdienstleistung oder eine andere Dienstleistung oder einfach nur die DTP-Dienstleistung als solche.<\/p>\n<table style=\"height: 18px; width: 100%; border-collapse: collapse; border-style: hidden;\">\n<tbody>\n<tr style=\"height: 18px;\">\n<td style=\"width: 25%; height: 18px;\"><img decoding=\"async\" class=\"size-full wp-image-39463 alignleft\" src=\"https:\/\/new.translinguoglobal.com\/wp-content\/uploads\/2022\/04\/check-300x261-1.png\" alt=\"\" width=\"20\" height=\"20\"> Dissertation. Forschungspapiere.<\/td>\n<td style=\"width: 25%; height: 18px;\"><img decoding=\"async\" class=\"size-full wp-image-39463 alignleft\" src=\"https:\/\/new.translinguoglobal.com\/wp-content\/uploads\/2022\/04\/check-300x261-1.png\" alt=\"\" width=\"20\" height=\"20\"> Berichte aller Art.<\/td>\n<td style=\"width: 25%; height: 18px;\"><img decoding=\"async\" class=\"size-full wp-image-39463 alignleft\" src=\"https:\/\/new.translinguoglobal.com\/wp-content\/uploads\/2022\/04\/check-300x261-1.png\" alt=\"\" width=\"20\" height=\"20\"> Jahresberichte.<\/td>\n<td style=\"width: 25%; height: 18px;\"><img decoding=\"async\" class=\"size-full wp-image-39463 alignleft\" src=\"https:\/\/new.translinguoglobal.com\/wp-content\/uploads\/2022\/04\/check-300x261-1.png\" alt=\"\" width=\"20\" height=\"20\"> Leitf\u00e4den, Pr\u00e4sentationen, usw.<\/td>\n<\/tr>\n<\/tbody>\n<\/table>\n<p>&nbsp;<\/p>\n<table style=\"width: 100%; border-collapse: collapse; border-style: hidden;\" border=\"0\">\n<tbody>\n<tr>\n<td style=\"width: 33.3333%;\"><img decoding=\"async\" class=\"size-full wp-image-40011 aligncenter\" src=\"https:\/\/new.translinguoglobal.com\/wp-content\/uploads\/2022\/04\/QuarkXPress_2017_Icon-300x297-1.png\" alt=\"\" width=\"90\" height=\"90\" srcset=\"https:\/\/translinguoglobal.com\/wp-content\/uploads\/2022\/04\/QuarkXPress_2017_Icon-300x297-1.png 300w, https:\/\/translinguoglobal.com\/wp-content\/uploads\/2022\/04\/QuarkXPress_2017_Icon-300x297-1-150x150.png 150w\" sizes=\"(max-width: 90px) 100vw, 90px\" \/><\/td>\n<td style=\"width: 33.3333%;\"><img decoding=\"async\" class=\"size-medium wp-image-40018 aligncenter\" src=\"https:\/\/new.translinguoglobal.com\/wp-content\/uploads\/2022\/04\/illustrator-300x300-1-300x300.png\" alt=\"\" width=\"90\" height=\"90\" srcset=\"https:\/\/translinguoglobal.com\/wp-content\/uploads\/2022\/04\/illustrator-300x300-1.png 300w, https:\/\/translinguoglobal.com\/wp-content\/uploads\/2022\/04\/illustrator-300x300-1-150x150.png 150w\" sizes=\"(max-width: 90px) 100vw, 90px\" \/><\/td>\n<td style=\"width: 33.3333%;\"><img loading=\"lazy\" decoding=\"async\" class=\"size-full wp-image-40025 aligncenter\" src=\"https:\/\/new.translinguoglobal.com\/wp-content\/uploads\/2022\/04\/descarga-1.png\" alt=\"\" width=\"90\" height=\"90\"><\/td>\n<\/tr>\n<\/tbody>\n<\/table>\n<p>&nbsp;<\/p>\n<p>Besuchen Sie unsere Profile auf <a href=\"https:\/\/www.facebook.com\/translinguoglobal\" target=\"_blank\" rel=\"noopener\">Facebook<\/a>, <a href=\"https:\/\/www.instagram.com\/translinguoglobal\/\" target=\"_blank\" rel=\"noopener\">Instagram<\/a> und <a href=\"https:\/\/www.linkedin.com\/company\/agencia-de-traduccion-translinguo-global\/?originalSubdomain=es\" target=\"_blank\" rel=\"noopener\">Linkedin<\/a>.<\/p>\n","protected":false},"excerpt":{"rendered":"<p>Dieser Dienst besteht darin schriftliche, visuelle und in einigen F\u00e4llen auch audiovisuelle (multimediale) Inhalte in gedruckten und elektronischen Medien wie B\u00fcchern, Zeitungen und Zeitschriften an einem einzigen Ort zu organisieren. Die technische Textgestaltung besteht darin den Text mit einer bestimmten Sch\u00e4rfe, die Grafikdesign, Editorial Design und Textredaktion miteinander verbindet, zu platzieren. Zweifellos eine perfekte Erg\u00e4nzung [&hellip;]<\/p>\n","protected":false},"author":3,"featured_media":39997,"parent":0,"menu_order":0,"comment_status":"closed","ping_status":"closed","template":"","meta":{"_crdt_document":"","inline_featured_image":false,"site-sidebar-layout":"no-sidebar","site-content-layout":"page-builder","ast-site-content-layout":"full-width-container","site-content-style":"default","site-sidebar-style":"default","ast-global-header-display":"","ast-banner-title-visibility":"","ast-main-header-display":"","ast-hfb-above-header-display":"","ast-hfb-below-header-display":"","ast-hfb-mobile-header-display":"","site-post-title":"disabled","ast-breadcrumbs-content":"","ast-featured-img":"disabled","footer-sml-layout":"","ast-disable-related-posts":"","theme-transparent-header-meta":"default","adv-header-id-meta":"","stick-header-meta":"","header-above-stick-meta":"","header-main-stick-meta":"","header-below-stick-meta":"","astra-migrate-meta-layouts":"set","ast-page-background-enabled":"default","ast-page-background-meta":{"desktop":{"background-color":"var(--ast-global-color-4)","background-image":"","background-repeat":"repeat","background-position":"center center","background-size":"auto","background-attachment":"scroll","background-type":"","background-media":"","overlay-type":"","overlay-color":"","overlay-opacity":"","overlay-gradient":""},"tablet":{"background-color":"","background-image":"","background-repeat":"repeat","background-position":"center center","background-size":"auto","background-attachment":"scroll","background-type":"","background-media":"","overlay-type":"","overlay-color":"","overlay-opacity":"","overlay-gradient":""},"mobile":{"background-color":"","background-image":"","background-repeat":"repeat","background-position":"center center","background-size":"auto","background-attachment":"scroll","background-type":"","background-media":"","overlay-type":"","overlay-color":"","overlay-opacity":"","overlay-gradient":""}},"ast-content-background-meta":{"desktop":{"background-color":"var(--ast-global-color-5)","background-image":"","background-repeat":"repeat","background-position":"center center","background-size":"auto","background-attachment":"scroll","background-type":"","background-media":"","overlay-type":"","overlay-color":"","overlay-opacity":"","overlay-gradient":""},"tablet":{"background-color":"var(--ast-global-color-5)","background-image":"","background-repeat":"repeat","background-position":"center center","background-size":"auto","background-attachment":"scroll","background-type":"","background-media":"","overlay-type":"","overlay-color":"","overlay-opacity":"","overlay-gradient":""},"mobile":{"background-color":"var(--ast-global-color-5)","background-image":"","background-repeat":"repeat","background-position":"center center","background-size":"auto","background-attachment":"scroll","background-type":"","background-media":"","overlay-type":"","overlay-color":"","overlay-opacity":"","overlay-gradient":""}},"footnotes":""},"class_list":["post-43606","page","type-page","status-publish","has-post-thumbnail","hentry"],"_links":{"self":[{"href":"https:\/\/translinguoglobal.com\/de\/wp-json\/wp\/v2\/pages\/43606","targetHints":{"allow":["GET"]}}],"collection":[{"href":"https:\/\/translinguoglobal.com\/de\/wp-json\/wp\/v2\/pages"}],"about":[{"href":"https:\/\/translinguoglobal.com\/de\/wp-json\/wp\/v2\/types\/page"}],"author":[{"embeddable":true,"href":"https:\/\/translinguoglobal.com\/de\/wp-json\/wp\/v2\/users\/3"}],"replies":[{"embeddable":true,"href":"https:\/\/translinguoglobal.com\/de\/wp-json\/wp\/v2\/comments?post=43606"}],"version-history":[{"count":1,"href":"https:\/\/translinguoglobal.com\/de\/wp-json\/wp\/v2\/pages\/43606\/revisions"}],"predecessor-version":[{"id":66991,"href":"https:\/\/translinguoglobal.com\/de\/wp-json\/wp\/v2\/pages\/43606\/revisions\/66991"}],"wp:featuredmedia":[{"embeddable":true,"href":"https:\/\/translinguoglobal.com\/de\/wp-json\/wp\/v2\/media\/39997"}],"wp:attachment":[{"href":"https:\/\/translinguoglobal.com\/de\/wp-json\/wp\/v2\/media?parent=43606"}],"curies":[{"name":"wp","href":"https:\/\/api.w.org\/{rel}","templated":true}]}}