{"id":43605,"date":"2022-05-05T15:41:30","date_gmt":"2022-05-05T15:41:30","guid":{"rendered":"https:\/\/translinguoglobal.com\/werbematerial\/"},"modified":"2023-04-04T13:11:26","modified_gmt":"2023-04-04T11:11:26","slug":"werbematerial","status":"publish","type":"page","link":"https:\/\/translinguoglobal.com\/de\/werbematerial\/","title":{"rendered":"Werbematerial"},"content":{"rendered":"<p>Zu den \u00fcblichen Verwendungszwecken von <a href=\"https:\/\/translinguoglobal.com\/de\/grafikdesign-service\/\">Grafikdesign<\/a> geh\u00f6ren Identit\u00e4t <strong>(Logos und Markenbildung)<\/strong>, Ver\u00f6ffentlichungen <strong>(Zeitschriften, Zeitungen und B\u00fccher)<\/strong>, <a href=\"https:\/\/translinguoglobal.com\/de\/werbematerial\/\">Werbung<\/a> und Produktverpackungen. Eine Produktverpackung kann zum Beispiel ein Logo oder ein anderes Design, einen strukturierten Text und reine Designelemente, wie Formen und Farben, enthalten. Diese vereinheitlichen das St\u00fcck.<\/p>\n<p>Zusammensetzung, Formen und Farben sind die wichtigsten Merkmale des Grafikdesigns, insbesondere bei der Verwendung bereits vorhandener Dokumente oder verschiedener Elemente.<\/p>\n<h3>Grafische Konzeption und Gestaltung von Werbung. Werbematerial<\/h3>\n<p>Dieses multimediale Spektrum bietet Ihnen die M\u00f6glichkeit, alle Ihre Bed\u00fcrfnisse im Bereich Grafikdesign zu befriedigen. Wir bieten eine breite Palette von Multimediadiensten an, z. B:<\/p>\n<table style=\"width: 100%; border-collapse: collapse; border-style: hidden;\">\n<tbody>\n<tr>\n<td style=\"width: 33.3333%;\"><img decoding=\"async\" class=\"size-full wp-image-39939 aligncenter\" src=\"https:\/\/new.translinguoglobal.com\/wp-content\/uploads\/2022\/04\/photo.png\" alt=\"Identidad corporativa.\" width=\"80\" height=\"80\" srcset=\"https:\/\/translinguoglobal.com\/wp-content\/uploads\/2022\/04\/photo.png 250w, https:\/\/translinguoglobal.com\/wp-content\/uploads\/2022\/04\/photo-150x150.png 150w\" sizes=\"(max-width: 80px) 100vw, 80px\" \/><\/p>\n<p style=\"text-align: center;\">Unternehmensidentit\u00e4t und Markenbildung. Grafikdesign und Grafische Konzeption<\/p>\n<\/td>\n<td style=\"width: 33.3333%;\"><img decoding=\"async\" class=\"size-full wp-image-39946 aligncenter\" src=\"https:\/\/new.translinguoglobal.com\/wp-content\/uploads\/2022\/04\/logotipo.png\" alt=\"Gestaltung von Logos, Zeitschriften, Bannern und Unternehmensidentit\u00e4t. Verpackung und grafisches Material\" width=\"80\" height=\"80\" srcset=\"https:\/\/translinguoglobal.com\/wp-content\/uploads\/2022\/04\/logotipo.png 250w, https:\/\/translinguoglobal.com\/wp-content\/uploads\/2022\/04\/logotipo-150x150.png 150w\" sizes=\"(max-width: 80px) 100vw, 80px\" \/><\/p>\n<p style=\"text-align: center;\">Gestaltung von Logos<\/p>\n<\/td>\n<td style=\"width: 33.3333%;\"><img decoding=\"async\" class=\"size-full wp-image-39953 aligncenter\" src=\"https:\/\/new.translinguoglobal.com\/wp-content\/uploads\/2022\/04\/folleto.png\" alt=\"\" width=\"80\" height=\"80\" srcset=\"https:\/\/translinguoglobal.com\/wp-content\/uploads\/2022\/04\/folleto.png 250w, https:\/\/translinguoglobal.com\/wp-content\/uploads\/2022\/04\/folleto-150x150.png 150w\" sizes=\"(max-width: 80px) 100vw, 80px\" \/><\/p>\n<p style=\"text-align: center;\">Gestaltung von Postern, Brosch\u00fcren, Newslettern und Briefpapier<\/p>\n<\/td>\n<\/tr>\n<\/tbody>\n<\/table>\n<p>&nbsp;<\/p>\n<p>Besuchen Sie unsere Profile auf <a href=\"https:\/\/www.facebook.com\/translinguoglobal\" target=\"_blank\" rel=\"noopener\">Facebook<\/a>, <a href=\"https:\/\/www.facebook.com\/translinguoglobal\" target=\"_blank\" rel=\"noopener\">Instagram<\/a> und <a href=\"https:\/\/www.linkedin.com\/company\/agencia-de-traduccion-translinguo-global\/?originalSubdomain=es\" target=\"_blank\" rel=\"noopener\">Linkedin<\/a>.<\/p>\n","protected":false},"excerpt":{"rendered":"<p>Zu den \u00fcblichen Verwendungszwecken von Grafikdesign geh\u00f6ren Identit\u00e4t (Logos und Markenbildung), Ver\u00f6ffentlichungen (Zeitschriften, Zeitungen und B\u00fccher), Werbung und Produktverpackungen. Eine Produktverpackung kann zum Beispiel ein Logo oder ein anderes Design, einen strukturierten Text und reine Designelemente, wie Formen und Farben, enthalten. Diese vereinheitlichen das St\u00fcck. Zusammensetzung, Formen und Farben sind die wichtigsten Merkmale des Grafikdesigns, [&hellip;]<\/p>\n","protected":false},"author":3,"featured_media":39968,"parent":0,"menu_order":0,"comment_status":"closed","ping_status":"closed","template":"","meta":{"_crdt_document":"","inline_featured_image":false,"site-sidebar-layout":"default","site-content-layout":"default","ast-site-content-layout":"default","site-content-style":"default","site-sidebar-style":"default","ast-global-header-display":"","ast-banner-title-visibility":"","ast-main-header-display":"","ast-hfb-above-header-display":"","ast-hfb-below-header-display":"","ast-hfb-mobile-header-display":"","site-post-title":"","ast-breadcrumbs-content":"","ast-featured-img":"","footer-sml-layout":"","ast-disable-related-posts":"","theme-transparent-header-meta":"default","adv-header-id-meta":"","stick-header-meta":"","header-above-stick-meta":"","header-main-stick-meta":"","header-below-stick-meta":"","astra-migrate-meta-layouts":"default","ast-page-background-enabled":"default","ast-page-background-meta":{"desktop":{"background-color":"var(--ast-global-color-4)","background-image":"","background-repeat":"repeat","background-position":"center center","background-size":"auto","background-attachment":"scroll","background-type":"","background-media":"","overlay-type":"","overlay-color":"","overlay-opacity":"","overlay-gradient":""},"tablet":{"background-color":"","background-image":"","background-repeat":"repeat","background-position":"center center","background-size":"auto","background-attachment":"scroll","background-type":"","background-media":"","overlay-type":"","overlay-color":"","overlay-opacity":"","overlay-gradient":""},"mobile":{"background-color":"","background-image":"","background-repeat":"repeat","background-position":"center center","background-size":"auto","background-attachment":"scroll","background-type":"","background-media":"","overlay-type":"","overlay-color":"","overlay-opacity":"","overlay-gradient":""}},"ast-content-background-meta":{"desktop":{"background-color":"var(--ast-global-color-5)","background-image":"","background-repeat":"repeat","background-position":"center center","background-size":"auto","background-attachment":"scroll","background-type":"","background-media":"","overlay-type":"","overlay-color":"","overlay-opacity":"","overlay-gradient":""},"tablet":{"background-color":"var(--ast-global-color-5)","background-image":"","background-repeat":"repeat","background-position":"center center","background-size":"auto","background-attachment":"scroll","background-type":"","background-media":"","overlay-type":"","overlay-color":"","overlay-opacity":"","overlay-gradient":""},"mobile":{"background-color":"var(--ast-global-color-5)","background-image":"","background-repeat":"repeat","background-position":"center center","background-size":"auto","background-attachment":"scroll","background-type":"","background-media":"","overlay-type":"","overlay-color":"","overlay-opacity":"","overlay-gradient":""}},"footnotes":""},"class_list":["post-43605","page","type-page","status-publish","has-post-thumbnail","hentry"],"_links":{"self":[{"href":"https:\/\/translinguoglobal.com\/de\/wp-json\/wp\/v2\/pages\/43605","targetHints":{"allow":["GET"]}}],"collection":[{"href":"https:\/\/translinguoglobal.com\/de\/wp-json\/wp\/v2\/pages"}],"about":[{"href":"https:\/\/translinguoglobal.com\/de\/wp-json\/wp\/v2\/types\/page"}],"author":[{"embeddable":true,"href":"https:\/\/translinguoglobal.com\/de\/wp-json\/wp\/v2\/users\/3"}],"replies":[{"embeddable":true,"href":"https:\/\/translinguoglobal.com\/de\/wp-json\/wp\/v2\/comments?post=43605"}],"version-history":[{"count":0,"href":"https:\/\/translinguoglobal.com\/de\/wp-json\/wp\/v2\/pages\/43605\/revisions"}],"wp:featuredmedia":[{"embeddable":true,"href":"https:\/\/translinguoglobal.com\/de\/wp-json\/wp\/v2\/media\/39968"}],"wp:attachment":[{"href":"https:\/\/translinguoglobal.com\/de\/wp-json\/wp\/v2\/media?parent=43605"}],"curies":[{"name":"wp","href":"https:\/\/api.w.org\/{rel}","templated":true}]}}