{"id":43604,"date":"2022-05-05T15:41:20","date_gmt":"2022-05-05T15:41:20","guid":{"rendered":"https:\/\/translinguoglobal.com\/grafikdesign-service\/"},"modified":"2023-04-04T13:10:26","modified_gmt":"2023-04-04T11:10:26","slug":"grafikdesign-service","status":"publish","type":"page","link":"https:\/\/translinguoglobal.com\/de\/grafikdesign-service\/","title":{"rendered":"Grafikdesign-Service"},"content":{"rendered":"<p>Grafikdesign-Service schafft es den Kunden zu erreichen und die Botschaft die ausgedr\u00fcckt werden m\u00f6chte durch Kreativit\u00e4t und K\u00f6nnen zu vermitteln. Deshalb haben wir erfahrene Designer, die dies f\u00fcr Ihre Werbekampagne machbar machen. Unter Grafikdesign verstehen wir alle kommerziellen und werblichen Elemente, die ein Unternehmen oder eine Einzelperson ben\u00f6tigt. Bei Grafikdesign-Service handelt es sich um einen Dienst, dem besondere Bedeutung zukommt. Aus diesem Grund verf\u00fcgen wir \u00fcber ein Team von Fachleuten, die Ihrem Firmen- oder Personenprofil einen modernen und kommerziellen Touch verleihen.<\/p>\n<table style=\"width: 100%; border-collapse: collapse; border-style: hidden;\">\n<tbody>\n<tr>\n<td style=\"width: 33.3333%;\"><img decoding=\"async\" class=\"size-full wp-image-39939 aligncenter\" src=\"https:\/\/new.translinguoglobal.com\/wp-content\/uploads\/2022\/04\/photo.png\" alt=\"Unternehmensidentit\u00e4t.\" width=\"80\" height=\"80\" srcset=\"https:\/\/translinguoglobal.com\/wp-content\/uploads\/2022\/04\/photo.png 250w, https:\/\/translinguoglobal.com\/wp-content\/uploads\/2022\/04\/photo-150x150.png 150w\" sizes=\"(max-width: 80px) 100vw, 80px\" \/><\/p>\n<p style=\"text-align: center;\">Unternehmensidentit\u00e4t. Gestaltung von Werbetr\u00e4gern. Illustrationen. Konzeption des grafischen Bildes.<\/p>\n<\/td>\n<td style=\"width: 33.3333%;\"><img decoding=\"async\" class=\"size-full wp-image-39946 aligncenter\" src=\"https:\/\/new.translinguoglobal.com\/wp-content\/uploads\/2022\/04\/logotipo.png\" alt=\"Gestaltung von Logos, Zeitschriften, Bannern und Unternehmensidentit\u00e4t. Verpackung und grafisches Material\" width=\"80\" height=\"80\" srcset=\"https:\/\/translinguoglobal.com\/wp-content\/uploads\/2022\/04\/logotipo.png 250w, https:\/\/translinguoglobal.com\/wp-content\/uploads\/2022\/04\/logotipo-150x150.png 150w\" sizes=\"(max-width: 80px) 100vw, 80px\" \/><\/p>\n<p style=\"text-align: center;\">Gestaltung von Logos, Zeitschriften, Bannern und Unternehmensidentit\u00e4t. Verpackung und grafisches Material.<\/p>\n<\/td>\n<td style=\"width: 33.3333%;\"><img decoding=\"async\" class=\"size-full wp-image-39953 aligncenter\" src=\"https:\/\/new.translinguoglobal.com\/wp-content\/uploads\/2022\/04\/folleto.png\" alt=\"\" width=\"80\" height=\"80\" srcset=\"https:\/\/translinguoglobal.com\/wp-content\/uploads\/2022\/04\/folleto.png 250w, https:\/\/translinguoglobal.com\/wp-content\/uploads\/2022\/04\/folleto-150x150.png 150w\" sizes=\"(max-width: 80px) 100vw, 80px\" \/><\/p>\n<p style=\"text-align: center;\">Gestaltung von Brosch\u00fcren, Flyer, Illustrationen und grafischer Identit\u00e4t.<\/p>\n<\/td>\n<\/tr>\n<\/tbody>\n<\/table>\n<p>Wenn Sie oder Ihr Unternehmen ein starkes und professionelles Image vermitteln wollen, vertrauen Sie unseren professionellen und kreativen Designern. Das Image Ihres Unternehmens ist f\u00fcr uns wichtig.<\/p>\n<p>Besuchen Sie unsere Profile auf <a href=\"https:\/\/www.facebook.com\/translinguoglobal\" target=\"_blank\" rel=\"noopener\">Facebook<\/a>, <a href=\"https:\/\/www.instagram.com\/translinguoglobal\/\" target=\"_blank\" rel=\"noopener\">Instagram<\/a> und <a href=\"https:\/\/www.linkedin.com\/company\/agencia-de-traduccion-translinguo-global\/?originalSubdomain=es\" target=\"_blank\" rel=\"noopener\">Linkedin<\/a>.<\/p>\n","protected":false},"excerpt":{"rendered":"<p>A trav\u00e9s del servicio de dise\u00f1o gr\u00e1fico vas a dejar huella en la memoria de tus clientes, ya que les \u00abentrar\u00e1 por los ojos\u00bb un dise\u00f1o impactante y memorable.<\/p>\n","protected":false},"author":3,"featured_media":39930,"parent":0,"menu_order":0,"comment_status":"closed","ping_status":"closed","template":"","meta":{"_crdt_document":"","inline_featured_image":false,"site-sidebar-layout":"default","site-content-layout":"default","ast-site-content-layout":"default","site-content-style":"default","site-sidebar-style":"default","ast-global-header-display":"","ast-banner-title-visibility":"","ast-main-header-display":"","ast-hfb-above-header-display":"","ast-hfb-below-header-display":"","ast-hfb-mobile-header-display":"","site-post-title":"","ast-breadcrumbs-content":"","ast-featured-img":"","footer-sml-layout":"","ast-disable-related-posts":"","theme-transparent-header-meta":"default","adv-header-id-meta":"","stick-header-meta":"","header-above-stick-meta":"","header-main-stick-meta":"","header-below-stick-meta":"","astra-migrate-meta-layouts":"default","ast-page-background-enabled":"default","ast-page-background-meta":{"desktop":{"background-color":"var(--ast-global-color-4)","background-image":"","background-repeat":"repeat","background-position":"center center","background-size":"auto","background-attachment":"scroll","background-type":"","background-media":"","overlay-type":"","overlay-color":"","overlay-opacity":"","overlay-gradient":""},"tablet":{"background-color":"","background-image":"","background-repeat":"repeat","background-position":"center center","background-size":"auto","background-attachment":"scroll","background-type":"","background-media":"","overlay-type":"","overlay-color":"","overlay-opacity":"","overlay-gradient":""},"mobile":{"background-color":"","background-image":"","background-repeat":"repeat","background-position":"center center","background-size":"auto","background-attachment":"scroll","background-type":"","background-media":"","overlay-type":"","overlay-color":"","overlay-opacity":"","overlay-gradient":""}},"ast-content-background-meta":{"desktop":{"background-color":"var(--ast-global-color-5)","background-image":"","background-repeat":"repeat","background-position":"center center","background-size":"auto","background-attachment":"scroll","background-type":"","background-media":"","overlay-type":"","overlay-color":"","overlay-opacity":"","overlay-gradient":""},"tablet":{"background-color":"var(--ast-global-color-5)","background-image":"","background-repeat":"repeat","background-position":"center center","background-size":"auto","background-attachment":"scroll","background-type":"","background-media":"","overlay-type":"","overlay-color":"","overlay-opacity":"","overlay-gradient":""},"mobile":{"background-color":"var(--ast-global-color-5)","background-image":"","background-repeat":"repeat","background-position":"center center","background-size":"auto","background-attachment":"scroll","background-type":"","background-media":"","overlay-type":"","overlay-color":"","overlay-opacity":"","overlay-gradient":""}},"footnotes":""},"class_list":["post-43604","page","type-page","status-publish","has-post-thumbnail","hentry"],"_links":{"self":[{"href":"https:\/\/translinguoglobal.com\/de\/wp-json\/wp\/v2\/pages\/43604","targetHints":{"allow":["GET"]}}],"collection":[{"href":"https:\/\/translinguoglobal.com\/de\/wp-json\/wp\/v2\/pages"}],"about":[{"href":"https:\/\/translinguoglobal.com\/de\/wp-json\/wp\/v2\/types\/page"}],"author":[{"embeddable":true,"href":"https:\/\/translinguoglobal.com\/de\/wp-json\/wp\/v2\/users\/3"}],"replies":[{"embeddable":true,"href":"https:\/\/translinguoglobal.com\/de\/wp-json\/wp\/v2\/comments?post=43604"}],"version-history":[{"count":0,"href":"https:\/\/translinguoglobal.com\/de\/wp-json\/wp\/v2\/pages\/43604\/revisions"}],"wp:featuredmedia":[{"embeddable":true,"href":"https:\/\/translinguoglobal.com\/de\/wp-json\/wp\/v2\/media\/39930"}],"wp:attachment":[{"href":"https:\/\/translinguoglobal.com\/de\/wp-json\/wp\/v2\/media?parent=43604"}],"curies":[{"name":"wp","href":"https:\/\/api.w.org\/{rel}","templated":true}]}}