{"id":43602,"date":"2022-05-05T15:39:57","date_gmt":"2022-05-05T15:39:57","guid":{"rendered":"https:\/\/translinguoglobal.com\/mehrsprachiger-marketing-service\/"},"modified":"2024-05-14T21:15:25","modified_gmt":"2024-05-14T19:15:25","slug":"mehrsprachiger-marketing-service","status":"publish","type":"page","link":"https:\/\/translinguoglobal.com\/de\/mehrsprachiger-marketing-service\/","title":{"rendered":"Mehrsprachiges Marketing"},"content":{"rendered":"<h3>Die Bedeutung des mehrsprachigen Marketings<\/h3>\n<p>Eine der gr\u00f6\u00dften Herausforderungen vor denen viele Unternehmen heute stehen ist zweifelsohne eine gr\u00f6\u00dfere Pr\u00e4senz auf den internationalen M\u00e4rkten zu erreichen. Wir von <a href=\"https:\/\/translinguoglobal.com\/de\/\"><strong>Translinguo Global\u00ae<\/strong><\/a> wissen, dass dies nur mit der richtigen mehrsprachigen Marketingkampagne gelingen kann.<\/p>\n<p>Eine angemessene Sichtbarkeit und Relevanz auf anderen M\u00e4rkten ist mit einer <em>Branding-<\/em> und <em>Marketingstrategie<\/em> sowie der Verwaltung von Inhalten in anderen Sprachen m\u00f6glich.<\/p>\n<p>Wir vereinen sowohl die <em>Marketingstrategie<\/em> als auch die <a href=\"https:\/\/translinguoglobal.com\/de\/fachuebersetzungsdienst\/\">Fach\u00fcbersetzung<\/a> Ihrer Inhalte f\u00fcr ein hervorragendes\u00a0<em>mehrsprachiges Marketing<\/em>.<\/p>\n<p>Wir verf\u00fcgen \u00fcber einen spezialisierten Service, der Ihre Werbekampagne so korrekt und effektiv wie m\u00f6glich gestaltet.<\/p>\n<p>Dank der interkulturellen Ausbildung unserer <a href=\"https:\/\/translinguoglobal.com\/de\/das-team\/\">\u00dcbersetzer<\/a> und der st\u00e4ndigen Unterst\u00fctzung durch unser <em>Marketing-<\/em> und <em>Branding-<\/em>Team erreichen die Kampagnen Ihre Kunden wirksam.<\/p>\n<h3>Die Schl\u00fcsselfaktoren zu Translinguo Global\u00ae<\/h3>\n<table style=\"width: 100%; border-collapse: collapse; border-style: hidden;\">\n<tbody>\n<tr>\n<td style=\"width: 33.3333%;\"><img decoding=\"async\" class=\"size-full wp-image-39909 aligncenter\" src=\"https:\/\/new.translinguoglobal.com\/wp-content\/uploads\/2022\/04\/comunidad.png\" alt=\"\" width=\"80\" height=\"80\" srcset=\"https:\/\/translinguoglobal.com\/wp-content\/uploads\/2022\/04\/comunidad.png 250w, https:\/\/translinguoglobal.com\/wp-content\/uploads\/2022\/04\/comunidad-150x150.png 150w\" sizes=\"(max-width: 80px) 100vw, 80px\" \/><\/p>\n<p style=\"text-align: center;\">Schaffung und Verwaltung von <em> Online-<\/em>Gemeinschaften.<\/p>\n<\/td>\n<td style=\"width: 33.3333%;\"><img decoding=\"async\" class=\"size-full wp-image-39668 aligncenter\" src=\"https:\/\/new.translinguoglobal.com\/wp-content\/uploads\/2022\/04\/pagina-web.png\" alt=\"\" width=\"80\" height=\"80\" srcset=\"https:\/\/translinguoglobal.com\/wp-content\/uploads\/2022\/04\/pagina-web.png 250w, https:\/\/translinguoglobal.com\/wp-content\/uploads\/2022\/04\/pagina-web-150x150.png 150w\" sizes=\"(max-width: 80px) 100vw, 80px\" \/><\/p>\n<p style=\"text-align: center;\">SEO und SEM.<\/p>\n<\/td>\n<td style=\"width: 33.3333%;\"><img decoding=\"async\" class=\"size-medium wp-image-39592 aligncenter\" src=\"https:\/\/new.translinguoglobal.com\/wp-content\/uploads\/2022\/04\/estilo-300x300-1-300x300.png\" alt=\"\" width=\"80\" height=\"80\" srcset=\"https:\/\/translinguoglobal.com\/wp-content\/uploads\/2022\/04\/estilo-300x300-1.png 300w, https:\/\/translinguoglobal.com\/wp-content\/uploads\/2022\/04\/estilo-300x300-1-150x150.png 150w\" sizes=\"(max-width: 80px) 100vw, 80px\" \/><\/p>\n<p style=\"text-align: center;\">Sprachliche und kulturelle Anpassung.<\/p>\n<\/td>\n<\/tr>\n<tr>\n<td style=\"width: 33.3333%;\"><img loading=\"lazy\" decoding=\"async\" class=\"size-full wp-image-39775 aligncenter\" src=\"https:\/\/new.translinguoglobal.com\/wp-content\/uploads\/2022\/04\/identidad-corportiva.png\" alt=\"\" width=\"80\" height=\"80\" srcset=\"https:\/\/translinguoglobal.com\/wp-content\/uploads\/2022\/04\/identidad-corportiva.png 250w, https:\/\/translinguoglobal.com\/wp-content\/uploads\/2022\/04\/identidad-corportiva-150x150.png 150w\" sizes=\"(max-width: 80px) 100vw, 80px\" \/><\/p>\n<p style=\"text-align: center;\">Personalisierter Internationalisierungsplan.<\/p>\n<\/td>\n<td style=\"width: 33.3333%;\"><img loading=\"lazy\" decoding=\"async\" class=\"size-full wp-image-39871 aligncenter\" src=\"https:\/\/new.translinguoglobal.com\/wp-content\/uploads\/2022\/04\/ook.png\" alt=\"\" width=\"80\" height=\"80\" srcset=\"https:\/\/translinguoglobal.com\/wp-content\/uploads\/2022\/04\/ook.png 250w, https:\/\/translinguoglobal.com\/wp-content\/uploads\/2022\/04\/ook-150x150.png 150w\" sizes=\"(max-width: 80px) 100vw, 80px\" \/><\/p>\n<p style=\"text-align: center;\">Muttersprachliche \u00dcbersetzer.<\/p>\n<\/td>\n<td style=\"width: 33.3333%;\"><img loading=\"lazy\" decoding=\"async\" class=\"size-full wp-image-39740 aligncenter\" src=\"https:\/\/new.translinguoglobal.com\/wp-content\/uploads\/2022\/04\/ok.png\" alt=\"Motorisierung des Inhalts.\" width=\"80\" height=\"80\" srcset=\"https:\/\/translinguoglobal.com\/wp-content\/uploads\/2022\/04\/ok.png 250w, https:\/\/translinguoglobal.com\/wp-content\/uploads\/2022\/04\/ok-150x150.png 150w\" sizes=\"(max-width: 80px) 100vw, 80px\" \/><\/p>\n<p style=\"text-align: center;\">Kompetentes Kommunikations- und <em>Marketingteam<\/em>.<\/p>\n<\/td>\n<\/tr>\n<\/tbody>\n<\/table>\n<p>Wenn Sie Ihr Unternehmen auf eine internationale Ebene bringen wollen, kontaktieren Sie uns f\u00fcr einen internationalen <em>Marketingplan<\/em> und die besten Preise f\u00fcr beide Dienstleistungen.<\/p>\n<p>Wir bieten Ihnen die beste und individuellste Strategie f\u00fcr Ihr Unternehmen, Ihren Blog oder Ihre Website, damit Sie in den Suchmaschinen der anderen <em>sites<\/em> Autorit\u00e4t und Relevanz haben.<\/p>\n<h5><a href=\"https:\/\/translinguoglobal.com\/de\/mehrsprachiger-marketing-service\/\">Lernen Sie alle unsere Dienstleistungen im Bereich digitales <em>Marketing<\/em> kennen.<\/a><\/h5>\n<p>&nbsp;<\/p>\n<p>Besuchen Sie unsere Profile auf <a href=\"https:\/\/www.facebook.com\/translinguoglobal\" target=\"_blank\" rel=\"noopener\">Facebook<\/a>, <a href=\"https:\/\/www.instagram.com\/translinguoglobal\/\" target=\"_blank\" rel=\"noopener\">Instagram<\/a> und <a href=\"https:\/\/www.linkedin.com\/company\/agencia-de-traduccion-translinguo-global\/?originalSubdomain=es\" target=\"_blank\" rel=\"noopener\">Linkedin<\/a>.<\/p>\n","protected":false},"excerpt":{"rendered":"<p>Die Bedeutung des mehrsprachigen Marketings Eine der gr\u00f6\u00dften Herausforderungen vor denen viele Unternehmen heute stehen ist zweifelsohne eine gr\u00f6\u00dfere Pr\u00e4senz auf den internationalen M\u00e4rkten zu erreichen. Wir von Translinguo Global\u00ae wissen, dass dies nur mit der richtigen mehrsprachigen Marketingkampagne gelingen kann. Eine angemessene Sichtbarkeit und Relevanz auf anderen M\u00e4rkten ist mit einer Branding- und Marketingstrategie [&hellip;]<\/p>\n","protected":false},"author":3,"featured_media":39187,"parent":0,"menu_order":0,"comment_status":"closed","ping_status":"closed","template":"","meta":{"_crdt_document":"","inline_featured_image":false,"site-sidebar-layout":"default","site-content-layout":"default","ast-site-content-layout":"default","site-content-style":"default","site-sidebar-style":"default","ast-global-header-display":"","ast-banner-title-visibility":"","ast-main-header-display":"","ast-hfb-above-header-display":"","ast-hfb-below-header-display":"","ast-hfb-mobile-header-display":"","site-post-title":"","ast-breadcrumbs-content":"","ast-featured-img":"","footer-sml-layout":"","ast-disable-related-posts":"","theme-transparent-header-meta":"default","adv-header-id-meta":"","stick-header-meta":"","header-above-stick-meta":"","header-main-stick-meta":"","header-below-stick-meta":"","astra-migrate-meta-layouts":"set","ast-page-background-enabled":"default","ast-page-background-meta":{"desktop":{"background-color":"var(--ast-global-color-4)","background-image":"","background-repeat":"repeat","background-position":"center center","background-size":"auto","background-attachment":"scroll","background-type":"","background-media":"","overlay-type":"","overlay-color":"","overlay-opacity":"","overlay-gradient":""},"tablet":{"background-color":"","background-image":"","background-repeat":"repeat","background-position":"center center","background-size":"auto","background-attachment":"scroll","background-type":"","background-media":"","overlay-type":"","overlay-color":"","overlay-opacity":"","overlay-gradient":""},"mobile":{"background-color":"","background-image":"","background-repeat":"repeat","background-position":"center center","background-size":"auto","background-attachment":"scroll","background-type":"","background-media":"","overlay-type":"","overlay-color":"","overlay-opacity":"","overlay-gradient":""}},"ast-content-background-meta":{"desktop":{"background-color":"var(--ast-global-color-5)","background-image":"","background-repeat":"repeat","background-position":"center center","background-size":"auto","background-attachment":"scroll","background-type":"","background-media":"","overlay-type":"","overlay-color":"","overlay-opacity":"","overlay-gradient":""},"tablet":{"background-color":"var(--ast-global-color-5)","background-image":"","background-repeat":"repeat","background-position":"center center","background-size":"auto","background-attachment":"scroll","background-type":"","background-media":"","overlay-type":"","overlay-color":"","overlay-opacity":"","overlay-gradient":""},"mobile":{"background-color":"var(--ast-global-color-5)","background-image":"","background-repeat":"repeat","background-position":"center center","background-size":"auto","background-attachment":"scroll","background-type":"","background-media":"","overlay-type":"","overlay-color":"","overlay-opacity":"","overlay-gradient":""}},"footnotes":""},"class_list":["post-43602","page","type-page","status-publish","has-post-thumbnail","hentry"],"_links":{"self":[{"href":"https:\/\/translinguoglobal.com\/de\/wp-json\/wp\/v2\/pages\/43602","targetHints":{"allow":["GET"]}}],"collection":[{"href":"https:\/\/translinguoglobal.com\/de\/wp-json\/wp\/v2\/pages"}],"about":[{"href":"https:\/\/translinguoglobal.com\/de\/wp-json\/wp\/v2\/types\/page"}],"author":[{"embeddable":true,"href":"https:\/\/translinguoglobal.com\/de\/wp-json\/wp\/v2\/users\/3"}],"replies":[{"embeddable":true,"href":"https:\/\/translinguoglobal.com\/de\/wp-json\/wp\/v2\/comments?post=43602"}],"version-history":[{"count":1,"href":"https:\/\/translinguoglobal.com\/de\/wp-json\/wp\/v2\/pages\/43602\/revisions"}],"predecessor-version":[{"id":66990,"href":"https:\/\/translinguoglobal.com\/de\/wp-json\/wp\/v2\/pages\/43602\/revisions\/66990"}],"wp:featuredmedia":[{"embeddable":true,"href":"https:\/\/translinguoglobal.com\/de\/wp-json\/wp\/v2\/media\/39187"}],"wp:attachment":[{"href":"https:\/\/translinguoglobal.com\/de\/wp-json\/wp\/v2\/media?parent=43602"}],"curies":[{"name":"wp","href":"https:\/\/api.w.org\/{rel}","templated":true}]}}