{"id":43601,"date":"2022-05-05T15:39:40","date_gmt":"2022-05-05T15:39:40","guid":{"rendered":"https:\/\/translinguoglobal.com\/inhaltserstellung\/"},"modified":"2024-07-15T16:29:49","modified_gmt":"2024-07-15T14:29:49","slug":"inhaltserstellung","status":"publish","type":"page","link":"https:\/\/translinguoglobal.com\/de\/inhaltserstellung\/","title":{"rendered":"Inhaltserstellung"},"content":{"rendered":"<p>Die Inhaltserstellung ist eine der Schl\u00fcsselelemente f\u00fcr den Erfolg oder Misserfolg einer Website, da sie die Qualit\u00e4t und die Pr\u00e4zision die geboten wird, bestimmt. Kennen Sie aber auch den Wert und die Bedeutung von hervorragender Professionalit\u00e4t bei der Inhaltserstellung?<\/p>\n<h3>Haben Sie keine Angst vor dem Webcrawler von Google. Die Inhaltserstellung wird Ihnen helfen die Position Ihrer Website zu verbessern.<\/h3>\n<p>Au\u00dferdem sollten Sie wissen, dass Inhalte der &#8220;Treibstoff&#8221; der gro\u00dfen Google-Spider-Webmaschine sind. Aus diesem Grund ist eine optimale Nutzung der Inhalte \u00e4u\u00dferst wichtig. Dies sind die Schl\u00fcssel zur effektiven und zielgerichteten Inhaltserstellung:<\/p>\n<p>&nbsp;<\/p>\n<table style=\"width: 100%; border-collapse: collapse; border-style: hidden;\">\n<tbody>\n<tr>\n<td style=\"width: 25%;\"><img decoding=\"async\" class=\"size-full wp-image-39815 aligncenter\" src=\"https:\/\/new.translinguoglobal.com\/wp-content\/uploads\/2022\/04\/read.png\" alt=\"Interessant aus Sicht des Nutzers\" width=\"80\" height=\"80\" srcset=\"https:\/\/translinguoglobal.com\/wp-content\/uploads\/2022\/04\/read.png 250w, https:\/\/translinguoglobal.com\/wp-content\/uploads\/2022\/04\/read-150x150.png 150w\" sizes=\"(max-width: 80px) 100vw, 80px\" \/><\/p>\n<p style=\"text-align: center;\">Interessant aus Sicht des Nutzers.<\/p>\n<\/td>\n<td style=\"width: 25%;\"><img decoding=\"async\" class=\"size-full wp-image-39822 aligncenter\" src=\"https:\/\/new.translinguoglobal.com\/wp-content\/uploads\/2022\/04\/Interesante-desde-el-punto-de-vista-del-usuario.png\" alt=\"\" width=\"80\" height=\"80\" srcset=\"https:\/\/translinguoglobal.com\/wp-content\/uploads\/2022\/04\/Interesante-desde-el-punto-de-vista-del-usuario.png 250w, https:\/\/translinguoglobal.com\/wp-content\/uploads\/2022\/04\/Interesante-desde-el-punto-de-vista-del-usuario-150x150.png 150w\" sizes=\"(max-width: 80px) 100vw, 80px\" \/><\/p>\n<p style=\"text-align: center;\">Sie muss \u00fcbersichtlich und korrekt gestaltet sein.<\/p>\n<\/td>\n<td style=\"width: 25%;\"><img decoding=\"async\" class=\"size-full wp-image-39829 aligncenter\" src=\"https:\/\/new.translinguoglobal.com\/wp-content\/uploads\/2022\/04\/puzzle.png\" alt=\"Logisch, koh\u00e4rent und einheitlich\" width=\"80\" height=\"80\" srcset=\"https:\/\/translinguoglobal.com\/wp-content\/uploads\/2022\/04\/puzzle.png 250w, https:\/\/translinguoglobal.com\/wp-content\/uploads\/2022\/04\/puzzle-150x150.png 150w\" sizes=\"(max-width: 80px) 100vw, 80px\" \/><\/p>\n<p style=\"text-align: center;\">Logisch, koh\u00e4rent und einheitlich.<\/p>\n<\/td>\n<td style=\"width: 25%;\"><img loading=\"lazy\" decoding=\"async\" class=\"size-full wp-image-39843 aligncenter\" src=\"https:\/\/new.translinguoglobal.com\/wp-content\/uploads\/2022\/04\/iux-1-1.png\" alt=\"\" width=\"80\" height=\"80\" srcset=\"https:\/\/translinguoglobal.com\/wp-content\/uploads\/2022\/04\/iux-1-1.png 250w, https:\/\/translinguoglobal.com\/wp-content\/uploads\/2022\/04\/iux-1-1-150x150.png 150w\" sizes=\"(max-width: 80px) 100vw, 80px\" \/><\/p>\n<p style=\"text-align: center;\">Zug\u00e4nglichkeit f\u00fcr den Benutzer.<\/p>\n<\/td>\n<\/tr>\n<\/tbody>\n<\/table>\n<p>Gewinnen Sie Autorit\u00e4t und Ansehen durch hochwertige Inhalte. Andernfalls kann es dazu f\u00fchren, dass Ihre Website am Ende der Liste landet. Der zentrale Fokus von <a href=\"https:\/\/translinguoglobal.com\/de\/\"><strong>Translinguo Global\u00ae<\/strong><\/a> liegt auf <a href=\"https:\/\/translinguoglobal.com\/de\/suchmaschinen-ausrichtung-seo-sem\/\">Suchmaschinenoptimierung (SEO)<\/a>, Social-Media-Aktivit\u00e4ten (SMM), Unternehmensimage, Autorit\u00e4t und Reputation. Kurz gesagt, der Inhalt einer Website ist entscheidend, da er sich direkt auf die Zufriedenheit unserer Besucher auswirkt.<\/p>\n<blockquote><p>&#8220;Gute Inhalte sind gleich gute Ergebnisse&#8221;.<\/p><\/blockquote>\n<table style=\"width: 100%; border-collapse: collapse; border-style: hidden;\">\n<tbody>\n<tr>\n<td style=\"width: 25%;\"><img loading=\"lazy\" decoding=\"async\" class=\"size-full wp-image-39843 aligncenter\" src=\"https:\/\/new.translinguoglobal.com\/wp-content\/uploads\/2022\/04\/iux-1-1.png\" alt=\"\" width=\"80\" height=\"80\" srcset=\"https:\/\/translinguoglobal.com\/wp-content\/uploads\/2022\/04\/iux-1-1.png 250w, https:\/\/translinguoglobal.com\/wp-content\/uploads\/2022\/04\/iux-1-1-150x150.png 150w\" sizes=\"(max-width: 80px) 100vw, 80px\" \/><\/p>\n<p style=\"text-align: center;\">Benutzerfreundlichkeit<\/p>\n<\/td>\n<td style=\"width: 25%;\"><img loading=\"lazy\" decoding=\"async\" class=\"size-full wp-image-39767 aligncenter\" src=\"https:\/\/new.translinguoglobal.com\/wp-content\/uploads\/2022\/04\/seguridad.png\" alt=\"Erreichbarkeit\" width=\"80\" height=\"80\" srcset=\"https:\/\/translinguoglobal.com\/wp-content\/uploads\/2022\/04\/seguridad.png 250w, https:\/\/translinguoglobal.com\/wp-content\/uploads\/2022\/04\/seguridad-150x150.png 150w\" sizes=\"(max-width: 80px) 100vw, 80px\" \/><\/p>\n<p style=\"text-align: center;\">Erreichbarkeit<\/p>\n<\/td>\n<td style=\"width: 25%;\"><img loading=\"lazy\" decoding=\"async\" class=\"size-full wp-image-39775 aligncenter\" src=\"https:\/\/new.translinguoglobal.com\/wp-content\/uploads\/2022\/04\/identidad-corportiva.png\" alt=\"\" width=\"80\" height=\"80\" srcset=\"https:\/\/translinguoglobal.com\/wp-content\/uploads\/2022\/04\/identidad-corportiva.png 250w, https:\/\/translinguoglobal.com\/wp-content\/uploads\/2022\/04\/identidad-corportiva-150x150.png 150w\" sizes=\"(max-width: 80px) 100vw, 80px\" \/><\/p>\n<p style=\"text-align: center;\">Unternehmensidentit\u00e4t<\/p>\n<\/td>\n<td style=\"width: 25%;\"><img loading=\"lazy\" decoding=\"async\" class=\"size-full wp-image-39785 aligncenter\" src=\"https:\/\/new.translinguoglobal.com\/wp-content\/uploads\/2022\/04\/rates.png\" alt=\"Qualit\u00e4t.\" width=\"80\" height=\"80\" srcset=\"https:\/\/translinguoglobal.com\/wp-content\/uploads\/2022\/04\/rates.png 250w, https:\/\/translinguoglobal.com\/wp-content\/uploads\/2022\/04\/rates-150x150.png 150w\" sizes=\"(max-width: 80px) 100vw, 80px\" \/><\/p>\n<div class=\"elementor-element elementor-element-ebaf323 elementor-widget elementor-widget-text-editor\" data-id=\"ebaf323\" data-element_type=\"widget\" data-widget_type=\"text-editor.default\">\n<div class=\"elementor-widget-container\" style=\"text-align: center;\">Qualit\u00e4t<\/div>\n<\/div>\n<\/td>\n<\/tr>\n<\/tbody>\n<\/table>\n<p>Schlie\u00dflich wei\u00df unser Expertenteam, was ein gutes Content-Management-System sein muss:<\/p>\n<table style=\"width: 100%; border-collapse: collapse; border-style: hidden;\">\n<tbody>\n<tr>\n<td style=\"width: 33.3333%;\"><img loading=\"lazy\" decoding=\"async\" class=\"size-full wp-image-39864 aligncenter\" src=\"https:\/\/new.translinguoglobal.com\/wp-content\/uploads\/2022\/04\/idea.png\" alt=\"Schlie\u00dflich wei\u00df unser Expertenteam, dass ein gutes Content-Management-System sein muss:\" width=\"80\" height=\"80\" srcset=\"https:\/\/translinguoglobal.com\/wp-content\/uploads\/2022\/04\/idea.png 250w, https:\/\/translinguoglobal.com\/wp-content\/uploads\/2022\/04\/idea-150x150.png 150w\" sizes=\"(max-width: 80px) 100vw, 80px\" \/><\/p>\n<p style=\"text-align: center;\">Kreativ und entschlossen<\/p>\n<\/td>\n<td style=\"width: 33.3333%;\"><img loading=\"lazy\" decoding=\"async\" class=\"size-full wp-image-39871 aligncenter\" src=\"https:\/\/new.translinguoglobal.com\/wp-content\/uploads\/2022\/04\/ook.png\" alt=\"\" width=\"80\" height=\"80\" srcset=\"https:\/\/translinguoglobal.com\/wp-content\/uploads\/2022\/04\/ook.png 250w, https:\/\/translinguoglobal.com\/wp-content\/uploads\/2022\/04\/ook-150x150.png 150w\" sizes=\"(max-width: 80px) 100vw, 80px\" \/><\/p>\n<p style=\"text-align: center;\">Experte f\u00fcr das zu behandelnde Thema<\/p>\n<\/td>\n<td style=\"width: 33.3333%;\"><img loading=\"lazy\" decoding=\"async\" class=\"size-full wp-image-39878 aligncenter\" src=\"https:\/\/new.translinguoglobal.com\/wp-content\/uploads\/2022\/04\/objetivos.png\" alt=\"\" width=\"80\" height=\"80\" srcset=\"https:\/\/translinguoglobal.com\/wp-content\/uploads\/2022\/04\/objetivos.png 250w, https:\/\/translinguoglobal.com\/wp-content\/uploads\/2022\/04\/objetivos-150x150.png 150w\" sizes=\"(max-width: 80px) 100vw, 80px\" \/><\/p>\n<p style=\"text-align: center;\">Die Aufmerksamkeit des Lesers fesseln k\u00f6nnen<\/p>\n<\/td>\n<\/tr>\n<\/tbody>\n<\/table>\n<p>Deshalb sind unsere Fachleute interdisziplin\u00e4r und verf\u00fcgen \u00fcber umfassende Kenntnisse in den Bereichen Marketing, Technologie und Linguistik.<\/p>\n<p>Besuchen Sie unsere Profile auf <a href=\"https:\/\/www.facebook.com\/translinguoglobal\" target=\"_blank\" rel=\"noopener\">Facebook<\/a>, <a href=\"https:\/\/www.instagram.com\/translinguoglobal\/\" target=\"_blank\" rel=\"noopener\">Instagram<\/a> und <a href=\"https:\/\/www.linkedin.com\/company\/agencia-de-traduccion-translinguo-global\/?originalSubdomain=es\" target=\"_blank\" rel=\"noopener\">Linkedin<\/a>.<\/p>\n","protected":false},"excerpt":{"rendered":"<p>Die Inhaltserstellung ist eine der Schl\u00fcsselelemente f\u00fcr den Erfolg oder Misserfolg einer Website, da sie die Qualit\u00e4t und die Pr\u00e4zision die geboten wird, bestimmt. Kennen Sie aber auch den Wert und die Bedeutung von hervorragender Professionalit\u00e4t bei der Inhaltserstellung? Haben Sie keine Angst vor dem Webcrawler von Google. Die Inhaltserstellung wird Ihnen helfen die Position [&hellip;]<\/p>\n","protected":false},"author":3,"featured_media":39171,"parent":0,"menu_order":0,"comment_status":"closed","ping_status":"closed","template":"","meta":{"_crdt_document":"","inline_featured_image":false,"site-sidebar-layout":"default","site-content-layout":"default","ast-site-content-layout":"default","site-content-style":"default","site-sidebar-style":"default","ast-global-header-display":"","ast-banner-title-visibility":"","ast-main-header-display":"","ast-hfb-above-header-display":"","ast-hfb-below-header-display":"","ast-hfb-mobile-header-display":"","site-post-title":"","ast-breadcrumbs-content":"","ast-featured-img":"","footer-sml-layout":"","ast-disable-related-posts":"","theme-transparent-header-meta":"default","adv-header-id-meta":"","stick-header-meta":"","header-above-stick-meta":"","header-main-stick-meta":"","header-below-stick-meta":"","astra-migrate-meta-layouts":"set","ast-page-background-enabled":"default","ast-page-background-meta":{"desktop":{"background-color":"var(--ast-global-color-4)","background-image":"","background-repeat":"repeat","background-position":"center center","background-size":"auto","background-attachment":"scroll","background-type":"","background-media":"","overlay-type":"","overlay-color":"","overlay-opacity":"","overlay-gradient":""},"tablet":{"background-color":"","background-image":"","background-repeat":"repeat","background-position":"center center","background-size":"auto","background-attachment":"scroll","background-type":"","background-media":"","overlay-type":"","overlay-color":"","overlay-opacity":"","overlay-gradient":""},"mobile":{"background-color":"","background-image":"","background-repeat":"repeat","background-position":"center center","background-size":"auto","background-attachment":"scroll","background-type":"","background-media":"","overlay-type":"","overlay-color":"","overlay-opacity":"","overlay-gradient":""}},"ast-content-background-meta":{"desktop":{"background-color":"var(--ast-global-color-5)","background-image":"","background-repeat":"repeat","background-position":"center center","background-size":"auto","background-attachment":"scroll","background-type":"","background-media":"","overlay-type":"","overlay-color":"","overlay-opacity":"","overlay-gradient":""},"tablet":{"background-color":"var(--ast-global-color-5)","background-image":"","background-repeat":"repeat","background-position":"center center","background-size":"auto","background-attachment":"scroll","background-type":"","background-media":"","overlay-type":"","overlay-color":"","overlay-opacity":"","overlay-gradient":""},"mobile":{"background-color":"var(--ast-global-color-5)","background-image":"","background-repeat":"repeat","background-position":"center center","background-size":"auto","background-attachment":"scroll","background-type":"","background-media":"","overlay-type":"","overlay-color":"","overlay-opacity":"","overlay-gradient":""}},"footnotes":""},"class_list":["post-43601","page","type-page","status-publish","has-post-thumbnail","hentry"],"_links":{"self":[{"href":"https:\/\/translinguoglobal.com\/de\/wp-json\/wp\/v2\/pages\/43601","targetHints":{"allow":["GET"]}}],"collection":[{"href":"https:\/\/translinguoglobal.com\/de\/wp-json\/wp\/v2\/pages"}],"about":[{"href":"https:\/\/translinguoglobal.com\/de\/wp-json\/wp\/v2\/types\/page"}],"author":[{"embeddable":true,"href":"https:\/\/translinguoglobal.com\/de\/wp-json\/wp\/v2\/users\/3"}],"replies":[{"embeddable":true,"href":"https:\/\/translinguoglobal.com\/de\/wp-json\/wp\/v2\/comments?post=43601"}],"version-history":[{"count":2,"href":"https:\/\/translinguoglobal.com\/de\/wp-json\/wp\/v2\/pages\/43601\/revisions"}],"predecessor-version":[{"id":69162,"href":"https:\/\/translinguoglobal.com\/de\/wp-json\/wp\/v2\/pages\/43601\/revisions\/69162"}],"wp:featuredmedia":[{"embeddable":true,"href":"https:\/\/translinguoglobal.com\/de\/wp-json\/wp\/v2\/media\/39171"}],"wp:attachment":[{"href":"https:\/\/translinguoglobal.com\/de\/wp-json\/wp\/v2\/media?parent=43601"}],"curies":[{"name":"wp","href":"https:\/\/api.w.org\/{rel}","templated":true}]}}