{"id":43600,"date":"2022-05-05T15:39:17","date_gmt":"2022-05-05T15:39:17","guid":{"rendered":"https:\/\/translinguoglobal.com\/uebersetzung-von-lebenslaeufen\/"},"modified":"2022-07-15T07:40:02","modified_gmt":"2022-07-15T07:40:02","slug":"uebersetzung-von-lebenslaeufen","status":"publish","type":"page","link":"https:\/\/translinguoglobal.com\/de\/uebersetzung-von-lebenslaeufen\/","title":{"rendered":"\u00dcbersetzung von Lebensl\u00e4ufen"},"content":{"rendered":"<p>Die \u00dcbersetzung von Lebensl\u00e4ufen ist heutzutage sehr wichtig!<br \/>\nWenn Sie zu denjenigen geh\u00f6ren die ins Ausland gehen wollen um dort zu arbeiten, <strong>ist die \u00dcbersetzung Ihres Lebenslaufs unerl\u00e4sslich<\/strong>. Im Grunde genommen, weil es die einzige M\u00f6glichkeit ist diese erste Information richtig zu vermitteln. Das kann der Schl\u00fcsselfaktor daf\u00fcr sein, es durch die erste Phase der Bewerbung zu schaffen.<\/p>\n<p>Wir sind Experten f\u00fcr das professionelle Verfassen und \u00dcbersetzen von Lebensl\u00e4ufen und passen sie an die Lebenslaufformate jedes Landes an. <strong>Eine gute Lebenslauf\u00fcbersetzung kann entscheidend sein.<\/strong><\/p>\n<h4>Laut der Zeitschrift Forbes:<\/h4>\n<blockquote><p><span style=\"color: #000000;\"><em>Vergiss alles, was du zu wissen glaubst, und versuche, eine w\u00f6rtliche \u00dcbersetzung deiner Berufserfahrung zu vermeiden &#8211; du willst kein &#8220;spanglisches&#8221; Ergebnis, das zeigt, wie wenig Ahnung du von der Sprache hast.<\/em><\/span><\/p><\/blockquote>\n<h2>Wir helfen Ihnen bei der \u00dcbersetzung Ihres Lebenslaufs<\/h2>\n<p><img decoding=\"async\" class=\"alignnone size-full wp-image-39463\" src=\"https:\/\/translinguoglobal.com\/wp-content\/uploads\/2022\/04\/check-300x261-1.png\" alt=\"\" width=\"20\" height=\"20\"> Wir von <a href=\"https:\/\/translinguoglobal.com\/de\/\">Translinguo Global\u00ae<\/a> beraten Sie und bieten Ihnen die M\u00f6glichkeit Ihren Lebenslauf, Ihr Anschreiben, Ihr Motivationsschreiben oder andere Dokumente, die Ihnen helfen k\u00f6nnen die gew\u00fcnschte Stelle zu bekommen, zu \u00fcbersetzen. Sie k\u00f6nnen sich darauf verlassen, dass unsere Experten bei Ihrer n\u00e4chsten Stellensuche im Ausland einen guten Eindruck hinterlassen. Denken Sie nicht lange dar\u00fcber nach und schicken Sie uns Ihren Lebenslauf und Ihre Unterlagen, damit wir Sie entsprechend Ihren beruflichen Zielen beraten k\u00f6nnen.<\/p>\n<p style=\"text-align: center;\"><a href=\"\/?page_id=44486\"><button style=\"background: #9D0423E0;\">Schicken Sie uns Ihren Lebenslauf<\/button><\/a><\/p>\n<p>Besuchen Sie unsere Profile auf <a href=\"https:\/\/www.facebook.com\/translinguoglobal\" target=\"_blank\" rel=\"noopener\">Facebook<\/a>, <a href=\"https:\/\/www.instagram.com\/translinguoglobal\/\" target=\"_blank\" rel=\"noopener\">Instagram<\/a> und <a href=\"https:\/\/www.linkedin.com\/company\/agencia-de-traduccion-translinguo-global\/?originalSubdomain=es\" target=\"_blank\" rel=\"noopener\">Linkedin<\/a>.<\/p>\n","protected":false},"excerpt":{"rendered":"<p>Die \u00dcbersetzung von Lebensl\u00e4ufen ist heutzutage sehr wichtig! Wenn Sie zu denjenigen geh\u00f6ren die ins Ausland gehen wollen um dort zu arbeiten, ist die \u00dcbersetzung Ihres Lebenslaufs unerl\u00e4sslich. Im Grunde genommen, weil es die einzige M\u00f6glichkeit ist diese erste Information richtig zu vermitteln. Das kann der Schl\u00fcsselfaktor daf\u00fcr sein, es durch die erste Phase der [&hellip;]<\/p>\n","protected":false},"author":3,"featured_media":39624,"parent":0,"menu_order":0,"comment_status":"closed","ping_status":"closed","template":"","meta":{"_crdt_document":"","inline_featured_image":false,"site-sidebar-layout":"default","site-content-layout":"default","ast-site-content-layout":"default","site-content-style":"default","site-sidebar-style":"default","ast-global-header-display":"","ast-banner-title-visibility":"","ast-main-header-display":"","ast-hfb-above-header-display":"","ast-hfb-below-header-display":"","ast-hfb-mobile-header-display":"","site-post-title":"","ast-breadcrumbs-content":"","ast-featured-img":"","footer-sml-layout":"","ast-disable-related-posts":"","theme-transparent-header-meta":"default","adv-header-id-meta":"","stick-header-meta":"","header-above-stick-meta":"","header-main-stick-meta":"","header-below-stick-meta":"","astra-migrate-meta-layouts":"default","ast-page-background-enabled":"default","ast-page-background-meta":{"desktop":{"background-color":"var(--ast-global-color-4)","background-image":"","background-repeat":"repeat","background-position":"center center","background-size":"auto","background-attachment":"scroll","background-type":"","background-media":"","overlay-type":"","overlay-color":"","overlay-opacity":"","overlay-gradient":""},"tablet":{"background-color":"","background-image":"","background-repeat":"repeat","background-position":"center center","background-size":"auto","background-attachment":"scroll","background-type":"","background-media":"","overlay-type":"","overlay-color":"","overlay-opacity":"","overlay-gradient":""},"mobile":{"background-color":"","background-image":"","background-repeat":"repeat","background-position":"center center","background-size":"auto","background-attachment":"scroll","background-type":"","background-media":"","overlay-type":"","overlay-color":"","overlay-opacity":"","overlay-gradient":""}},"ast-content-background-meta":{"desktop":{"background-color":"var(--ast-global-color-5)","background-image":"","background-repeat":"repeat","background-position":"center center","background-size":"auto","background-attachment":"scroll","background-type":"","background-media":"","overlay-type":"","overlay-color":"","overlay-opacity":"","overlay-gradient":""},"tablet":{"background-color":"var(--ast-global-color-5)","background-image":"","background-repeat":"repeat","background-position":"center center","background-size":"auto","background-attachment":"scroll","background-type":"","background-media":"","overlay-type":"","overlay-color":"","overlay-opacity":"","overlay-gradient":""},"mobile":{"background-color":"var(--ast-global-color-5)","background-image":"","background-repeat":"repeat","background-position":"center center","background-size":"auto","background-attachment":"scroll","background-type":"","background-media":"","overlay-type":"","overlay-color":"","overlay-opacity":"","overlay-gradient":""}},"footnotes":""},"class_list":["post-43600","page","type-page","status-publish","has-post-thumbnail","hentry"],"_links":{"self":[{"href":"https:\/\/translinguoglobal.com\/de\/wp-json\/wp\/v2\/pages\/43600","targetHints":{"allow":["GET"]}}],"collection":[{"href":"https:\/\/translinguoglobal.com\/de\/wp-json\/wp\/v2\/pages"}],"about":[{"href":"https:\/\/translinguoglobal.com\/de\/wp-json\/wp\/v2\/types\/page"}],"author":[{"embeddable":true,"href":"https:\/\/translinguoglobal.com\/de\/wp-json\/wp\/v2\/users\/3"}],"replies":[{"embeddable":true,"href":"https:\/\/translinguoglobal.com\/de\/wp-json\/wp\/v2\/comments?post=43600"}],"version-history":[{"count":0,"href":"https:\/\/translinguoglobal.com\/de\/wp-json\/wp\/v2\/pages\/43600\/revisions"}],"wp:featuredmedia":[{"embeddable":true,"href":"https:\/\/translinguoglobal.com\/de\/wp-json\/wp\/v2\/media\/39624"}],"wp:attachment":[{"href":"https:\/\/translinguoglobal.com\/de\/wp-json\/wp\/v2\/media?parent=43600"}],"curies":[{"name":"wp","href":"https:\/\/api.w.org\/{rel}","templated":true}]}}