{"id":43598,"date":"2022-05-05T15:38:49","date_gmt":"2022-05-05T15:38:49","guid":{"rendered":"https:\/\/translinguoglobal.com\/fachuebersetzungsdienst\/"},"modified":"2022-07-15T07:29:45","modified_gmt":"2022-07-15T07:29:45","slug":"fachuebersetzungsdienst","status":"publish","type":"page","link":"https:\/\/translinguoglobal.com\/de\/fachuebersetzungsdienst\/","title":{"rendered":"Fach\u00fcbersetzungsdienst"},"content":{"rendered":"<p>Ein <strong>Fach\u00fcbersetzungsdienst<\/strong> ist ein Dienst, der sich mit einem spezifischen, hochtechnischen Thema befasst. Er befasst sich mit einem <strong>bestimmten Thema<\/strong> und verf\u00fcgt \u00fcber eine <strong>eigene Terminologie<\/strong>, die als Kommunikationsmittel zwischen Fachleuten auf dem Gebiet dient.<\/p>\n<table style=\"width: 100%; border-collapse: collapse; border-style: hidden;\" border=\"0\">\n<tbody>\n<tr>\n<td style=\"width: 25%;\"><img decoding=\"async\" class=\"size-full wp-image-39463 alignleft\" src=\"https:\/\/translinguoglobal.com\/wp-content\/uploads\/2022\/04\/check-300x261-1.png\" alt=\"\" width=\"20\" height=\"20\"> Medizin und Pharmazie.<\/td>\n<td style=\"width: 25%;\"><img decoding=\"async\" class=\"size-full wp-image-39463 alignleft\" src=\"https:\/\/translinguoglobal.com\/wp-content\/uploads\/2022\/04\/check-300x261-1.png\" alt=\"\" width=\"20\" height=\"20\"> Juristisch.<\/td>\n<td style=\"width: 25%;\"><img decoding=\"async\" class=\"size-full wp-image-39463 alignleft\" src=\"https:\/\/translinguoglobal.com\/wp-content\/uploads\/2022\/04\/check-300x261-1.png\" alt=\"\" width=\"20\" height=\"20\"> Finanzen.<\/td>\n<td style=\"width: 25%;\"><img decoding=\"async\" class=\"size-full wp-image-39463 alignleft\" src=\"https:\/\/translinguoglobal.com\/wp-content\/uploads\/2022\/04\/check-300x261-1.png\" alt=\"\" width=\"20\" height=\"20\"> Technik.<\/td>\n<\/tr>\n<tr>\n<td style=\"width: 25%;\"><img decoding=\"async\" class=\"size-full wp-image-39463 alignleft\" src=\"https:\/\/translinguoglobal.com\/wp-content\/uploads\/2022\/04\/check-300x261-1.png\" alt=\"\" width=\"20\" height=\"20\"> Wirtschaftlich.<\/td>\n<td style=\"width: 25%;\"><img decoding=\"async\" class=\"size-full wp-image-39463 alignleft\" src=\"https:\/\/translinguoglobal.com\/wp-content\/uploads\/2022\/04\/check-300x261-1.png\" alt=\"\" width=\"20\" height=\"20\">Audiovisuell.<\/td>\n<td style=\"width: 25%;\"><img decoding=\"async\" class=\"size-full wp-image-39463 alignleft\" src=\"https:\/\/translinguoglobal.com\/wp-content\/uploads\/2022\/04\/check-300x261-1.png\" alt=\"\" width=\"20\" height=\"20\"> Werbung.<\/td>\n<td style=\"width: 25%;\"><img decoding=\"async\" class=\"size-full wp-image-39463 alignleft\" src=\"https:\/\/translinguoglobal.com\/wp-content\/uploads\/2022\/04\/check-300x261-1.png\" alt=\"\" width=\"20\" height=\"20\"> Und viele mehr&#8230;<\/td>\n<\/tr>\n<\/tbody>\n<\/table>\n<p>Bei <a href=\"https:\/\/translinguoglobal.com\/de\/\">Translinguo Global<\/a> sind wir auf <a href=\"\/?page_id=43655\"><strong>professionelle \u00dcbersetzer<\/strong><\/a> angewiesen, damit eine Fach\u00fcbersetzung die Botschaft <strong>korrekt<\/strong> wiedergibt. Sie sind Experten auf dem Gebiet und verf\u00fcgen \u00fcber das notwendige Referenzmaterial, um sich bei der Durchf\u00fchrung der \u00dcbersetzung darauf zu beziehen.<\/p>\n<h3>Warum ist ein Fach\u00fcbersetzungsdienst wichtig?<\/h3>\n<p>Der <strong>Fach\u00fcbersetzungsdienst<\/strong> ist von gro\u00dfer Bedeutung, um ein gutes, genaues und zufriedenstellendes Ergebnis zu erzielen.<\/p>\n<h3>Was bieten wir an?<\/h3>\n<p>&nbsp;<\/p>\n<table style=\"width: 100%; border-collapse: collapse; border-style: hidden;\" border=\"0\">\n<tbody>\n<tr>\n<td style=\"width: 33.3333%;\"><img decoding=\"async\" class=\"size-medium wp-image-39529 aligncenter\" src=\"https:\/\/translinguoglobal.com\/wp-content\/uploads\/2022\/04\/traductor-300x300-1-300x300.png\" alt=\"\" width=\"80\" height=\"80\" srcset=\"https:\/\/translinguoglobal.com\/wp-content\/uploads\/2022\/04\/traductor-300x300-1.png 300w, https:\/\/translinguoglobal.com\/wp-content\/uploads\/2022\/04\/traductor-300x300-1-150x150.png 150w, https:\/\/translinguoglobal.com\/wp-content\/uploads\/2022\/04\/elementor\/thumbs\/traductor-300x300-1-pn94pt6m12zu5aefqtriokdvk7m0239xzp9ndfg2qw.png 100w\" sizes=\"(max-width: 80px) 100vw, 80px\" \/><\/p>\n<p style=\"text-align: center;\">Muttersprachliche und spezialisierte \u00dcbersetzer<\/p>\n<\/td>\n<td style=\"width: 33.3333%;\"><img decoding=\"async\" class=\"size-medium wp-image-39536 aligncenter\" src=\"https:\/\/translinguoglobal.com\/wp-content\/uploads\/2022\/04\/traductores-300x300-1-300x300.png\" alt=\"\" width=\"80\" height=\"80\" srcset=\"https:\/\/translinguoglobal.com\/wp-content\/uploads\/2022\/04\/traductores-300x300-1.png 300w, https:\/\/translinguoglobal.com\/wp-content\/uploads\/2022\/04\/traductores-300x300-1-150x150.png 150w, https:\/\/translinguoglobal.com\/wp-content\/uploads\/2022\/04\/elementor\/thumbs\/traductores-300x300-1-pn94t0srdpe3tbqhzpqmp97kmls5cv0xflidegonhk.png 100w\" sizes=\"(max-width: 80px) 100vw, 80px\" \/><\/p>\n<p style=\"text-align: center;\">Ein Experten-Team auf diesem Gebiet<\/p>\n<\/td>\n<td style=\"width: 33.3333%;\"><img loading=\"lazy\" decoding=\"async\" class=\"size-medium wp-image-39543 aligncenter\" src=\"https:\/\/translinguoglobal.com\/wp-content\/uploads\/2022\/04\/trato-cercano-300x300-1-300x300.png\" alt=\"\" width=\"80\" height=\"80\" srcset=\"https:\/\/translinguoglobal.com\/wp-content\/uploads\/2022\/04\/trato-cercano-300x300-1.png 300w, https:\/\/translinguoglobal.com\/wp-content\/uploads\/2022\/04\/trato-cercano-300x300-1-150x150.png 150w, https:\/\/translinguoglobal.com\/wp-content\/uploads\/2022\/04\/elementor\/thumbs\/trato-cercano-300x300-1-pn94v2466s6gyws03lfj3qpiynqs193zpoe8u1ny08.png 100w\" sizes=\"(max-width: 80px) 100vw, 80px\" \/><\/p>\n<p style=\"text-align: center;\">Direkter Kundenkontakt<\/p>\n<p>&nbsp;<\/td>\n<\/tr>\n<\/tbody>\n<\/table>\n<p>&nbsp;<\/p>\n<p>Besuchen Sie unsere Profile auf <a href=\"https:\/\/www.facebook.com\/translinguoglobal\" target=\"_blank\" rel=\"noopener\">Facebook<\/a>, <a href=\"https:\/\/www.instagram.com\/translinguoglobal\/\" target=\"_blank\" rel=\"noopener\">Instagram<\/a> und <a href=\"https:\/\/www.linkedin.com\/company\/agencia-de-traduccion-translinguo-global\/?originalSubdomain=es\" target=\"_blank\" rel=\"noopener\">Linkedin<\/a>.<\/p>\n","protected":false},"excerpt":{"rendered":"<p>Ein Fach\u00fcbersetzungsdienst ist ein Dienst, der sich mit einem spezifischen, hochtechnischen Thema befasst. Er befasst sich mit einem bestimmten Thema und verf\u00fcgt \u00fcber eine eigene Terminologie, die als Kommunikationsmittel zwischen Fachleuten auf dem Gebiet dient. Medizin und Pharmazie. Juristisch. Finanzen. Technik. Wirtschaftlich. Audiovisuell. Werbung. Und viele mehr&#8230; Bei Translinguo Global sind wir auf professionelle \u00dcbersetzer [&hellip;]<\/p>\n","protected":false},"author":3,"featured_media":39511,"parent":0,"menu_order":0,"comment_status":"closed","ping_status":"closed","template":"","meta":{"_crdt_document":"","inline_featured_image":false,"site-sidebar-layout":"no-sidebar","site-content-layout":"page-builder","ast-site-content-layout":"full-width-container","site-content-style":"default","site-sidebar-style":"default","ast-global-header-display":"","ast-banner-title-visibility":"","ast-main-header-display":"","ast-hfb-above-header-display":"","ast-hfb-below-header-display":"","ast-hfb-mobile-header-display":"","site-post-title":"disabled","ast-breadcrumbs-content":"","ast-featured-img":"disabled","footer-sml-layout":"","ast-disable-related-posts":"","theme-transparent-header-meta":"default","adv-header-id-meta":"","stick-header-meta":"","header-above-stick-meta":"","header-main-stick-meta":"","header-below-stick-meta":"","astra-migrate-meta-layouts":"default","ast-page-background-enabled":"default","ast-page-background-meta":{"desktop":{"background-color":"var(--ast-global-color-4)","background-image":"","background-repeat":"repeat","background-position":"center center","background-size":"auto","background-attachment":"scroll","background-type":"","background-media":"","overlay-type":"","overlay-color":"","overlay-opacity":"","overlay-gradient":""},"tablet":{"background-color":"","background-image":"","background-repeat":"repeat","background-position":"center center","background-size":"auto","background-attachment":"scroll","background-type":"","background-media":"","overlay-type":"","overlay-color":"","overlay-opacity":"","overlay-gradient":""},"mobile":{"background-color":"","background-image":"","background-repeat":"repeat","background-position":"center center","background-size":"auto","background-attachment":"scroll","background-type":"","background-media":"","overlay-type":"","overlay-color":"","overlay-opacity":"","overlay-gradient":""}},"ast-content-background-meta":{"desktop":{"background-color":"var(--ast-global-color-5)","background-image":"","background-repeat":"repeat","background-position":"center center","background-size":"auto","background-attachment":"scroll","background-type":"","background-media":"","overlay-type":"","overlay-color":"","overlay-opacity":"","overlay-gradient":""},"tablet":{"background-color":"var(--ast-global-color-5)","background-image":"","background-repeat":"repeat","background-position":"center center","background-size":"auto","background-attachment":"scroll","background-type":"","background-media":"","overlay-type":"","overlay-color":"","overlay-opacity":"","overlay-gradient":""},"mobile":{"background-color":"var(--ast-global-color-5)","background-image":"","background-repeat":"repeat","background-position":"center center","background-size":"auto","background-attachment":"scroll","background-type":"","background-media":"","overlay-type":"","overlay-color":"","overlay-opacity":"","overlay-gradient":""}},"footnotes":""},"class_list":["post-43598","page","type-page","status-publish","has-post-thumbnail","hentry"],"_links":{"self":[{"href":"https:\/\/translinguoglobal.com\/de\/wp-json\/wp\/v2\/pages\/43598","targetHints":{"allow":["GET"]}}],"collection":[{"href":"https:\/\/translinguoglobal.com\/de\/wp-json\/wp\/v2\/pages"}],"about":[{"href":"https:\/\/translinguoglobal.com\/de\/wp-json\/wp\/v2\/types\/page"}],"author":[{"embeddable":true,"href":"https:\/\/translinguoglobal.com\/de\/wp-json\/wp\/v2\/users\/3"}],"replies":[{"embeddable":true,"href":"https:\/\/translinguoglobal.com\/de\/wp-json\/wp\/v2\/comments?post=43598"}],"version-history":[{"count":0,"href":"https:\/\/translinguoglobal.com\/de\/wp-json\/wp\/v2\/pages\/43598\/revisions"}],"wp:featuredmedia":[{"embeddable":true,"href":"https:\/\/translinguoglobal.com\/de\/wp-json\/wp\/v2\/media\/39511"}],"wp:attachment":[{"href":"https:\/\/translinguoglobal.com\/de\/wp-json\/wp\/v2\/media?parent=43598"}],"curies":[{"name":"wp","href":"https:\/\/api.w.org\/{rel}","templated":true}]}}