{"id":43597,"date":"2022-05-05T15:36:21","date_gmt":"2022-05-05T15:36:21","guid":{"rendered":"https:\/\/translinguoglobal.com\/lokalisierungsdienst-fuer-webseiten\/"},"modified":"2022-07-22T09:06:33","modified_gmt":"2022-07-22T09:06:33","slug":"lokalisierungsdienst-fuer-webseiten","status":"publish","type":"page","link":"https:\/\/translinguoglobal.com\/de\/lokalisierungsdienst-fuer-webseiten\/","title":{"rendered":"Lokalisierung von Websites"},"content":{"rendered":"<p>Die Lokalisierung von Websites ist die \u00dcbersetzung von Inhalten durch Anpassung an die Kultur des Zielpublikums. Kurz gesagt, wir konzentrieren uns darauf dieselbe urspr\u00fcngliche Absicht (Verkauf, Kundenbindung, Gesch\u00e4ftsausweitung usw.) zu \u00fcbersetzen und zu vermitteln. Mit anderen Worten: Die Botschaft wird \u00fcbersetzt, aber die Absicht wird lokalisiert &#8211; macht das Sinn f\u00fcr Sie?<\/p>\n<p>Es handelt sich um einen aufw\u00e4ndigeren Prozess, da sich das<em>\u00a0Research<\/em>\u00a0nicht nur auf den terminologischen Aspekt beschr\u00e4nkt, sondern wir mit Hilfe unseres\u00a0<em>Marketingteams<\/em>\u00a0eine perfekte \u00dcbersetzung mit einem bestimmten Ziel anfertigen k\u00f6nnen: Die Wirkung des Ausgangstextes auf das Zielpublikum wiederherzustellen, wobei die Unterschiede zwischen den verschiedenen M\u00e4rkten ber\u00fccksichtigt werden.<\/p>\n<p>Gro\u00dfe Unternehmen wie Coca-Cola, <a href=\"https:\/\/es.wikipedia.org\/wiki\/Microsoft\" target=\"_blank\" rel=\"noopener\">Microsoft<\/a> oder McDonald&#8217;s waren Vorreiter bei der Webseiten-Lokalisierung, weil sie erkannten, dass eine \u00dcbersetzung ohne Lokalisierung nicht die gleiche Reichweite hat.<\/p>\n<h3 style=\"text-align: left;\"><strong>M\u00f6chten Sie, dass Ihr Unternehmen zur Seele Ihrer Kunden spricht und sich mit Ihnen verbindet?<\/strong><\/h3>\n<p>Es ist an der Zeit Ihrem Unternehmen den Flair der gro\u00dfen Marken zu verleihen und die F\u00fchrung in Ihrem Sektor zu \u00fcbernehmen.\u00a0Bei der Lokalisierung einer Website geht es nicht nur um die \u00dcbersetzung des Inhalts der Datei, sondern auch um die \u00c4nderung der Funktionalit\u00e4ten oder Elemente der Website selbst, wobei die Sprache und das Zielland des Produkts ber\u00fccksichtigt werden.<\/p>\n<h3>Schl\u00fcssel zur Lokalisierung von Websites<\/h3>\n<p>&nbsp;<\/p>\n<table style=\"height: 18px; width: 100%; border-collapse: collapse; border-style: hidden;\">\n<tbody>\n<tr style=\"height: 18px;\">\n<td style=\"width: 25%; height: 18px;\"><img decoding=\"async\" class=\"size-full wp-image-39463 alignleft\" src=\"https:\/\/translinguoglobal.com\/wp-content\/uploads\/2022\/04\/check-300x261-1.png\" alt=\"\" width=\"20\" height=\"20\"> Kulturelle und sprachliche Aspekte.<\/td>\n<td style=\"width: 25%; height: 18px; text-align: left;\"><img decoding=\"async\" class=\"size-full wp-image-39463 alignleft\" src=\"https:\/\/translinguoglobal.com\/wp-content\/uploads\/2022\/04\/check-300x261-1.png\" alt=\"\" width=\"20\" height=\"20\"> Textanpassung.<\/td>\n<td style=\"width: 25%; height: 18px; text-align: left;\"><img decoding=\"async\" class=\"size-full wp-image-39463 alignleft\" src=\"https:\/\/translinguoglobal.com\/wp-content\/uploads\/2022\/04\/check-300x261-1.png\" alt=\"\" width=\"20\" height=\"20\"> Eingehende Analyse des Produkts.<\/td>\n<td style=\"width: 25%; height: 18px; text-align: left;\"><img decoding=\"async\" class=\"size-full wp-image-39463\" src=\"https:\/\/translinguoglobal.com\/wp-content\/uploads\/2022\/04\/check-300x261-1.png\" alt=\"\" width=\"20\" height=\"20\"> Sprachliche, soziokulturelle und sogar rechtlich-politische Aspekte.<\/td>\n<\/tr>\n<\/tbody>\n<\/table>\n<p>Eine gute Beratung bei der Wahl von Worten, Bildern oder Ideen kann Ihnen dabei helfen die Herzen der potenziellen Kunden zu erreichen.<\/p>\n<p>Schicken Sie uns die zu \u00fcbersetzende <a href=\"\/?page_id=43605\">Werbekampagne<\/a> und Promotion. Wir beraten Sie gerne und zeigen Ihnen verschiedene M\u00f6glichkeiten auf, wie Sie Ihre Botschaft in anderen L\u00e4ndern und Territorien lokalisieren k\u00f6nnen.<\/p>\n<p>Wir garantieren Ihnen immer das beste Ergebnis, mit dem Sie vollkommen zufrieden sein werden.<\/p>\n<p>Besuchen Sie unsere Profile auf <a href=\"https:\/\/www.facebook.com\/translinguoglobal\" target=\"_blank\" rel=\"noopener\">Facebook<\/a>, <a href=\"https:\/\/www.instagram.com\/translinguoglobal\/\" target=\"_blank\" rel=\"noopener\">Instagram<\/a> und <a href=\"https:\/\/www.linkedin.com\/company\/agencia-de-traduccion-translinguo-global\/?originalSubdomain=es\" target=\"_blank\" rel=\"noopener\">Linkedin<\/a>.<\/p>\n","protected":false},"excerpt":{"rendered":"<p>Die Lokalisierung von Websites ist die \u00dcbersetzung von Inhalten durch Anpassung an die Kultur des Zielpublikums. Kurz gesagt, wir konzentrieren uns darauf dieselbe urspr\u00fcngliche Absicht (Verkauf, Kundenbindung, Gesch\u00e4ftsausweitung usw.) zu \u00fcbersetzen und zu vermitteln. Mit anderen Worten: Die Botschaft wird \u00fcbersetzt, aber die Absicht wird lokalisiert &#8211; macht das Sinn f\u00fcr Sie? Es handelt sich [&hellip;]<\/p>\n","protected":false},"author":3,"featured_media":38921,"parent":0,"menu_order":0,"comment_status":"closed","ping_status":"closed","template":"","meta":{"_crdt_document":"","inline_featured_image":false,"site-sidebar-layout":"no-sidebar","site-content-layout":"page-builder","ast-site-content-layout":"full-width-container","site-content-style":"default","site-sidebar-style":"default","ast-global-header-display":"","ast-banner-title-visibility":"","ast-main-header-display":"","ast-hfb-above-header-display":"","ast-hfb-below-header-display":"","ast-hfb-mobile-header-display":"","site-post-title":"disabled","ast-breadcrumbs-content":"","ast-featured-img":"disabled","footer-sml-layout":"","ast-disable-related-posts":"","theme-transparent-header-meta":"default","adv-header-id-meta":"","stick-header-meta":"","header-above-stick-meta":"","header-main-stick-meta":"","header-below-stick-meta":"","astra-migrate-meta-layouts":"default","ast-page-background-enabled":"default","ast-page-background-meta":{"desktop":{"background-color":"var(--ast-global-color-4)","background-image":"","background-repeat":"repeat","background-position":"center center","background-size":"auto","background-attachment":"scroll","background-type":"","background-media":"","overlay-type":"","overlay-color":"","overlay-opacity":"","overlay-gradient":""},"tablet":{"background-color":"","background-image":"","background-repeat":"repeat","background-position":"center center","background-size":"auto","background-attachment":"scroll","background-type":"","background-media":"","overlay-type":"","overlay-color":"","overlay-opacity":"","overlay-gradient":""},"mobile":{"background-color":"","background-image":"","background-repeat":"repeat","background-position":"center center","background-size":"auto","background-attachment":"scroll","background-type":"","background-media":"","overlay-type":"","overlay-color":"","overlay-opacity":"","overlay-gradient":""}},"ast-content-background-meta":{"desktop":{"background-color":"var(--ast-global-color-5)","background-image":"","background-repeat":"repeat","background-position":"center center","background-size":"auto","background-attachment":"scroll","background-type":"","background-media":"","overlay-type":"","overlay-color":"","overlay-opacity":"","overlay-gradient":""},"tablet":{"background-color":"var(--ast-global-color-5)","background-image":"","background-repeat":"repeat","background-position":"center center","background-size":"auto","background-attachment":"scroll","background-type":"","background-media":"","overlay-type":"","overlay-color":"","overlay-opacity":"","overlay-gradient":""},"mobile":{"background-color":"var(--ast-global-color-5)","background-image":"","background-repeat":"repeat","background-position":"center center","background-size":"auto","background-attachment":"scroll","background-type":"","background-media":"","overlay-type":"","overlay-color":"","overlay-opacity":"","overlay-gradient":""}},"footnotes":""},"class_list":["post-43597","page","type-page","status-publish","has-post-thumbnail","hentry"],"_links":{"self":[{"href":"https:\/\/translinguoglobal.com\/de\/wp-json\/wp\/v2\/pages\/43597","targetHints":{"allow":["GET"]}}],"collection":[{"href":"https:\/\/translinguoglobal.com\/de\/wp-json\/wp\/v2\/pages"}],"about":[{"href":"https:\/\/translinguoglobal.com\/de\/wp-json\/wp\/v2\/types\/page"}],"author":[{"embeddable":true,"href":"https:\/\/translinguoglobal.com\/de\/wp-json\/wp\/v2\/users\/3"}],"replies":[{"embeddable":true,"href":"https:\/\/translinguoglobal.com\/de\/wp-json\/wp\/v2\/comments?post=43597"}],"version-history":[{"count":0,"href":"https:\/\/translinguoglobal.com\/de\/wp-json\/wp\/v2\/pages\/43597\/revisions"}],"wp:featuredmedia":[{"embeddable":true,"href":"https:\/\/translinguoglobal.com\/de\/wp-json\/wp\/v2\/media\/38921"}],"wp:attachment":[{"href":"https:\/\/translinguoglobal.com\/de\/wp-json\/wp\/v2\/media?parent=43597"}],"curies":[{"name":"wp","href":"https:\/\/api.w.org\/{rel}","templated":true}]}}