{"id":43596,"date":"2022-05-05T15:35:02","date_gmt":"2022-05-05T15:35:02","guid":{"rendered":"https:\/\/translinguoglobal.com\/allgemeiner-uebersetzungsdienst\/"},"modified":"2022-07-15T07:27:24","modified_gmt":"2022-07-15T07:27:24","slug":"allgemeiner-uebersetzungsdienst","status":"publish","type":"page","link":"https:\/\/translinguoglobal.com\/de\/allgemeiner-uebersetzungsdienst\/","title":{"rendered":"Allgemeine \u00dcbersetzung"},"content":{"rendered":"<p>Wir wissen, dass sich die \u00dcbersetzung gekommen ist um zu bleiben. Deshalb vertrauen uns Unternehmen und Privatpersonen alles an, von einfachen Texten, journalistischen Artikeln, Webinhalten bis hin zu Bachelor- und Masterarbeiten.<\/p>\n<h3>Was ist eine allgemeine \u00dcbersetzung?<\/h3>\n<p>Dieser Begriff bezieht sich auf die \u00dcbersetzung von Nicht-Fachtexten. Sie sind daher weder technisch noch terminologisch kompliziert oder schwierig.<br \/>\nSolche Texte richten sich an ein nicht fachkundiges Publikum, daher sollte die Sprache klar und nat\u00fcrlich sein und Fachjargon vermieden werden.<br \/>\nObwohl es sich um einfache Texte handelt,\u00a0<strong>ist der Prozess der Dokumentation und kulturellen Anpassung\u00a0<\/strong><strong>bei <a href=\"https:\/\/translinguoglobal.com\/de\/\">Translinguo Global\u00ae <\/a><\/strong>\u00a0<strong>genauso gr\u00fcndlich<\/strong>\u00a0wie bei einem Fachtext.<\/p>\n<h3>Um welche Art von Texten handelt es sich?<\/h3>\n<p><strong><img decoding=\"async\" class=\"alignleft\" src=\"https:\/\/translinguoglobal.com\/wp-content\/uploads\/2019\/09\/ortografia-300x300.png\" alt=\"traducci\u00f3n general\" width=\"95\" height=\"95\" \/>Einige Beispiele f\u00fcr allgemeine Texte<\/strong> sind: journalistische Texte, Werbetexte, Briefe und E-Mails, Texte \u00fcber Tourismus und Gastronomie, Informationen \u00fcber Kunst und Kultur, Lebensl\u00e4ufe, Bewerbungsschreiben, Empfehlungsschreiben usw.<\/p>\n<p>&nbsp;<\/p>\n<p>Besuchen Sie unsere Profile auf <a href=\"https:\/\/www.facebook.com\/translinguoglobal\" target=\"_blank\" rel=\"noopener\">Facebook<\/a>, <a href=\"https:\/\/www.instagram.com\/translinguoglobal\/\" target=\"_blank\" rel=\"noopener\">Instagram<\/a> und <a href=\"https:\/\/www.linkedin.com\/company\/agencia-de-traduccion-translinguo-global\/?originalSubdomain=es\" target=\"_blank\" rel=\"noopener\">Linkedin<\/a>.<\/p>\n<p>&nbsp;<\/p>\n","protected":false},"excerpt":{"rendered":"<p>Die allgemeine \u00dcbersetzung basiert auf der \u00dcbersetzung allgemeiner Texte, die aufgrund ihrer Eigenschaften der allgemeinen Sprache unterliegen.<\/p>\n","protected":false},"author":3,"featured_media":59934,"parent":0,"menu_order":0,"comment_status":"closed","ping_status":"closed","template":"","meta":{"_crdt_document":"","inline_featured_image":false,"site-sidebar-layout":"no-sidebar","site-content-layout":"page-builder","ast-site-content-layout":"default","site-content-style":"default","site-sidebar-style":"default","ast-global-header-display":"","ast-banner-title-visibility":"","ast-main-header-display":"","ast-hfb-above-header-display":"","ast-hfb-below-header-display":"","ast-hfb-mobile-header-display":"","site-post-title":"disabled","ast-breadcrumbs-content":"","ast-featured-img":"disabled","footer-sml-layout":"","ast-disable-related-posts":"","theme-transparent-header-meta":"default","adv-header-id-meta":"","stick-header-meta":"","header-above-stick-meta":"","header-main-stick-meta":"","header-below-stick-meta":"","astra-migrate-meta-layouts":"default","ast-page-background-enabled":"default","ast-page-background-meta":{"desktop":{"background-color":"var(--ast-global-color-4)","background-image":"","background-repeat":"repeat","background-position":"center center","background-size":"auto","background-attachment":"scroll","background-type":"","background-media":"","overlay-type":"","overlay-color":"","overlay-opacity":"","overlay-gradient":""},"tablet":{"background-color":"","background-image":"","background-repeat":"repeat","background-position":"center center","background-size":"auto","background-attachment":"scroll","background-type":"","background-media":"","overlay-type":"","overlay-color":"","overlay-opacity":"","overlay-gradient":""},"mobile":{"background-color":"","background-image":"","background-repeat":"repeat","background-position":"center center","background-size":"auto","background-attachment":"scroll","background-type":"","background-media":"","overlay-type":"","overlay-color":"","overlay-opacity":"","overlay-gradient":""}},"ast-content-background-meta":{"desktop":{"background-color":"var(--ast-global-color-5)","background-image":"","background-repeat":"repeat","background-position":"center center","background-size":"auto","background-attachment":"scroll","background-type":"","background-media":"","overlay-type":"","overlay-color":"","overlay-opacity":"","overlay-gradient":""},"tablet":{"background-color":"var(--ast-global-color-5)","background-image":"","background-repeat":"repeat","background-position":"center center","background-size":"auto","background-attachment":"scroll","background-type":"","background-media":"","overlay-type":"","overlay-color":"","overlay-opacity":"","overlay-gradient":""},"mobile":{"background-color":"var(--ast-global-color-5)","background-image":"","background-repeat":"repeat","background-position":"center center","background-size":"auto","background-attachment":"scroll","background-type":"","background-media":"","overlay-type":"","overlay-color":"","overlay-opacity":"","overlay-gradient":""}},"footnotes":""},"class_list":["post-43596","page","type-page","status-publish","has-post-thumbnail","hentry"],"_links":{"self":[{"href":"https:\/\/translinguoglobal.com\/de\/wp-json\/wp\/v2\/pages\/43596","targetHints":{"allow":["GET"]}}],"collection":[{"href":"https:\/\/translinguoglobal.com\/de\/wp-json\/wp\/v2\/pages"}],"about":[{"href":"https:\/\/translinguoglobal.com\/de\/wp-json\/wp\/v2\/types\/page"}],"author":[{"embeddable":true,"href":"https:\/\/translinguoglobal.com\/de\/wp-json\/wp\/v2\/users\/3"}],"replies":[{"embeddable":true,"href":"https:\/\/translinguoglobal.com\/de\/wp-json\/wp\/v2\/comments?post=43596"}],"version-history":[{"count":0,"href":"https:\/\/translinguoglobal.com\/de\/wp-json\/wp\/v2\/pages\/43596\/revisions"}],"wp:featuredmedia":[{"embeddable":true,"href":"https:\/\/translinguoglobal.com\/de\/wp-json\/wp\/v2\/media\/59934"}],"wp:attachment":[{"href":"https:\/\/translinguoglobal.com\/de\/wp-json\/wp\/v2\/media?parent=43596"}],"curies":[{"name":"wp","href":"https:\/\/api.w.org\/{rel}","templated":true}]}}